{"id":26,"date":"2017-01-12T19:04:05","date_gmt":"2017-01-12T19:04:05","guid":{"rendered":"http:\/\/iturnos.com.ar\/prestadores\/vanisalisados\/?page_id=26"},"modified":"2017-01-19T21:10:45","modified_gmt":"2017-01-19T21:10:45","slug":"inicio","status":"publish","type":"page","link":"https:\/\/iturnos.com.ar\/prestadores\/vanisalisados\/","title":{"rendered":"Inicio"},"content":{"rendered":"<p><strong>CUIDADO PARA TU PELO<\/strong><\/p>\n<p>D\u00edas y horarios de atenci\u00f3n:<\/p>\n<ul>\n<li>Lunes, a\u00a0S\u00e1bados de\u00a009 a 18 hs<\/li>\n<\/ul>\n<p><strong>PESTA\u00d1AS Y BELLEZA DE MANOS Y PIES<\/strong><\/p>\n<p>D\u00edas y horarios de atenci\u00f3n:<\/p>\n<ul>\n<li>Lunes, Martes, Jueves y S\u00e1bados de 09 a\u00a018 hs<\/li>\n<\/ul>\n<p>&nbsp;<\/p>\n<p>&nbsp;<\/p>\n","protected":false},"excerpt":{"rendered":"<p>CUIDADO PARA TU PELO D\u00edas y horarios de atenci\u00f3n: Lunes, a\u00a0S\u00e1bados de\u00a009 a 18 hs PESTA\u00d1AS Y BELLEZA DE MANOS Y PIES D\u00edas y horarios de atenci\u00f3n: Lunes, Martes, Jueves y S\u00e1bados de 09 a\u00a018 hs &nbsp; &nbsp;<\/p>\n","protected":false},"author":2,"featured_media":0,"parent":0,"menu_order":0,"comment_status":"closed","ping_status":"closed","template":"sidebar-page.php","meta":{"footnotes":""},"_links":{"self":[{"href":"https:\/\/iturnos.com.ar\/prestadores\/vanisalisados\/wp-json\/wp\/v2\/pages\/26"}],"collection":[{"href":"https:\/\/iturnos.com.ar\/prestadores\/vanisalisados\/wp-json\/wp\/v2\/pages"}],"about":[{"href":"https:\/\/iturnos.com.ar\/prestadores\/vanisalisados\/wp-json\/wp\/v2\/types\/page"}],"author":[{"embeddable":true,"href":"https:\/\/iturnos.com.ar\/prestadores\/vanisalisados\/wp-json\/wp\/v2\/users\/2"}],"replies":[{"embeddable":true,"href":"https:\/\/iturnos.com.ar\/prestadores\/vanisalisados\/wp-json\/wp\/v2\/comments?post=26"}],"version-history":[{"count":4,"href":"https:\/\/iturnos.com.ar\/prestadores\/vanisalisados\/wp-json\/wp\/v2\/pages\/26\/revisions"}],"predecessor-version":[{"id":40,"href":"https:\/\/iturnos.com.ar\/prestadores\/vanisalisados\/wp-json\/wp\/v2\/pages\/26\/revisions\/40"}],"wp:attachment":[{"href":"https:\/\/iturnos.com.ar\/prestadores\/vanisalisados\/wp-json\/wp\/v2\/media?parent=26"}],"curies":[{"name":"wp","href":"https:\/\/api.w.org\/{rel}","templated":true}]}}