{"id":2,"date":"2017-01-12T18:37:43","date_gmt":"2017-01-12T18:37:43","guid":{"rendered":"http:\/\/iturnos.com.ar\/prestadores\/vanisalisados\/?page_id=2"},"modified":"2017-01-16T15:02:49","modified_gmt":"2017-01-16T15:02:49","slug":"pagina-ejemplo","status":"publish","type":"page","link":"https:\/\/iturnos.com.ar\/prestadores\/vanisalisados\/pagina-ejemplo\/","title":{"rendered":"CUIDADO PARA TU PELO"},"content":{"rendered":"<ul>\n<li id=\"m_-5804872416784346381divtagdefaultwrapper\" dir=\"ltr\">Alisado<\/li>\n<li id=\"m_-5804872416784346381divtagdefaultwrapper\" dir=\"ltr\">Keratina<\/li>\n<li id=\"m_-5804872416784346381divtagdefaultwrapper\" dir=\"ltr\">Botox capilar<\/li>\n<li id=\"m_-5804872416784346381divtagdefaultwrapper\" dir=\"ltr\">Facilitador de peinado<\/li>\n<li id=\"m_-5804872416784346381divtagdefaultwrapper\" dir=\"ltr\">Keratina con refuerzo<\/li>\n<li id=\"m_-5804872416784346381divtagdefaultwrapper\" dir=\"ltr\">Anti frizz<\/li>\n<li id=\"m_-5804872416784346381divtagdefaultwrapper\" dir=\"ltr\">Plastificado Capilar<\/li>\n<li id=\"m_-5804872416784346381divtagdefaultwrapper\" dir=\"ltr\">Corte<\/li>\n<\/ul>\n<div>\n<p>\u00a0<strong>ALISADOS DEFINITIVO CON FORMOL<\/strong><\/p>\n<ul>\n<li>Duraci\u00f3n de 2 a 4 meses<\/li>\n<li>Alisa cualquier tipo de pelo, da brillo, suavidad, el pelo queda sedoso, liviano,con cero frizz<\/li>\n<li>Nutre, cierra puntas abiertas.<\/li>\n<li>No es necesario que uses planchita, solo con secador y aire caliente lo manejas perfectamente!!!<\/li>\n<li>Lavas a las 24 hs<\/li>\n<\/ul>\n<div><strong>QUE ES EL ANTI FRIZZ?<\/strong><\/div>\n<div>El anti frizz, para el cabello es un tratamiento que consigue devolverle a nuestro pelo su brillo natural.<\/div>\n<div>Se trata de una mezcla de vitaminas y prote\u00ednas , que ayudar\u00e1 a hidratar, suavizar y nutrir el pelo da\u00f1ado por la coloraci\u00f3n, el cloro o el calor.<\/div>\n<ul>\n<li>\u00a0No alisa, pero suaviza y eliminando el frizz!!<\/li>\n<li>el cabello queda visiblemente m\u00e1s sano!<\/li>\n<\/ul>\n<p>Un producto, como este, viene muy bien en personas con el pelo muy estropeado y debilitado, que necesitan una recuperaci\u00f3n de la estructura, pero que no quieren perder su volumen.<br \/>\nEst\u00e1 recomendado para todo tipo de cabellos, sobre todo para los tratados qu\u00edmicamente y los que tienen las puntas abiertas y es completamente personalizable.<\/p>\n<\/div>\n<div>Reduce el encrespamiento en los cabellos rizados, controla el volumen, da fuerza en los d\u00e9biles y facilita el peinado en el pelo liso.<\/div>\n<div>Los resultados son visibles al momento y tienen una duraci\u00f3n de dos meses aproximadamente. No requiere cuidados especiales, por lo que podr\u00e1s seguir usando tu shampoo habitual.<\/div>\n<div><\/div>\n<div><\/div>\n<div><strong>QUE ES EL BOTOX CAPILAR?<\/strong><\/div>\n<div><\/div>\n<div>El botox para el cabello es un tratamiento que consigue devolverle a nuestro pelo su brillo natural.<\/div>\n<div>Se trata de una mezcla de vitaminas y prote\u00ednas , que ayudar\u00e1 a hidratar, suavizar y nutrir el pelo da\u00f1ado por la coloraci\u00f3n, el cloro o el calor.Hablamos de un reponedor de masa, un \u201crelleno\u201d que devuelve la masa capilar al pelo.<\/div>\n<ul>\n<li>No alisa, pero suaviza y da cuerpo; el cabello queda visiblemente m\u00e1s sano!<\/li>\n<\/ul>\n<div>Un producto, como el b\u00f3tox, viene muy bien en personas con el pelo muy estropeado y debilitado, que necesitan una recuperaci\u00f3n de la estructura, pero que no quieren perder su volumen.<\/div>\n<ul>\n<li>Est\u00e1 recomendado para todo tipo de cabellos, sobre todo para los tratados qu\u00edmicamente y los que tienen las puntas abiertas y es completamente personalizable.<\/li>\n<\/ul>\n<p>Reduce el encrespamiento en los cabellos rizados, aporta volumen y fuerza en los d\u00e9biles y facilita el peinado en el pelo liso. Es decir, rejuvenece nuestra melena tal y como lo har\u00eda el b\u00f3tox con nuestra piel.<\/p>\n<div>Los resultados son visibles al momento y tienen una duraci\u00f3n de dos a tres meses aproximadamente. No requiere cuidados especiales, por lo que podr\u00e1s seguir usando tu shampoo habitual.<\/div>\n<p>&nbsp;<\/p>\n","protected":false},"excerpt":{"rendered":"<p>Alisado Keratina Botox capilar Facilitador de peinado Keratina con refuerzo Anti frizz Plastificado Capilar Corte \u00a0ALISADOS DEFINITIVO CON FORMOL Duraci\u00f3n de 2 a 4 meses Alisa cualquier tipo de pelo, da brillo, suavidad, el pelo queda sedoso, liviano,con cero frizz &hellip; <a href=\"https:\/\/iturnos.com.ar\/prestadores\/vanisalisados\/pagina-ejemplo\/\">Sigue leyendo <span class=\"meta-nav\">&rarr;<\/span><\/a><\/p>\n","protected":false},"author":3,"featured_media":0,"parent":0,"menu_order":0,"comment_status":"closed","ping_status":"closed","template":"sidebar-page.php","meta":{"footnotes":""},"_links":{"self":[{"href":"https:\/\/iturnos.com.ar\/prestadores\/vanisalisados\/wp-json\/wp\/v2\/pages\/2"}],"collection":[{"href":"https:\/\/iturnos.com.ar\/prestadores\/vanisalisados\/wp-json\/wp\/v2\/pages"}],"about":[{"href":"https:\/\/iturnos.com.ar\/prestadores\/vanisalisados\/wp-json\/wp\/v2\/types\/page"}],"author":[{"embeddable":true,"href":"https:\/\/iturnos.com.ar\/prestadores\/vanisalisados\/wp-json\/wp\/v2\/users\/3"}],"replies":[{"embeddable":true,"href":"https:\/\/iturnos.com.ar\/prestadores\/vanisalisados\/wp-json\/wp\/v2\/comments?post=2"}],"version-history":[{"count":6,"href":"https:\/\/iturnos.com.ar\/prestadores\/vanisalisados\/wp-json\/wp\/v2\/pages\/2\/revisions"}],"predecessor-version":[{"id":36,"href":"https:\/\/iturnos.com.ar\/prestadores\/vanisalisados\/wp-json\/wp\/v2\/pages\/2\/revisions\/36"}],"wp:attachment":[{"href":"https:\/\/iturnos.com.ar\/prestadores\/vanisalisados\/wp-json\/wp\/v2\/media?parent=2"}],"curies":[{"name":"wp","href":"https:\/\/api.w.org\/{rel}","templated":true}]}}