{"id":17,"date":"2017-01-12T18:54:30","date_gmt":"2017-01-12T18:54:30","guid":{"rendered":"http:\/\/iturnos.com.ar\/prestadores\/vanisalisados\/?page_id=17"},"modified":"2017-01-16T21:07:17","modified_gmt":"2017-01-16T21:07:17","slug":"pestanas-y-belleza-de-manos-y-pies","status":"publish","type":"page","link":"https:\/\/iturnos.com.ar\/prestadores\/vanisalisados\/pestanas-y-belleza-de-manos-y-pies\/","title":{"rendered":"PESTA\u00d1AS Y BELLEZA DE MANOS Y PIES"},"content":{"rendered":"<ul>\n<li>Volumen de pesta\u00f1a + perfilado de cejas,<\/li>\n<li>Extension de pesta\u00f1as pelo por pelo ( efecto Rimmel ) + perfilado de Cejas,<\/li>\n<li>Volumen ruso + Perfilado de Cejas,<\/li>\n<li>Depilacion bozo,<\/li>\n<li>Perfilado de Cejas<\/li>\n<li>Permanente de Pesta\u00f1a<\/li>\n<li>Permanente de Pesta\u00f1as + Tintura<\/li>\n<li>Belleza de Manos Tradicional con Esmaltado Comun<\/li>\n<li>Belleza de Pies + Esmaltado<\/li>\n<li>Esmaltado Semipermanente en Manos<\/li>\n<li>Esmaltado Semipermanente en Pies<\/li>\n<\/ul>\n<ol>\n<li>\n<hr \/>\n<p>Volumen de pesta\u00f1as: Extensiones pelo por pelo de largo y grosor, no es de gran tupido, es para crearle el marco a la mirada y poder darle el arco. Ideales para quienes tienes pelo fino y corto en sus pesta\u00f1a.<\/li>\n<li>Efecto rimmel: Extensiones pelo por pelo, vos eleg\u00eds el estilo largo corto, pesta\u00f1as tupidas. Quedan como si estuvieran maquilladas.<\/li>\n<li>\u00a0Volumen ruso o 3D: Extensiones pelo por pelo, pesta\u00f1as de seda de m\u00ednimo grosor, al ser mucho mas finas se pueden incluir mas pesta\u00f1as en la mirada. La aplicaci\u00f3n requiere mas tiempo que los dem\u00e1s vol\u00famenes.<\/li>\n<li>Mantenimiento: cada 25\/30 d\u00edas dependiendo de cada caso.<\/li>\n<\/ol>\n","protected":false},"excerpt":{"rendered":"<p>Volumen de pesta\u00f1a + perfilado de cejas, Extension de pesta\u00f1as pelo por pelo ( efecto Rimmel ) + perfilado de Cejas, Volumen ruso + Perfilado de Cejas, Depilacion bozo, Perfilado de Cejas Permanente de Pesta\u00f1a Permanente de Pesta\u00f1as + Tintura &hellip; <a href=\"https:\/\/iturnos.com.ar\/prestadores\/vanisalisados\/pestanas-y-belleza-de-manos-y-pies\/\">Sigue leyendo <span class=\"meta-nav\">&rarr;<\/span><\/a><\/p>\n","protected":false},"author":2,"featured_media":0,"parent":0,"menu_order":0,"comment_status":"closed","ping_status":"closed","template":"sidebar-page.php","meta":{"footnotes":""},"_links":{"self":[{"href":"https:\/\/iturnos.com.ar\/prestadores\/vanisalisados\/wp-json\/wp\/v2\/pages\/17"}],"collection":[{"href":"https:\/\/iturnos.com.ar\/prestadores\/vanisalisados\/wp-json\/wp\/v2\/pages"}],"about":[{"href":"https:\/\/iturnos.com.ar\/prestadores\/vanisalisados\/wp-json\/wp\/v2\/types\/page"}],"author":[{"embeddable":true,"href":"https:\/\/iturnos.com.ar\/prestadores\/vanisalisados\/wp-json\/wp\/v2\/users\/2"}],"replies":[{"embeddable":true,"href":"https:\/\/iturnos.com.ar\/prestadores\/vanisalisados\/wp-json\/wp\/v2\/comments?post=17"}],"version-history":[{"count":6,"href":"https:\/\/iturnos.com.ar\/prestadores\/vanisalisados\/wp-json\/wp\/v2\/pages\/17\/revisions"}],"predecessor-version":[{"id":35,"href":"https:\/\/iturnos.com.ar\/prestadores\/vanisalisados\/wp-json\/wp\/v2\/pages\/17\/revisions\/35"}],"wp:attachment":[{"href":"https:\/\/iturnos.com.ar\/prestadores\/vanisalisados\/wp-json\/wp\/v2\/media?parent=17"}],"curies":[{"name":"wp","href":"https:\/\/api.w.org\/{rel}","templated":true}]}}