{"id":20,"date":"2016-04-05T23:50:44","date_gmt":"2016-04-05T23:50:44","guid":{"rendered":"http:\/\/iturnos.com.ar\/prestadores\/stringadermatologia\/?page_id=20"},"modified":"2021-11-11T19:44:26","modified_gmt":"2021-11-11T19:44:26","slug":"dr-matias-stringa","status":"publish","type":"page","link":"https:\/\/iturnos.com.ar\/prestadores\/stringadermatologia\/dr-matias-stringa\/","title":{"rendered":"Dr Matias Stringa"},"content":{"rendered":"<p><strong><img loading=\"lazy\" decoding=\"async\" class=\"wp-image-133 size-full alignleft\" src=\"http:\/\/iturnos.com.ar\/prestadores\/stringadermatologia\/files\/2016\/04\/4matiasstringa.jpg\" alt=\"\" width=\"151\" height=\"182\" \/>TITULOS<\/strong><br \/>\nM\u00e9dico. Facultad de Medicina. Universidad de Buenos Aires. 2004<br \/>\nResidencia de Dermatolog\u00eda. Hospital Universitario Austral (HUA). 2005 &#8211; 2009.<br \/>\nEspecialista en Dermatolog\u00eda. HUA 2009. Acreditado por: La Sociedad Argentina de Dermatolog\u00eda (SAD), el Ministerio de Salud P\u00fablica de la Naci\u00f3n, y el Colegio de M\u00e9dicos de la Provincia de Buenos Aires.<br \/>\nDiplomado en Psoriasis. UCES &#8211; Sociedad Argentina de Dermatolog\u00eda, 2015-2016.<\/p>\n<p><strong>CARGOS HOSPITALARIOS Y EN LA ACTIVIDAD PROFESIONAL<\/strong><br \/>\nM\u00e9dico de planta del Servicio de Dermatolog\u00eda, Hospital Austral. 2010 a la fecha.<br \/>\nInstructor de Residentes de Dermatolog\u00eda, Hospital Austral. 2010 a 2016.<br \/>\nJefe de Residentes de Dermatolog\u00eda 2009, Hospital Austral.<br \/>\nInterconsultor de Dermatolog\u00eda en internaci\u00f3n Swiss Medical: Sanatorio Agote, Maternidad Suizo Argentina y Sanatorio Los Arcos. 2009- 2011.<\/p>\n<p><strong>ACTIVIDAD ACAD\u00c9MICA Y CONGRESOS DESTACADOS<\/strong><br \/>\nDermatitis At\u00f3pica experience: Discussions and real Practice. Icahn school of Medicine at Mount Sinai. Dr. Guttman &amp; Lebwohl. 21-23 Mayo 2019. New York, USA.<br \/>\nMoving forward in the management of Psoriatic DISEASE. Leeds Biomedical Research Centre &amp; Musculoskeletal Medicine. 17-18 Mayo 2018. Leeds, United Kingdom.<br \/>\nAmerican Academy Dermatology Annual Meeting. 3-7 May 2017, Orlando Florida, USA.<br \/>\nDermatological Advancements in acne and rosacea. 4-5\/11 2016, Atenas, Grecia.<br \/>\n22nd Congress of the European Academy of Dermatology and Venereology. Estambul, Turqu\u00eda, 2013.<br \/>\n3th World Psoriasis &amp; Psoriatic Arthritis Conference. Estocolmo, Suecia 2012.<br \/>\nAncillary Meeting. 21st World Congress of Dermatology. Buenos Aires, 2007.<br \/>\n21st World Congress of Dermatology. Buenos Aires 2007.<br \/>\nAsistencia anual y participaci\u00f3n en el Curso de Perfeccionamiento Dermatol\u00f3gico para Graduados \u201cProf. Dr. Luis E. Pierini\u201d. Buenos Aires. Desde 2006 hasta la fecha.<br \/>\nAsistencia y participaci\u00f3n en el Congreso Argentino de Dermatolog\u00eda, realizado en las ciudades de Rosario (2006), Tucum\u00e1n (2008), C\u00f3rdoba (2011), Mendoza (2014), Salta (2016), Rosario (2018).<\/p>\n<p><strong>DOCENCIA<\/strong><br \/>\nProfesor Universitario para el nivel secundario y superior. Universidad Austral.\u00a0 Marzo 2012 &#8211; Diciembre 2013.<br \/>\nJefe de trabajos pr\u00e1cticos, C\u00e1tedra de Dermatolog\u00eda, Facultad de Ciencias Biom\u00e9dicas, Universidad Austral. 2014 hasta la fecha.<br \/>\nDocente auxiliar: C\u00e1tedra Dermatolog\u00eda, Facultada de Ciencias Biom\u00e9dicas, Universidad Austral. 2009- 2013.<\/p>\n<p><strong>PUBILICACIONES<\/strong><\/p>\n<p><strong>Publicaciones cient\u00edficas<\/strong><br \/>\nAn\u00e1lisis de una serie de casos de pacientes adultos con dermatitis at\u00f3pica severa tratados con dupilumab en Argentina. Rev Fac Cien Med Univ Nac Cordoba 2020; 77(2):94-99.<br \/>\nFactores pron\u00f3sticos en el melanoma. Dermatol Argent 2017; 23(1): 03-12.<br \/>\nParticipante: Consenso sobre lupus eritematoso cut\u00e1neo. Actualizaci\u00f3n 2016. Tema: Lupus eritematoso cut\u00e1neo subagudo. SAD. Coordinadores:\u00a0 O.Stringa y Troielli.<br \/>\nVulvar Langerhans cell histiocytosis and thalidomide: an effective treatment option. Int J Dermatol 2016. doi:10.1111\/ijd.13377.<br \/>\nEnfermedad de injerto contra hu\u00e9sped aguda y sus manifestaciones cut\u00e1neas: Estudio retrospectivo en pacientes con trasplante alog\u00e9nico de precursores hematopoy\u00e9ticos. Dermatol Argent 2013; 18(1): 26-33.<br \/>\nEnfermedad de Darier-White tratada con Isotretino\u00edna oral. Arch Argent Pediatr 2011; 109(4).<br \/>\nEnfermedad de injerto contra hu\u00e9sped en el trasplante alog\u00e9nico de m\u00e9dula \u00f3sea. Dermatol Argent 2010; XVI (4); 252 &#8211; 261.<br \/>\nPanarteritis nodosa cut\u00e1nea en la infancia. Arch Argent Pediatr 2010; 108(3): e79-e81.<br \/>\nDermatomiositis premiop\u00e1tica con compromiso pulmonar severo. Dermatol Argent 2010; XVI (2): 129-134.<br \/>\nEritema necrol\u00edtico migratorio asociado a glucagonoma: Reporte de un caso. Dermatol Argent 2010; 16(5):170-171.<br \/>\nPlaca escleroatr\u00f3fica de dorso. Dermatol Argent 2010; 16(4):300-302.<br \/>\nVasculitis primaria de la infancia. Estudio cl\u00ednico &#8211; epidemiol\u00f3gico. Dermatol Argent 2010; XV: 411-419.<br \/>\nAcroangiodermatitis tipo Stwart-Bluefarb (pseudo-sarcoma de Kaposi).\u00a0 Dermatol Argent 2008: XIV (2): 137-140.<br \/>\nS\u00edndrome de Sweet (Dermatosis neutrof\u00edlica febril aguda). www.sad.org.ar. Secci\u00f3n di\u00e1logos en dermatolog\u00eda.<br \/>\nLiquen escleroso y atr\u00f3fico extragenital. www.sad.org.ar. Secci\u00f3n di\u00e1logos en dermatolog\u00eda.<br \/>\nPapilomatosis reticulada y confluente. S\u00edndrome de Gougerot-Carteaud. A prop\u00f3sito de 1 caso. Dermatol Argent 2006; edici\u00f3n suplementaria; 12 (5): 351-353.<\/p>\n<p><strong>Cap\u00edtulo Libro<\/strong><br \/>\nNorberto Comerci, Mat\u00edas Federico Stringa. Cap\u00edtulo V: Anest\u00e9sicos locales. E.De Carli, M.Jaled, M.Coringrato, G.Galimberti, A.Velasco. Dermatolog\u00eda quir\u00fargica y Est\u00e9tica. Editorial Journal, Argentina, a\u00f1o 2014. P\u00e1ginas 27- 32.<br \/>\nManual Digital de Dermatolog\u00eda 2021. Facultas de Ciencias Biom\u00e9dicas del Hospital Universitario Austral. https:\/\/austral.edu.ar\/cienciasbiomedicas\/manual-dermatologia\/. Autor de los Cap\u00edtulos: Lupus eritematoso cut\u00e1neo y Enfermedad de Injerto versus Hu\u00e9sped en los pacientes con trasplante oncohematol\u00f3gico.<br \/>\n<strong>PREMIOS<\/strong><br \/>\nACADEMIA NACIONAL DE MEDICINA. Premio\u00a0\u201cPEDRO BALI\u00d1A\u201d al mejor trabajo sobre\u00a0\u201cDermatolog\u00eda, sifilograf\u00eda y leprolog\u00eda\u201d. T\u00edtulo:\u00a0\u201c\u00bfEs \u00fatil el \u00edndice mit\u00f3tico para predecir la presencia de micromet\u00e1stasis ganglionares en los melanomas finos? Estudio de corte transversal\u201d. 2017.<br \/>\nXXVIII REUNION ANUAL DE DERMATOLOGOS LATINOMAERICANOS. Menci\u00f3n especial: Sesi\u00f3n trabajos de investigaci\u00f3n: El prurigo act\u00ednico en descendientes de la etnia diaguita, evoluci\u00f3n cl\u00ednica y correlaci\u00f3n histopatol\u00f3gica. 2010.<br \/>\nCONGRESO IBEROLATIRNOAMERICANO DE DERMATOLOG\u00cdA. Premio a la mejor presentaci\u00f3n cient\u00edfica sobre Investigaci\u00f3n en Dermatolog\u00eda. S\u00edndrome de Sweet, serie de cuatro casos. Espa\u00f1a, La Coru\u00f1a, 2009.<br \/>\nSOCIEDAD ARGENTINA DE DERMATOLOGIA. Menci\u00f3n especial.\u00a0 \u201cEnfermedad de Darier con buena respuesta a la isotretino\u00edna\u201d. Jornadas de Dermatolog\u00eda pedi\u00e1trica. 2008.<br \/>\nSOCIEDAD ARGENTINA DE DERMATOLOGIA. Menci\u00f3n especial en: Comunicaci\u00f3n libre para premio \u201cProf. Dr. Dagoberto Pierini\u201d: \u201cVasculitis primaria de la infancia: estudio cl\u00ednico \u2013 epidemiol\u00f3gico\u201d.\u00a0 Jornadas de Dermatolog\u00eda pedi\u00e1trica. 2008.<\/p>\n<p><strong>SOCIEDADES CIENTIFICAS<\/strong><br \/>\nMiembro titular Sociedad Argentina de Dermatolog\u00eda.<br \/>\nVocal suplente, Comisi\u00f3n directiva 2015 -2016, cargo por elecciones. Sociedad Argentina de Dermatolog\u00eda (SAD).<br \/>\nVocal titular, Comisi\u00f3n directiva 2019-2020, SAD.<br \/>\nCoordinador de Grupos de Trabajo, SAD, desde 2015- 2020.<\/p>\n<p><strong>INGLES<\/strong><br \/>\nOxford examination in spoken English (high level). Oxford University, Inglaterra. 1997.<br \/>\nCertificate in Advanced English (CAE).Universidad de Cambridge, Inglaterra 1997.<\/p>\n<ul>\n<li style=\"list-style-type: none;\">&nbsp;<\/li>\n<\/ul>\n","protected":false},"excerpt":{"rendered":"<p>TITULOS M\u00e9dico. Facultad de Medicina. Universidad de Buenos Aires. 2004 Residencia de Dermatolog\u00eda. Hospital Universitario Austral (HUA). 2005 &#8211; 2009. Especialista en Dermatolog\u00eda. HUA 2009. Acreditado por: La Sociedad Argentina de Dermatolog\u00eda (SAD), el Ministerio de Salud P\u00fablica de la &hellip; <a href=\"https:\/\/iturnos.com.ar\/prestadores\/stringadermatologia\/dr-matias-stringa\/\">Sigue leyendo <span class=\"meta-nav\">&rarr;<\/span><\/a><\/p>\n","protected":false},"author":2,"featured_media":0,"parent":0,"menu_order":0,"comment_status":"closed","ping_status":"closed","template":"sidebar-page.php","meta":{"footnotes":""},"_links":{"self":[{"href":"https:\/\/iturnos.com.ar\/prestadores\/stringadermatologia\/wp-json\/wp\/v2\/pages\/20"}],"collection":[{"href":"https:\/\/iturnos.com.ar\/prestadores\/stringadermatologia\/wp-json\/wp\/v2\/pages"}],"about":[{"href":"https:\/\/iturnos.com.ar\/prestadores\/stringadermatologia\/wp-json\/wp\/v2\/types\/page"}],"author":[{"embeddable":true,"href":"https:\/\/iturnos.com.ar\/prestadores\/stringadermatologia\/wp-json\/wp\/v2\/users\/2"}],"replies":[{"embeddable":true,"href":"https:\/\/iturnos.com.ar\/prestadores\/stringadermatologia\/wp-json\/wp\/v2\/comments?post=20"}],"version-history":[{"count":9,"href":"https:\/\/iturnos.com.ar\/prestadores\/stringadermatologia\/wp-json\/wp\/v2\/pages\/20\/revisions"}],"predecessor-version":[{"id":135,"href":"https:\/\/iturnos.com.ar\/prestadores\/stringadermatologia\/wp-json\/wp\/v2\/pages\/20\/revisions\/135"}],"wp:attachment":[{"href":"https:\/\/iturnos.com.ar\/prestadores\/stringadermatologia\/wp-json\/wp\/v2\/media?parent=20"}],"curies":[{"name":"wp","href":"https:\/\/api.w.org\/{rel}","templated":true}]}}