{"id":122,"date":"2021-11-11T18:32:47","date_gmt":"2021-11-11T18:32:47","guid":{"rendered":"http:\/\/iturnos.com.ar\/prestadores\/stringadermatologia\/?page_id=122"},"modified":"2025-09-04T17:20:07","modified_gmt":"2025-09-04T17:20:07","slug":"inicio","status":"publish","type":"page","link":"https:\/\/iturnos.com.ar\/prestadores\/stringadermatologia\/","title":{"rendered":"INICIO"},"content":{"rendered":"<p align=\"center\"><span style=\"font-size: x-large;\"><strong><span style=\"font-family: Georgia, serif;\">STRINGA DERMATOLOGIA<\/span><\/strong><\/span><\/p>\n<p><span style=\"font-size: medium;\"><span style=\"color: #373737;\"><span style=\"font-family: Georgia, serif;\"><span style=\"font-family: Times New Roman, serif;\">*******<\/span><\/span><\/span><b><span style=\"color: #373737;\"><span style=\"font-family: Georgia, serif;\"><span style=\"font-family: Times New Roman, serif;\">************************************************************<\/span><\/span><\/span><\/b><\/span><\/p>\n<p><span style=\"font-size: medium;\"><strong><span style=\"color: #373737;\"><span style=\"font-family: Georgia, serif;\"><u><span style=\"font-family: Times New Roman, serif;\">Dermatolog\u00eda Cl\u00ednica<\/span><\/u><\/span><\/span><\/strong><\/span><\/p>\n<p><span style=\"font-size: large;\"><i>Doctores: Osvaldo Stringa, Mat\u00edas Stringa, Mar\u00eda Stringa, Agustina Stringa, Mar\u00eda In\u00e9s Muzzio, Cristina Pascutto. <\/i><\/span><\/p>\n<ul>\n<li><span style=\"font-size: medium;\"><strong><span style=\"color: #373737;\"><span style=\"font-family: Georgia, serif;\"><span style=\"font-family: Times New Roman, serif;\">PREPAGAS<\/span><\/span><\/span><\/strong><\/span><\/li>\n<\/ul>\n<p><span style=\"font-size: medium;\"><span style=\"color: #373737;\"><span style=\"font-family: Georgia, serif;\"><span style=\"font-size: large;\"><span style=\"font-family: Times New Roman, serif;\">Solicite su turno presencial en <\/span><\/span><\/span><span style=\"font-family: Georgia, serif;\"><span style=\"font-size: large;\"><i>\u201cRESERVE SU TURNO ONLINE\u201d<\/i><\/span><\/span><\/span><\/span><\/p>\n<ul>\n<li><span style=\"font-size: medium;\"><strong><span style=\"color: #373737;\"><span style=\"font-family: Georgia, serif;\"><span style=\"font-family: Times New Roman, serif;\">PARTICULARES<\/span><\/span><\/span><\/strong><\/span><\/li>\n<\/ul>\n<p><span style=\"font-size: medium;\"><span style=\"color: #373737;\"><span style=\"font-family: Georgia, serif;\"><span style=\"font-size: large;\"><span style=\"font-family: Times New Roman, serif;\">Solicite su turno presencial en <\/span><\/span><\/span><span style=\"font-family: Georgia, serif;\"><span style=\"font-size: large;\"><i>\u201cRESERVE SU TURNO ONLINE\u201d o comun\u00edquese al 4825-2247<\/i><\/span><\/span><\/span><\/span><\/p>\n<p><span style=\"font-size: medium;\"><span style=\"color: #373737;\"><span style=\"font-family: Georgia, serif;\"><span style=\"font-size: large;\"><i>Tambien puede sacar turno por Whatsapp al <\/i><\/span><\/span><\/span><\/span><strong><span style=\"color: #ff0000;\"><a href=\"https:\/\/wa.link\/ix1j6h\">1137637745<\/a><\/span><\/strong> <span style=\"font-size: medium;\"><span style=\"color: #373737;\"><span style=\"font-family: Georgia, serif;\"><span style=\"font-size: large;\"><i>de Lunes a Viernes de 14 a 18 hs inclusivamente. Este whatsapp no recibe llamada, s\u00f3lo mensajes.<\/i><\/span><\/span><\/span><\/span><\/p>\n<p><span style=\"font-size: medium;\"><strong><span style=\"color: #373737;\"><span style=\"font-family: Georgia, serif;\"><u><span style=\"font-family: Times New Roman, serif;\">Dermatolog\u00eda Est\u00e9tica<\/span><\/u><\/span><\/span><\/strong><\/span><\/p>\n<p><span style=\"color: #0a0a0a;\"><span style=\"font-family: Georgia, serif;\"><span style=\"font-size: large;\"><i>Plasma rico en plaquetas. Botox. Mesoterapia capilar, facial y corporal. Skinboosters. Peelings. Microdermoabrasi\u00f3n punta de diamante. Dermapen. Rellenos.<\/i><\/span><\/span><\/span><\/p>\n<p align=\"center\"><span style=\"font-size: medium;\"><em><span style=\"color: #373737;\"><span style=\"font-family: Georgia, serif;\"><span style=\"font-family: Times New Roman, serif;\">**************<\/span><\/span><\/span><\/em><\/span><\/p>\n<p align=\"center\"><span style=\"font-size: medium;\"><em><span style=\"color: #373737;\"><span style=\"font-family: Georgia, serif;\"><span style=\"font-family: Times New Roman, serif;\">Si presenta s\u00edntomas compatibles con COVID-19 por favor anular consulta. Por cuestiones epidemiol\u00f3gicas asistir al consultorio en forma puntual, con barbijo, y sin<\/span><\/span><\/span><\/em><\/span><span style=\"font-size: medium;\"><span style=\"color: #373737;\"> <em><span style=\"font-family: Georgia, serif;\">acompa\u00f1ante de no ser imprescindible.<\/span><\/em><\/span><\/span><\/p>\n","protected":false},"excerpt":{"rendered":"<p>STRINGA DERMATOLOGIA ******************************************************************* Dermatolog\u00eda Cl\u00ednica Doctores: Osvaldo Stringa, Mat\u00edas Stringa, Mar\u00eda Stringa, Agustina Stringa, Mar\u00eda In\u00e9s Muzzio, Cristina Pascutto. PREPAGAS Solicite su turno presencial en \u201cRESERVE SU TURNO ONLINE\u201d PARTICULARES Solicite su turno presencial en \u201cRESERVE SU TURNO ONLINE\u201d o &hellip; <a href=\"https:\/\/iturnos.com.ar\/prestadores\/stringadermatologia\/\">Sigue leyendo <span class=\"meta-nav\">&rarr;<\/span><\/a><\/p>\n","protected":false},"author":2,"featured_media":0,"parent":0,"menu_order":0,"comment_status":"closed","ping_status":"closed","template":"sidebar-page.php","meta":{"footnotes":""},"_links":{"self":[{"href":"https:\/\/iturnos.com.ar\/prestadores\/stringadermatologia\/wp-json\/wp\/v2\/pages\/122"}],"collection":[{"href":"https:\/\/iturnos.com.ar\/prestadores\/stringadermatologia\/wp-json\/wp\/v2\/pages"}],"about":[{"href":"https:\/\/iturnos.com.ar\/prestadores\/stringadermatologia\/wp-json\/wp\/v2\/types\/page"}],"author":[{"embeddable":true,"href":"https:\/\/iturnos.com.ar\/prestadores\/stringadermatologia\/wp-json\/wp\/v2\/users\/2"}],"replies":[{"embeddable":true,"href":"https:\/\/iturnos.com.ar\/prestadores\/stringadermatologia\/wp-json\/wp\/v2\/comments?post=122"}],"version-history":[{"count":12,"href":"https:\/\/iturnos.com.ar\/prestadores\/stringadermatologia\/wp-json\/wp\/v2\/pages\/122\/revisions"}],"predecessor-version":[{"id":167,"href":"https:\/\/iturnos.com.ar\/prestadores\/stringadermatologia\/wp-json\/wp\/v2\/pages\/122\/revisions\/167"}],"wp:attachment":[{"href":"https:\/\/iturnos.com.ar\/prestadores\/stringadermatologia\/wp-json\/wp\/v2\/media?parent=122"}],"curies":[{"name":"wp","href":"https:\/\/api.w.org\/{rel}","templated":true}]}}