{"id":2,"date":"2012-06-05T14:31:32","date_gmt":"2012-06-05T14:31:32","guid":{"rendered":"http:\/\/iturnos.com.ar\/prestadores\/silviasorocki\/?page_id=2"},"modified":"2024-06-25T11:26:45","modified_gmt":"2024-06-25T11:26:45","slug":"kinesiologia-y-rehabilitacion","status":"publish","type":"page","link":"https:\/\/iturnos.com.ar\/prestadores\/silvianarocki\/","title":{"rendered":"Bienvenidos"},"content":{"rendered":"<div><b>LOS TURNOS SE DARAN\u00a0VIA WHATSAPP, COMUNICARSE A LOS SIGUIENTES NUMEROS<\/b><\/div>\n<div><b>T.E. LINEA: (11)-4862-1552\u00a0 \u00a0(no dejar mensaje)<\/b><\/div>\n<div><b>WHATSAPP:CONTACTO\u00a0 PARA TURNO, (11)4960-3436<\/b><\/div>\n<h1><\/h1>\n<h1><strong>Lic. Silvia Narocki &#8211; Kinesiologa fisiatra MN 2093 UBA<br \/>\n<\/strong><\/h1>\n<p>Especialista en Kinesiolog\u00eda y Rehabilitaci\u00f3n &#8211; RPG (Metodolog\u00eda Philippe Souchard) &#8211; Terapia Craneosacra &#8211; Osteopata C.O.<\/p>\n<p><strong>Coberturas:<\/strong><\/p>\n<ul>\n<li>Osde<\/li>\n<li>Swiss Medical (Menos Nubial)<\/li>\n<li>Tratamientos particulares<\/li>\n<\/ul>\n<p>Turnos Online solo para Fisiokinesioterapia<\/p>\n","protected":false},"excerpt":{"rendered":"<p>LOS TURNOS SE DARAN\u00a0VIA WHATSAPP, COMUNICARSE A LOS SIGUIENTES NUMEROS T.E. LINEA: (11)-4862-1552\u00a0 \u00a0(no dejar mensaje) WHATSAPP:CONTACTO\u00a0 PARA TURNO, (11)4960-3436 Lic. Silvia Narocki &#8211; Kinesiologa fisiatra MN 2093 UBA Especialista en Kinesiolog\u00eda y Rehabilitaci\u00f3n &#8211; RPG (Metodolog\u00eda Philippe Souchard) &#8211; &hellip; <a href=\"https:\/\/iturnos.com.ar\/prestadores\/silvianarocki\/\">Sigue leyendo <span class=\"meta-nav\">&rarr;<\/span><\/a><\/p>\n","protected":false},"author":2,"featured_media":0,"parent":0,"menu_order":0,"comment_status":"closed","ping_status":"open","template":"sidebar-page.php","meta":{"footnotes":""},"_links":{"self":[{"href":"https:\/\/iturnos.com.ar\/prestadores\/silvianarocki\/wp-json\/wp\/v2\/pages\/2"}],"collection":[{"href":"https:\/\/iturnos.com.ar\/prestadores\/silvianarocki\/wp-json\/wp\/v2\/pages"}],"about":[{"href":"https:\/\/iturnos.com.ar\/prestadores\/silvianarocki\/wp-json\/wp\/v2\/types\/page"}],"author":[{"embeddable":true,"href":"https:\/\/iturnos.com.ar\/prestadores\/silvianarocki\/wp-json\/wp\/v2\/users\/2"}],"replies":[{"embeddable":true,"href":"https:\/\/iturnos.com.ar\/prestadores\/silvianarocki\/wp-json\/wp\/v2\/comments?post=2"}],"version-history":[{"count":51,"href":"https:\/\/iturnos.com.ar\/prestadores\/silvianarocki\/wp-json\/wp\/v2\/pages\/2\/revisions"}],"predecessor-version":[{"id":81,"href":"https:\/\/iturnos.com.ar\/prestadores\/silvianarocki\/wp-json\/wp\/v2\/pages\/2\/revisions\/81"}],"wp:attachment":[{"href":"https:\/\/iturnos.com.ar\/prestadores\/silvianarocki\/wp-json\/wp\/v2\/media?parent=2"}],"curies":[{"name":"wp","href":"https:\/\/api.w.org\/{rel}","templated":true}]}}