{"id":111,"date":"2016-04-18T19:39:51","date_gmt":"2016-04-18T19:39:51","guid":{"rendered":"http:\/\/iturnos.com.ar\/prestadores\/natalcentromedico\/?page_id=111"},"modified":"2016-04-19T19:25:36","modified_gmt":"2016-04-19T19:25:36","slug":"dra-maria-elba-novo","status":"publish","type":"page","link":"https:\/\/iturnos.com.ar\/prestadores\/natalcentromedico\/dra-maria-elba-novo\/","title":{"rendered":"Dra Maria Elba Novo"},"content":{"rendered":"<ul>\n<li>Nutricion y seguiniento en el embarazo y la lactancia<\/li>\n<li>Nutrici\u00f3n infanto- juvenil<\/li>\n<li>Nutrici\u00f3n en adultos y adultos mayores.<\/li>\n<\/ul>\n<div dir=\"ltr\">Consejer\u00eda nutricional,\u00a0elaboraci\u00f3n de planes alimentarios personalizados en relaci\u00f3n a estado nutricional y de salud (sobrepeso, trastornos alimentarios, diabetes mellitus, diabetes gestacional, patolog\u00edas g\u00e1stricas, deporte, etc),<\/div>\n","protected":false},"excerpt":{"rendered":"<p>Nutricion y seguiniento en el embarazo y la lactancia Nutrici\u00f3n infanto- juvenil Nutrici\u00f3n en adultos y adultos mayores. Consejer\u00eda nutricional,\u00a0elaboraci\u00f3n de planes alimentarios personalizados en relaci\u00f3n a estado nutricional y de salud (sobrepeso, trastornos alimentarios, diabetes mellitus, diabetes gestacional, patolog\u00edas &hellip; <a href=\"https:\/\/iturnos.com.ar\/prestadores\/natalcentromedico\/dra-maria-elba-novo\/\">Sigue leyendo <span class=\"meta-nav\">&rarr;<\/span><\/a><\/p>\n","protected":false},"author":2,"featured_media":0,"parent":0,"menu_order":0,"comment_status":"closed","ping_status":"closed","template":"sidebar-page.php","meta":{"footnotes":""},"_links":{"self":[{"href":"https:\/\/iturnos.com.ar\/prestadores\/natalcentromedico\/wp-json\/wp\/v2\/pages\/111"}],"collection":[{"href":"https:\/\/iturnos.com.ar\/prestadores\/natalcentromedico\/wp-json\/wp\/v2\/pages"}],"about":[{"href":"https:\/\/iturnos.com.ar\/prestadores\/natalcentromedico\/wp-json\/wp\/v2\/types\/page"}],"author":[{"embeddable":true,"href":"https:\/\/iturnos.com.ar\/prestadores\/natalcentromedico\/wp-json\/wp\/v2\/users\/2"}],"replies":[{"embeddable":true,"href":"https:\/\/iturnos.com.ar\/prestadores\/natalcentromedico\/wp-json\/wp\/v2\/comments?post=111"}],"version-history":[{"count":4,"href":"https:\/\/iturnos.com.ar\/prestadores\/natalcentromedico\/wp-json\/wp\/v2\/pages\/111\/revisions"}],"predecessor-version":[{"id":117,"href":"https:\/\/iturnos.com.ar\/prestadores\/natalcentromedico\/wp-json\/wp\/v2\/pages\/111\/revisions\/117"}],"wp:attachment":[{"href":"https:\/\/iturnos.com.ar\/prestadores\/natalcentromedico\/wp-json\/wp\/v2\/media?parent=111"}],"curies":[{"name":"wp","href":"https:\/\/api.w.org\/{rel}","templated":true}]}}