{"id":2,"date":"2015-10-02T18:25:38","date_gmt":"2015-10-02T18:25:38","guid":{"rendered":"http:\/\/iturnos.com.ar\/prestadores\/monicasantagata\/?page_id=2"},"modified":"2019-11-06T15:00:14","modified_gmt":"2019-11-06T15:00:14","slug":"bienvenidos","status":"publish","type":"page","link":"https:\/\/iturnos.com.ar\/prestadores\/monicasantagata\/","title":{"rendered":"Bienvenidos"},"content":{"rendered":"<p><strong>Dra. M\u00f3nica Santagata<\/strong>:\u00a0M\u00e9dica, especialista en Psiquiatr\u00eda.<\/p>\n<table style=\"border-color: #ffffff; background-color: #e8d8d8; height: 193px;\" width=\"566\">\n<tbody>\n<tr>\n<td>\n<p dir=\"ltr\" style=\"text-align: center;\"><span style=\"color: #ff6600;\"><span style=\"color: #ff6600;\">\u00a0<\/span><span style=\"color: #ff6600; text-decoration: underline;\"><br \/>\n<strong>ATENCI\u00d3N<\/strong><\/span><br \/>\n<strong>Estar\u00e9 de licencia desde el 1 de Diciembre de 2019<br \/>\nhasta el 20 de Abril de 2020.<br \/>\nSe podr\u00e1 ingresar a la agenda para reservar turnos<br \/>\na partir del 1 de Marzo.<\/strong><\/span><\/p>\n<\/td>\n<\/tr>\n<\/tbody>\n<\/table>\n<p><strong><span style=\"color: #ff0000;\"><span style=\"color: #ff0000; font-size: large;\">LEA ATENTAMENTE ANTES DE RESERVAR SU TURNO<\/span><\/span><\/strong><\/p>\n<p><strong><span style=\"text-decoration: underline;\"><span style=\"color: #ff0000; text-decoration: underline;\">ATENCI\u00d3N:<\/span><\/span><\/strong><\/p>\n<div dir=\"ltr\"><span style=\"color: #0000ff;\"><strong><em>Turnos para CONTROL FARMACOL\u00d3GICO\u00a0<\/em><\/strong><\/span><\/div>\n<p><strong><span style=\"color: #ff0000;\"><span style=\"color: #ff0000; font-size: large;\">UNICAMENTE los dias<\/span><\/span><\/strong><b> <strong><span style=\"color: #ff0000;\"><span style=\"color: #ff0000; font-size: large;\">LUNES Y MARTES por la MA\u00d1ANA y JUEVES por la TARDE<\/span><\/span><\/strong><\/b><\/p>\n<p><span style=\"color: #ff0000; font-size: large;\"><span style=\"color: #333333;\">Reservar<\/span><\/span><strong><span style=\"color: #333333;\"><span style=\"font-size: large;\"> UN SOLO TURNO DE 30 MIN.<\/span><\/span><\/strong><\/p>\n<p>&nbsp;<\/p>\n<p><strong><img loading=\"lazy\" decoding=\"async\" class=\"alignright wp-image-39 size-full\" src=\"http:\/\/iturnos.com.ar\/prestadores\/drabetinahruby\/files\/2014\/01\/left-pointing-animated-red-arrow.gif\" alt=\"left-pointing-animated-red-arrow\" width=\"80\" height=\"76\" \/><\/strong><\/p>\n<div dir=\"ltr\"><strong><span style=\"color: #0000ff;\">Turnos para\u00a0<em>PSICOTERAPIA \u00a0 \u00a0<\/em><\/span><\/strong><\/div>\n<p><strong><span style=\"color: #ff0000;\"><span style=\"color: #ff0000; font-size: large;\">MI\u00c9RCOLES por la MA\u00d1ANA Y VIERNES por la TARDE.<\/span><\/span><\/strong><\/p>\n<p>Reservar\u00a0<span style=\"color: #333333;\"><strong><span style=\"font-size: large;\"><span style=\"font-size: large;\">DOS TURNOS SEGUIDOS DE 30 MIN.<\/span><\/span><\/strong><\/span><\/p>\n<div dir=\"ltr\"><\/div>\n<div dir=\"ltr\"><span style=\"color: #ff0000; font-size: large;\"><br \/>\n<span style=\"color: #000000;\"><b>La cancelaci\u00f3n de turnos se podr\u00e1 realizar\u00a0<\/b><b>(dentro de d\u00edas h\u00e1biles)\u00a0<\/b><b>hast<\/b><b>a 24 hs \u00a0antes del horario de la consulta . Caso contrario deber\u00e1 abonar la totalidad de dicha consulta \u00a0o en el caso de afiliados a OSDE \u00a0el arancel preferencial.<\/b> <\/span><\/span><\/div>\n","protected":false},"excerpt":{"rendered":"<p>Dra. M\u00f3nica Santagata:\u00a0M\u00e9dica, especialista en Psiquiatr\u00eda. \u00a0 ATENCI\u00d3N Estar\u00e9 de licencia desde el 1 de Diciembre de 2019 hasta el 20 de Abril de 2020. Se podr\u00e1 ingresar a la agenda para reservar turnos a partir del 1 de Marzo. &hellip; <a href=\"https:\/\/iturnos.com.ar\/prestadores\/monicasantagata\/\">Sigue leyendo <span class=\"meta-nav\">&rarr;<\/span><\/a><\/p>\n","protected":false},"author":3,"featured_media":0,"parent":0,"menu_order":0,"comment_status":"closed","ping_status":"open","template":"sidebar-page.php","meta":{"footnotes":""},"_links":{"self":[{"href":"https:\/\/iturnos.com.ar\/prestadores\/monicasantagata\/wp-json\/wp\/v2\/pages\/2"}],"collection":[{"href":"https:\/\/iturnos.com.ar\/prestadores\/monicasantagata\/wp-json\/wp\/v2\/pages"}],"about":[{"href":"https:\/\/iturnos.com.ar\/prestadores\/monicasantagata\/wp-json\/wp\/v2\/types\/page"}],"author":[{"embeddable":true,"href":"https:\/\/iturnos.com.ar\/prestadores\/monicasantagata\/wp-json\/wp\/v2\/users\/3"}],"replies":[{"embeddable":true,"href":"https:\/\/iturnos.com.ar\/prestadores\/monicasantagata\/wp-json\/wp\/v2\/comments?post=2"}],"version-history":[{"count":39,"href":"https:\/\/iturnos.com.ar\/prestadores\/monicasantagata\/wp-json\/wp\/v2\/pages\/2\/revisions"}],"predecessor-version":[{"id":69,"href":"https:\/\/iturnos.com.ar\/prestadores\/monicasantagata\/wp-json\/wp\/v2\/pages\/2\/revisions\/69"}],"wp:attachment":[{"href":"https:\/\/iturnos.com.ar\/prestadores\/monicasantagata\/wp-json\/wp\/v2\/media?parent=2"}],"curies":[{"name":"wp","href":"https:\/\/api.w.org\/{rel}","templated":true}]}}