{"id":2,"date":"2013-07-23T20:06:46","date_gmt":"2013-07-23T20:06:46","guid":{"rendered":"http:\/\/iturnos.com.ar\/prestadores\/medicosrecoleta\/?page_id=2"},"modified":"2021-12-16T17:55:00","modified_gmt":"2021-12-16T17:55:00","slug":"profesionale","status":"publish","type":"page","link":"https:\/\/iturnos.com.ar\/prestadores\/medicosrecoleta\/","title":{"rendered":"Profesionales"},"content":{"rendered":"<p>Dr. Lambierto Alberto &#8211; Cl\u00ednico Infectologo<br \/>\nDr. Gnecco Jorge &#8211; Cirujano Pl\u00e1stico<br \/>\nDr. Sanz Alejandro &#8211; Cardiolog\u00eda<br \/>\nDr. Pavlosky Alejandro &#8211; Cirujano General<br \/>\nDr Visconti Norberto &#8211; Cirujano General &#8211; Coloproctologo<\/p>\n<p style=\"text-align: left;\"><span style=\"color: #000000;\">\u00a0<\/span><\/p>\n","protected":false},"excerpt":{"rendered":"<p>Dr. Lambierto Alberto &#8211; Cl\u00ednico Infectologo Dr. Gnecco Jorge &#8211; Cirujano Pl\u00e1stico Dr. Sanz Alejandro &#8211; Cardiolog\u00eda Dr. Pavlosky Alejandro &#8211; Cirujano General Dr Visconti Norberto &#8211; Cirujano General &#8211; Coloproctologo \u00a0<\/p>\n","protected":false},"author":3,"featured_media":0,"parent":0,"menu_order":0,"comment_status":"closed","ping_status":"open","template":"sidebar-page.php","meta":{"footnotes":""},"_links":{"self":[{"href":"https:\/\/iturnos.com.ar\/prestadores\/medicosrecoleta\/wp-json\/wp\/v2\/pages\/2"}],"collection":[{"href":"https:\/\/iturnos.com.ar\/prestadores\/medicosrecoleta\/wp-json\/wp\/v2\/pages"}],"about":[{"href":"https:\/\/iturnos.com.ar\/prestadores\/medicosrecoleta\/wp-json\/wp\/v2\/types\/page"}],"author":[{"embeddable":true,"href":"https:\/\/iturnos.com.ar\/prestadores\/medicosrecoleta\/wp-json\/wp\/v2\/users\/3"}],"replies":[{"embeddable":true,"href":"https:\/\/iturnos.com.ar\/prestadores\/medicosrecoleta\/wp-json\/wp\/v2\/comments?post=2"}],"version-history":[{"count":22,"href":"https:\/\/iturnos.com.ar\/prestadores\/medicosrecoleta\/wp-json\/wp\/v2\/pages\/2\/revisions"}],"predecessor-version":[{"id":52,"href":"https:\/\/iturnos.com.ar\/prestadores\/medicosrecoleta\/wp-json\/wp\/v2\/pages\/2\/revisions\/52"}],"wp:attachment":[{"href":"https:\/\/iturnos.com.ar\/prestadores\/medicosrecoleta\/wp-json\/wp\/v2\/media?parent=2"}],"curies":[{"name":"wp","href":"https:\/\/api.w.org\/{rel}","templated":true}]}}