{"id":10,"date":"2012-01-09T02:09:41","date_gmt":"2012-01-09T02:09:41","guid":{"rendered":"http:\/\/iturnos.com.ar\/prestadores\/medicosarredondo\/?page_id=10"},"modified":"2024-04-10T17:22:34","modified_gmt":"2024-04-10T17:22:34","slug":"profesionales","status":"publish","type":"page","link":"https:\/\/iturnos.com.ar\/prestadores\/medicosarredondo\/","title":{"rendered":"Profesionales"},"content":{"rendered":"<ul>\n<li><strong>Dr. Greco Marcelo<\/strong> &#8211; Cl\u00ednica M\u00e9dica<\/li>\n<li><strong>Dr. Mendez Villarroel Andr\u00e9s<\/strong> &#8211; Cl\u00ednica M\u00e9dica<\/li>\n<li><strong>Dr. Alfano Edgardo<\/strong> &#8211; Traumatolog\u00eda<\/li>\n<li><strong>Dr. Gianatiempo Octavio &#8211; <\/strong>Cirugia general- medico especialista en cirugia laparascopica &#8211; Alta complejidad<\/li>\n<li><strong>Dra. Stemmelin Graciela<\/strong> &#8211; Endocrinolog\u00eda<\/li>\n<li><strong>Dra. Coppi Alicia<\/strong> &#8211; Dermatolog\u00eda (UBA) &#8211; Cl\u00ednica Est\u00e9tica (AMA)<\/li>\n<li><strong>Lic. Valeria Massa<\/strong> &#8211; Nutrici\u00f3n, Diabetes y Deporte.<\/li>\n<li><strong>Dra. Cristina Gamberale<\/strong> &#8211; M\u00e9dica Nutricionista<\/li>\n<li><strong>Dra Ver\u00f3nica Cortes Guerrieri<\/strong> &#8211; Hemat\u00f3loga.<\/li>\n<\/ul>\n","protected":false},"excerpt":{"rendered":"<p>Dr. Greco Marcelo &#8211; Cl\u00ednica M\u00e9dica Dr. Mendez Villarroel Andr\u00e9s &#8211; Cl\u00ednica M\u00e9dica Dr. Alfano Edgardo &#8211; Traumatolog\u00eda Dr. Gianatiempo Octavio &#8211; Cirugia general- medico especialista en cirugia laparascopica &#8211; Alta complejidad Dra. Stemmelin Graciela &#8211; Endocrinolog\u00eda Dra. Coppi Alicia &hellip; <a href=\"https:\/\/iturnos.com.ar\/prestadores\/medicosarredondo\/\">Sigue leyendo <span class=\"meta-nav\">&rarr;<\/span><\/a><\/p>\n","protected":false},"author":2,"featured_media":0,"parent":0,"menu_order":0,"comment_status":"closed","ping_status":"open","template":"sidebar-page.php","meta":{"footnotes":""},"_links":{"self":[{"href":"https:\/\/iturnos.com.ar\/prestadores\/medicosarredondo\/wp-json\/wp\/v2\/pages\/10"}],"collection":[{"href":"https:\/\/iturnos.com.ar\/prestadores\/medicosarredondo\/wp-json\/wp\/v2\/pages"}],"about":[{"href":"https:\/\/iturnos.com.ar\/prestadores\/medicosarredondo\/wp-json\/wp\/v2\/types\/page"}],"author":[{"embeddable":true,"href":"https:\/\/iturnos.com.ar\/prestadores\/medicosarredondo\/wp-json\/wp\/v2\/users\/2"}],"replies":[{"embeddable":true,"href":"https:\/\/iturnos.com.ar\/prestadores\/medicosarredondo\/wp-json\/wp\/v2\/comments?post=10"}],"version-history":[{"count":17,"href":"https:\/\/iturnos.com.ar\/prestadores\/medicosarredondo\/wp-json\/wp\/v2\/pages\/10\/revisions"}],"predecessor-version":[{"id":56,"href":"https:\/\/iturnos.com.ar\/prestadores\/medicosarredondo\/wp-json\/wp\/v2\/pages\/10\/revisions\/56"}],"wp:attachment":[{"href":"https:\/\/iturnos.com.ar\/prestadores\/medicosarredondo\/wp-json\/wp\/v2\/media?parent=10"}],"curies":[{"name":"wp","href":"https:\/\/api.w.org\/{rel}","templated":true}]}}