{"id":2,"date":"2016-10-07T13:47:39","date_gmt":"2016-10-07T13:47:39","guid":{"rendered":"http:\/\/iturnos.com.ar\/prestadores\/matiasmilberg\/?page_id=2"},"modified":"2016-10-07T14:05:59","modified_gmt":"2016-10-07T14:05:59","slug":"pagina-ejemplo","status":"publish","type":"page","link":"https:\/\/iturnos.com.ar\/prestadores\/matiasmilberg\/","title":{"rendered":"Bienvenidos"},"content":{"rendered":"<table>\n<tbody>\n<tr>\n<td>\n<h2 style=\"text-align: left;\">Dr. Matias Milberg &#8211; <em>Cl\u00ednica M\u00e9dica<br \/>\n<\/em><\/h2>\n<p><a href=\"http:\/\/iturnos.com.ar\/prestadores\/lasheras1681\/files\/2012\/03\/milberg3.jpg\"><img loading=\"lazy\" decoding=\"async\" class=\"alignleft wp-image-46\" title=\"milberg\" src=\"http:\/\/iturnos.com.ar\/prestadores\/lasheras1681\/files\/2012\/03\/milberg3.jpg\" alt=\"\" width=\"263\" height=\"246\" \/><\/a><\/td>\n<td>\n<h2>Coberturas:<\/h2>\n<ul>\n<li>Particulares<\/li>\n<li>Medicus Banco de Galicia<\/li>\n<li>Galeno Banco de Galicia<\/li>\n<\/ul>\n<p><strong>D\u00edas De Atenci\u00f3n:<\/strong><\/p>\n<ul>\n<li>Martes de 14 a 17 hs<\/li>\n<li>Jueves de 16 a 20 hs<\/li>\n<\/ul>\n<\/td>\n<\/tr>\n<\/tbody>\n<\/table>\n<p>&nbsp;<\/p>\n","protected":false},"excerpt":{"rendered":"<p>Dr. Matias Milberg &#8211; Cl\u00ednica M\u00e9dica Coberturas: Particulares Medicus Banco de Galicia Galeno Banco de Galicia D\u00edas De Atenci\u00f3n: Martes de 14 a 17 hs Jueves de 16 a 20 hs &nbsp;<\/p>\n","protected":false},"author":3,"featured_media":0,"parent":0,"menu_order":0,"comment_status":"closed","ping_status":"closed","template":"sidebar-page.php","meta":{"footnotes":""},"_links":{"self":[{"href":"https:\/\/iturnos.com.ar\/prestadores\/matiasmilberg\/wp-json\/wp\/v2\/pages\/2"}],"collection":[{"href":"https:\/\/iturnos.com.ar\/prestadores\/matiasmilberg\/wp-json\/wp\/v2\/pages"}],"about":[{"href":"https:\/\/iturnos.com.ar\/prestadores\/matiasmilberg\/wp-json\/wp\/v2\/types\/page"}],"author":[{"embeddable":true,"href":"https:\/\/iturnos.com.ar\/prestadores\/matiasmilberg\/wp-json\/wp\/v2\/users\/3"}],"replies":[{"embeddable":true,"href":"https:\/\/iturnos.com.ar\/prestadores\/matiasmilberg\/wp-json\/wp\/v2\/comments?post=2"}],"version-history":[{"count":4,"href":"https:\/\/iturnos.com.ar\/prestadores\/matiasmilberg\/wp-json\/wp\/v2\/pages\/2\/revisions"}],"predecessor-version":[{"id":10,"href":"https:\/\/iturnos.com.ar\/prestadores\/matiasmilberg\/wp-json\/wp\/v2\/pages\/2\/revisions\/10"}],"wp:attachment":[{"href":"https:\/\/iturnos.com.ar\/prestadores\/matiasmilberg\/wp-json\/wp\/v2\/media?parent=2"}],"curies":[{"name":"wp","href":"https:\/\/api.w.org\/{rel}","templated":true}]}}