{"id":18,"date":"2012-06-22T16:48:27","date_gmt":"2012-06-22T16:48:27","guid":{"rendered":"http:\/\/iturnos.com.ar\/prestadores\/licenciadamorales\/?page_id=18"},"modified":"2020-06-08T20:44:56","modified_gmt":"2020-06-08T20:44:56","slug":"consultorio-en-san-isidro-2","status":"publish","type":"page","link":"https:\/\/iturnos.com.ar\/prestadores\/licenciadamorales\/consultorio-en-san-isidro-2\/","title":{"rendered":"Consultorio en Lomas de San Isidro"},"content":{"rendered":"<h1>Consultorio en Lomas de San Isidro<\/h1>\n<table>\n<tbody>\n<tr>\n<td>\n<h4><strong>Centro M\u00e9dico Santa Rita<\/strong><\/h4>\n<p>Avenida Blanco Encalada 158<br \/>\nTel\u00e9fonos:<br \/>\n(011) 4765-1902<br \/>\n(011) 4765-5474<br \/>\n(011) 4765-7190<\/p>\n<p><a title=\"Mensaje por WhatsApp\" href=\"https:\/\/wa.me\/5491141822238?text=Hola,%20necesito%20informaci%C3%B3n%20sobre%20\" target=\"_blank\" rel=\"noopener noreferrer\"><img loading=\"lazy\" decoding=\"async\" class=\"alignnone\" src=\"http:\/\/prestador.iturnos.com\/images\/whatsapp.png\" alt=\"Mensaje via WhatsApp\" width=\"32\" height=\"32\" align=\"middle\" \/>\u00a0WHATSAPP<\/a><\/td>\n<td><a href=\"http:\/\/secure.iturnos.com\/www.licenciadamorales.com.ar\/iturnos\/agendas.php?id_agenda=628\"><img loading=\"lazy\" decoding=\"async\" title=\"turnos\" src=\"http:\/\/iturnos.com.ar\/prestadores\/licenciadamorales\/files\/2012\/06\/turnos1.jpg\" alt=\"\" width=\"187\" height=\"49\" \/><\/a><br \/>\n<a href=\"http:\/\/secure.iturnos.com\/inicio\" target=\"_blank\" rel=\"noopener noreferrer\">Modificar o Consultar Turnos<\/a><br \/>\n<a href=\"http:\/\/secure.iturnos.com\/inicio\/olvido.php\" target=\"_blank\" rel=\"noopener noreferrer\">\u00bfOlvid\u00f3 su clave?<\/a><\/td>\n<\/tr>\n<\/tbody>\n<\/table>\n<p style=\"text-align: left;\"><strong>D\u00edas de atenci\u00f3n:<\/strong><\/p>\n<table>\n<tbody>\n<tr>\n<td style=\"vertical-align: top;\">\n<ul>\n<li><strong>Viernes de 12:00 a 16:30 hs<\/strong><\/li>\n<\/ul>\n<\/td>\n<td style=\"text-align: left;\"><iframe loading=\"lazy\" src=\"https:\/\/maps.google.com.ar\/maps\/ms?msa=0&amp;msid=215714049108705313373.00046ac5754d9b33994aa&amp;ie=UTF8&amp;t=m&amp;ll=-34.492975,-58.553867&amp;spn=0.002653,0.005364&amp;z=16&amp;output=embed\" width=\"250\" height=\"150\" frameborder=\"0\" marginwidth=\"0\" marginheight=\"0\" scrolling=\"no\"><\/iframe><\/td>\n<\/tr>\n<\/tbody>\n<\/table>\n<p><strong>Coberturas:<\/strong><\/p>\n<ul>\n<li>Particular<\/li>\n<li>Osde (210, 310, 410, 450, 510)<\/li>\n<li>Omint (Linea F, Linea O, Skill Plus, Programa XXI, Consolidar)<\/li>\n<li>Swiss Medical Group (Swiss Medical, Docthos, Nubial, Qualitas)<\/li>\n<li>Obra Social del Poder Judicial<\/li>\n<li>Hospital Alem\u00e1n<\/li>\n<li>Hospital Italiano (Plan M\u00e1ximo)<\/li>\n<li>Obra Social de Luis Pasteur<\/li>\n<\/ul>\n","protected":false},"excerpt":{"rendered":"<p>Consultorio en Lomas de San Isidro Centro M\u00e9dico Santa Rita Avenida Blanco Encalada 158 Tel\u00e9fonos: (011) 4765-1902 (011) 4765-5474 (011) 4765-7190 \u00a0WHATSAPP Modificar o Consultar Turnos \u00bfOlvid\u00f3 su clave? D\u00edas de atenci\u00f3n: Viernes de 12:00 a 16:30 hs Coberturas: Particular &hellip; <a href=\"https:\/\/iturnos.com.ar\/prestadores\/licenciadamorales\/consultorio-en-san-isidro-2\/\">Sigue leyendo <span class=\"meta-nav\">&rarr;<\/span><\/a><\/p>\n","protected":false},"author":2,"featured_media":0,"parent":0,"menu_order":0,"comment_status":"closed","ping_status":"open","template":"showcase.php","meta":{"footnotes":""},"_links":{"self":[{"href":"https:\/\/iturnos.com.ar\/prestadores\/licenciadamorales\/wp-json\/wp\/v2\/pages\/18"}],"collection":[{"href":"https:\/\/iturnos.com.ar\/prestadores\/licenciadamorales\/wp-json\/wp\/v2\/pages"}],"about":[{"href":"https:\/\/iturnos.com.ar\/prestadores\/licenciadamorales\/wp-json\/wp\/v2\/types\/page"}],"author":[{"embeddable":true,"href":"https:\/\/iturnos.com.ar\/prestadores\/licenciadamorales\/wp-json\/wp\/v2\/users\/2"}],"replies":[{"embeddable":true,"href":"https:\/\/iturnos.com.ar\/prestadores\/licenciadamorales\/wp-json\/wp\/v2\/comments?post=18"}],"version-history":[{"count":38,"href":"https:\/\/iturnos.com.ar\/prestadores\/licenciadamorales\/wp-json\/wp\/v2\/pages\/18\/revisions"}],"predecessor-version":[{"id":207,"href":"https:\/\/iturnos.com.ar\/prestadores\/licenciadamorales\/wp-json\/wp\/v2\/pages\/18\/revisions\/207"}],"wp:attachment":[{"href":"https:\/\/iturnos.com.ar\/prestadores\/licenciadamorales\/wp-json\/wp\/v2\/media?parent=18"}],"curies":[{"name":"wp","href":"https:\/\/api.w.org\/{rel}","templated":true}]}}