{"id":14,"date":"2012-06-22T16:46:55","date_gmt":"2012-06-22T16:46:55","guid":{"rendered":"http:\/\/iturnos.com.ar\/prestadores\/licenciadamorales\/?page_id=14"},"modified":"2020-06-08T20:48:45","modified_gmt":"2020-06-08T20:48:45","slug":"consultorio-en-san-isidro","status":"publish","type":"page","link":"https:\/\/iturnos.com.ar\/prestadores\/licenciadamorales\/consultorio-en-san-isidro\/","title":{"rendered":"Consultorio en San Isidro"},"content":{"rendered":"<h1>Consultorio en San Isidro<\/h1>\n<table>\n<tbody>\n<tr>\n<td>Almirante Brown 402<br \/>\nSan Isidro<br \/>\nTel\u00e9fonos:<br \/>\n(011) 4743-2560<br \/>\n(011) 4742-8857<\/p>\n<p><a title=\"Mensaje por WhatsApp\" href=\"https:\/\/wa.me\/5491141822238?text=Hola,%20necesito%20informaci%C3%B3n%20sobre%20\" target=\"_blank\" rel=\"noopener noreferrer\"><img loading=\"lazy\" decoding=\"async\" class=\"alignnone\" src=\"http:\/\/prestador.iturnos.com\/images\/whatsapp.png\" alt=\"Mensaje via WhatsApp\" width=\"32\" height=\"32\" align=\"middle\" \/>\u00a0WHATSAPP<\/a><\/td>\n<td><a href=\"http:\/\/secure.iturnos.com\/www.licenciadamorales.com.ar\/iturnos\/agendas.php?id_agenda=627\"><img loading=\"lazy\" decoding=\"async\" class=\"alignnone\" title=\"turnos\" src=\"http:\/\/iturnos.com.ar\/prestadores\/licenciadamorales\/files\/2012\/06\/turnos1.jpg\" alt=\"\" width=\"187\" height=\"49\" \/><\/a><br \/>\n<a href=\"http:\/\/secure.iturnos.com\/inicio\" target=\"_blank\" rel=\"noopener noreferrer\">Modificar o Consultar Turnos<\/a><br \/>\n<a href=\"http:\/\/secure.iturnos.com\/inicio\/olvido.php\" target=\"_blank\" rel=\"noopener noreferrer\">\u00bfOlvid\u00f3 su clave?<\/a><\/td>\n<\/tr>\n<\/tbody>\n<\/table>\n<p style=\"text-align: left;\"><strong>D\u00edas de atenci\u00f3n:<\/strong><\/p>\n<table>\n<tbody>\n<tr>\n<td style=\"vertical-align: top;\">\n<ul>\n<li><strong>Mi\u00e9rcoles de 13:00 a 19:30 hs<\/strong><\/li>\n<li><strong>S\u00e1bados de 09:00 a 12:00 hs<\/strong><\/li>\n<\/ul>\n<\/td>\n<td style=\"text-align: left;\"><iframe loading=\"lazy\" src=\"https:\/\/www.google.com\/maps\/ms?msa=0&amp;msid=215714049108705313373.00046ac5754d9b33994aa&amp;ie=UTF8&amp;t=m&amp;ll=-34.468053,-58.51284&amp;spn=0.002654,0.005343&amp;z=16&amp;output=embed\" width=\"250\" height=\"150\" frameborder=\"0\" marginwidth=\"0\" marginheight=\"0\" scrolling=\"no\"><\/iframe><\/td>\n<\/tr>\n<\/tbody>\n<\/table>\n<p><strong>Coberturas:<\/strong><\/p>\n<ul>\n<li>Particular<\/li>\n<li>Osde (210, 310, 410, 450, 510)<\/li>\n<li>Omint (Linea F, Linea O, Skill Plus, Programa XXI, Consolidar)<\/li>\n<li>Swiss Medical Group (Swiss Medical, Docthos, Nubial, Qualitas)<\/li>\n<li>Obra Social del Poder Judicial<\/li>\n<li>Hospital Alem\u00e1n<\/li>\n<li>Hospital Italiano (Plan M\u00e1ximo)<\/li>\n<li>Obra Social de Luis Pasteur<\/li>\n<\/ul>\n","protected":false},"excerpt":{"rendered":"<p>Consultorio en San Isidro Almirante Brown 402 San Isidro Tel\u00e9fonos: (011) 4743-2560 (011) 4742-8857 \u00a0WHATSAPP Modificar o Consultar Turnos \u00bfOlvid\u00f3 su clave? D\u00edas de atenci\u00f3n: Mi\u00e9rcoles de 13:00 a 19:30 hs S\u00e1bados de 09:00 a 12:00 hs Coberturas: Particular Osde &hellip; <a href=\"https:\/\/iturnos.com.ar\/prestadores\/licenciadamorales\/consultorio-en-san-isidro\/\">Sigue leyendo <span class=\"meta-nav\">&rarr;<\/span><\/a><\/p>\n","protected":false},"author":2,"featured_media":0,"parent":0,"menu_order":0,"comment_status":"closed","ping_status":"open","template":"showcase.php","meta":{"footnotes":""},"_links":{"self":[{"href":"https:\/\/iturnos.com.ar\/prestadores\/licenciadamorales\/wp-json\/wp\/v2\/pages\/14"}],"collection":[{"href":"https:\/\/iturnos.com.ar\/prestadores\/licenciadamorales\/wp-json\/wp\/v2\/pages"}],"about":[{"href":"https:\/\/iturnos.com.ar\/prestadores\/licenciadamorales\/wp-json\/wp\/v2\/types\/page"}],"author":[{"embeddable":true,"href":"https:\/\/iturnos.com.ar\/prestadores\/licenciadamorales\/wp-json\/wp\/v2\/users\/2"}],"replies":[{"embeddable":true,"href":"https:\/\/iturnos.com.ar\/prestadores\/licenciadamorales\/wp-json\/wp\/v2\/comments?post=14"}],"version-history":[{"count":29,"href":"https:\/\/iturnos.com.ar\/prestadores\/licenciadamorales\/wp-json\/wp\/v2\/pages\/14\/revisions"}],"predecessor-version":[{"id":210,"href":"https:\/\/iturnos.com.ar\/prestadores\/licenciadamorales\/wp-json\/wp\/v2\/pages\/14\/revisions\/210"}],"wp:attachment":[{"href":"https:\/\/iturnos.com.ar\/prestadores\/licenciadamorales\/wp-json\/wp\/v2\/media?parent=14"}],"curies":[{"name":"wp","href":"https:\/\/api.w.org\/{rel}","templated":true}]}}