{"id":24,"date":"2016-09-07T19:02:17","date_gmt":"2016-09-07T19:02:17","guid":{"rendered":"http:\/\/iturnos.com.ar\/prestadores\/julietapomerantz\/?page_id=24"},"modified":"2016-09-08T14:06:22","modified_gmt":"2016-09-08T14:06:22","slug":"turnos-clinica-medica","status":"publish","type":"page","link":"https:\/\/iturnos.com.ar\/prestadores\/julietapomerantz\/turnos-clinica-medica\/","title":{"rendered":"Turnos Cl\u00ednica M\u00e9dica"},"content":{"rendered":"<p>Cl\u00ednica M\u00e9dica, Especializada en Diabetes , M\u00e9dica Especialista en Nutrici\u00f3n.<\/p>\n<p>Coberturas:<\/p>\n<ul>\n<li>Osde (todos los planes)<\/li>\n<li>Galeno Oro<\/li>\n<li>Galeno Plata<\/li>\n<li>Galeno Azul<\/li>\n<li>Luis Pasteur<\/li>\n<li>Privados<\/li>\n<\/ul>\n<p><a href=\"https:\/\/secure.iturnos.com\/www.drasilvanamilrad.com\/iturnos\/\"><img loading=\"lazy\" decoding=\"async\" class=\"size-full wp-image-5 aligncenter\" src=\"http:\/\/iturnos.com.ar\/prestadores\/julietapomerantz\/files\/2014\/06\/boton-turnos.jpg\" alt=\"boton-turnos\" width=\"180\" height=\"60\" \/><\/a><\/p>\n","protected":false},"excerpt":{"rendered":"<p>Cl\u00ednica M\u00e9dica, Especializada en Diabetes , M\u00e9dica Especialista en Nutrici\u00f3n. Coberturas: Osde (todos los planes) Galeno Oro Galeno Plata Galeno Azul Luis Pasteur Privados<\/p>\n","protected":false},"author":2,"featured_media":0,"parent":0,"menu_order":0,"comment_status":"closed","ping_status":"closed","template":"","meta":{"footnotes":""},"_links":{"self":[{"href":"https:\/\/iturnos.com.ar\/prestadores\/julietapomerantz\/wp-json\/wp\/v2\/pages\/24"}],"collection":[{"href":"https:\/\/iturnos.com.ar\/prestadores\/julietapomerantz\/wp-json\/wp\/v2\/pages"}],"about":[{"href":"https:\/\/iturnos.com.ar\/prestadores\/julietapomerantz\/wp-json\/wp\/v2\/types\/page"}],"author":[{"embeddable":true,"href":"https:\/\/iturnos.com.ar\/prestadores\/julietapomerantz\/wp-json\/wp\/v2\/users\/2"}],"replies":[{"embeddable":true,"href":"https:\/\/iturnos.com.ar\/prestadores\/julietapomerantz\/wp-json\/wp\/v2\/comments?post=24"}],"version-history":[{"count":5,"href":"https:\/\/iturnos.com.ar\/prestadores\/julietapomerantz\/wp-json\/wp\/v2\/pages\/24\/revisions"}],"predecessor-version":[{"id":27,"href":"https:\/\/iturnos.com.ar\/prestadores\/julietapomerantz\/wp-json\/wp\/v2\/pages\/24\/revisions\/27"}],"wp:attachment":[{"href":"https:\/\/iturnos.com.ar\/prestadores\/julietapomerantz\/wp-json\/wp\/v2\/media?parent=24"}],"curies":[{"name":"wp","href":"https:\/\/api.w.org\/{rel}","templated":true}]}}