{"id":2,"date":"2014-06-06T18:08:56","date_gmt":"2014-06-06T18:08:56","guid":{"rendered":"http:\/\/iturnos.com.ar\/prestadores\/julietapomerantz\/?page_id=2"},"modified":"2016-10-17T17:34:00","modified_gmt":"2016-10-17T17:34:00","slug":"pagina-ejemplo","status":"publish","type":"page","link":"https:\/\/iturnos.com.ar\/prestadores\/julietapomerantz\/","title":{"rendered":"Bienvenidos"},"content":{"rendered":"<p><strong><span style=\"text-decoration: underline;\">Consultorio de atenci\u00f3n nutricional<\/span><\/strong><\/p>\n<p>Horarios de atenci\u00f3n:<br \/>\nLunes de 8\u00a0a 14 hs y Jueves de 8 a 14 hs<br \/>\nLunes, martes, mi\u00e9rcoles y Jueves\u00a0de 16 a 20 hs.<br \/>\nReserv\u00e1 tu turno online o por mail: licjulietapomerantz@gmail.com<\/p>\n<p>Enterate de otros servicios ofrecidos en el mismo espacio, visitando la web <a href=\"www.tuequilibrio.com.ar\" target=\"_blank\">www.tuequilibrio.com.ar<\/a>. All\u00ed enciontrar\u00e1s:<\/p>\n<p>Depilaci\u00f3n m\u00e9dica l\u00e1ser<br \/>\nMedicina est\u00e9tica<br \/>\nCosmetolog\u00eda<br \/>\nEst\u00e9tica corporal \/ aparatolog\u00eda<br \/>\nMasoterapia<\/p>\n<p><strong>IMPORTANTE<\/strong>: la reserva de turnos online es s\u00f3lo para atenci\u00f3n nutricional. Para otros turnos, comunicarse telef\u00f3nicamente al 4856.8218 o por mail: info@tuequilibrio.com.ar<\/p>\n","protected":false},"excerpt":{"rendered":"<p>Consultorio de atenci\u00f3n nutricional Horarios de atenci\u00f3n: Lunes de 8\u00a0a 14 hs y Jueves de 8 a 14 hs Lunes, martes, mi\u00e9rcoles y Jueves\u00a0de 16 a 20 hs. Reserv\u00e1 tu turno online o por mail: licjulietapomerantz@gmail.com Enterate de otros servicios &hellip; <a href=\"https:\/\/iturnos.com.ar\/prestadores\/julietapomerantz\/\">Sigue leyendo <span class=\"meta-nav\">&rarr;<\/span><\/a><\/p>\n","protected":false},"author":3,"featured_media":0,"parent":0,"menu_order":0,"comment_status":"closed","ping_status":"open","template":"sidebar-page.php","meta":{"footnotes":""},"_links":{"self":[{"href":"https:\/\/iturnos.com.ar\/prestadores\/julietapomerantz\/wp-json\/wp\/v2\/pages\/2"}],"collection":[{"href":"https:\/\/iturnos.com.ar\/prestadores\/julietapomerantz\/wp-json\/wp\/v2\/pages"}],"about":[{"href":"https:\/\/iturnos.com.ar\/prestadores\/julietapomerantz\/wp-json\/wp\/v2\/types\/page"}],"author":[{"embeddable":true,"href":"https:\/\/iturnos.com.ar\/prestadores\/julietapomerantz\/wp-json\/wp\/v2\/users\/3"}],"replies":[{"embeddable":true,"href":"https:\/\/iturnos.com.ar\/prestadores\/julietapomerantz\/wp-json\/wp\/v2\/comments?post=2"}],"version-history":[{"count":6,"href":"https:\/\/iturnos.com.ar\/prestadores\/julietapomerantz\/wp-json\/wp\/v2\/pages\/2\/revisions"}],"predecessor-version":[{"id":35,"href":"https:\/\/iturnos.com.ar\/prestadores\/julietapomerantz\/wp-json\/wp\/v2\/pages\/2\/revisions\/35"}],"wp:attachment":[{"href":"https:\/\/iturnos.com.ar\/prestadores\/julietapomerantz\/wp-json\/wp\/v2\/media?parent=2"}],"curies":[{"name":"wp","href":"https:\/\/api.w.org\/{rel}","templated":true}]}}