{"id":51,"date":"2017-02-07T18:14:15","date_gmt":"2017-02-07T18:14:15","guid":{"rendered":"http:\/\/iturnos.com.ar\/prestadores\/gruponpsinfantil\/?page_id=51"},"modified":"2023-03-06T20:48:49","modified_gmt":"2023-03-06T20:48:49","slug":"dra-natalia-tringler","status":"publish","type":"page","link":"https:\/\/iturnos.com.ar\/prestadores\/gruponpsinfantil\/dra-natalia-tringler\/","title":{"rendered":"Dra Natalia Tringler"},"content":{"rendered":"<p><strong>Dra Tringler Natalia<\/strong> &#8211; Neur\u00f3loga Infantil<\/p>\n<p><a href=\"http:\/\/iturnos.com.ar\/prestadores\/gruponpsinfantil\/files\/2015\/01\/foto_1935.jpg\"><img loading=\"lazy\" decoding=\"async\" class=\"wp-image-46 alignleft\" src=\"http:\/\/iturnos.com.ar\/prestadores\/gruponpsinfantil\/files\/2015\/01\/foto_1935.jpg\" alt=\"foto_1935\" width=\"248\" height=\"254\" \/><\/a><\/p>\n<p><strong>D\u00eda y horario de atenci\u00f3n:<\/strong><\/p>\n<div dir=\"auto\"><strong>Martes virtual<\/strong> de 9 a 12 hs.<\/p>\n<\/div>\n<div dir=\"auto\"><strong>Jueves presencial<\/strong> de 13:20 a 18:40 hs<\/div>\n","protected":false},"excerpt":{"rendered":"<p>Dra Tringler Natalia &#8211; Neur\u00f3loga Infantil D\u00eda y horario de atenci\u00f3n: Martes virtual de 9 a 12 hs. Jueves presencial de 13:20 a 18:40 hs<\/p>\n","protected":false},"author":2,"featured_media":0,"parent":0,"menu_order":0,"comment_status":"closed","ping_status":"closed","template":"sidebar-page.php","meta":{"footnotes":""},"_links":{"self":[{"href":"https:\/\/iturnos.com.ar\/prestadores\/gruponpsinfantil\/wp-json\/wp\/v2\/pages\/51"}],"collection":[{"href":"https:\/\/iturnos.com.ar\/prestadores\/gruponpsinfantil\/wp-json\/wp\/v2\/pages"}],"about":[{"href":"https:\/\/iturnos.com.ar\/prestadores\/gruponpsinfantil\/wp-json\/wp\/v2\/types\/page"}],"author":[{"embeddable":true,"href":"https:\/\/iturnos.com.ar\/prestadores\/gruponpsinfantil\/wp-json\/wp\/v2\/users\/2"}],"replies":[{"embeddable":true,"href":"https:\/\/iturnos.com.ar\/prestadores\/gruponpsinfantil\/wp-json\/wp\/v2\/comments?post=51"}],"version-history":[{"count":3,"href":"https:\/\/iturnos.com.ar\/prestadores\/gruponpsinfantil\/wp-json\/wp\/v2\/pages\/51\/revisions"}],"predecessor-version":[{"id":153,"href":"https:\/\/iturnos.com.ar\/prestadores\/gruponpsinfantil\/wp-json\/wp\/v2\/pages\/51\/revisions\/153"}],"wp:attachment":[{"href":"https:\/\/iturnos.com.ar\/prestadores\/gruponpsinfantil\/wp-json\/wp\/v2\/media?parent=51"}],"curies":[{"name":"wp","href":"https:\/\/api.w.org\/{rel}","templated":true}]}}