{"id":2,"date":"2015-01-07T20:30:52","date_gmt":"2015-01-07T20:30:52","guid":{"rendered":"http:\/\/iturnos.com.ar\/prestadores\/gruponpsinfantil\/?page_id=2"},"modified":"2025-05-06T16:57:04","modified_gmt":"2025-05-06T16:57:04","slug":"bienvenidos","status":"publish","type":"page","link":"https:\/\/iturnos.com.ar\/prestadores\/gruponpsinfantil\/","title":{"rendered":"Dra Nora Gra\u00f1ana"},"content":{"rendered":"\n<p class=\"has-text-align-center\"><strong>ATENCION: si no encuentra turno disponible, se agregan nuevos los lunes temprano<\/strong><\/p>\n\n\n<p><strong>Neur\u00f3loga Infantil<\/strong><\/p>\n<p><a href=\"http:\/\/iturnos.com.ar\/prestadores\/gruponpsinfantil\/files\/2025\/05\/IMG-20250429-WA0022.jpg\"><img loading=\"lazy\" decoding=\"async\" class=\"wp-image-170  alignleft\" src=\"http:\/\/iturnos.com.ar\/prestadores\/gruponpsinfantil\/files\/2025\/05\/IMG-20250429-WA0022-300x280.jpg\" alt=\"\" width=\"204\" height=\"191\" srcset=\"https:\/\/iturnos.com.ar\/prestadores\/gruponpsinfantil\/files\/2025\/05\/IMG-20250429-WA0022-300x280.jpg 300w, https:\/\/iturnos.com.ar\/prestadores\/gruponpsinfantil\/files\/2025\/05\/IMG-20250429-WA0022-321x300.jpg 321w, https:\/\/iturnos.com.ar\/prestadores\/gruponpsinfantil\/files\/2025\/05\/IMG-20250429-WA0022.jpg 687w\" sizes=\"(max-width: 204px) 100vw, 204px\" \/><\/a><br \/><br \/><strong>D\u00edas y horarios de atenci\u00f3n:<\/strong><\/p>\n<div>Lunes o Martes de 10 a 12:30 hs, s\u00f3lo en <strong>modo virtual<\/strong><\/div>\n<div>\u00a0<\/div>\n<div>Tel: (011) 48736346<\/div>\n<p><img decoding=\"async\" src=\"http:\/\/iturnos.com.ar\/prestadores\/gruponpsinfantil\/files\/2022\/10\/CONSULTORIO-NEURODESARROLLO-foto-1.jpg\" \/><\/p>\n<p><strong>E-MAIL DEL CONSULTORIO: <\/strong><a href=\"mailto:consultorioneurodesarrollo@gmail.com\" target=\"_blank\" rel=\"noopener noreferrer\">consultorioneurodesarrollo@<wbr \/>gmail.com<\/a><\/p>\n<p><strong>\u00a0 \u00a0 \u00a0 \u00a0 \u00a0 \u00a0 \u00a0 \u00a0 \u00a0 \u00a0 \u00a0 \u00a0 \u00a0 \u00a0 \u00a0 \u00a0 \u00a0 \u00a0 \u00a0 \u00a0 \u00a0 \u00a0 \u00a0 \u00a0 \u00a0 \u00a0 \u00a0 \u00a0 \u00a0 \u00a0 \u00a0 \u00a0 \u00a0 \u00a0 \u00a0 \u00a0 \u00a0 <\/strong><\/p>","protected":false},"excerpt":{"rendered":"<p>ATENCION: si no encuentra turno disponible, se agregan nuevos los lunes temprano Neur\u00f3loga Infantil D\u00edas y horarios de atenci\u00f3n: Lunes o Martes de 10 a 12:30 hs, s\u00f3lo en modo virtual \u00a0 Tel: (011) 48736346 E-MAIL DEL CONSULTORIO: consultorioneurodesarrollo@gmail.com \u00a0 &hellip; <a href=\"https:\/\/iturnos.com.ar\/prestadores\/gruponpsinfantil\/\">Sigue leyendo <span class=\"meta-nav\">&rarr;<\/span><\/a><\/p>\n","protected":false},"author":3,"featured_media":0,"parent":0,"menu_order":0,"comment_status":"closed","ping_status":"open","template":"sidebar-page.php","meta":{"footnotes":""},"_links":{"self":[{"href":"https:\/\/iturnos.com.ar\/prestadores\/gruponpsinfantil\/wp-json\/wp\/v2\/pages\/2"}],"collection":[{"href":"https:\/\/iturnos.com.ar\/prestadores\/gruponpsinfantil\/wp-json\/wp\/v2\/pages"}],"about":[{"href":"https:\/\/iturnos.com.ar\/prestadores\/gruponpsinfantil\/wp-json\/wp\/v2\/types\/page"}],"author":[{"embeddable":true,"href":"https:\/\/iturnos.com.ar\/prestadores\/gruponpsinfantil\/wp-json\/wp\/v2\/users\/3"}],"replies":[{"embeddable":true,"href":"https:\/\/iturnos.com.ar\/prestadores\/gruponpsinfantil\/wp-json\/wp\/v2\/comments?post=2"}],"version-history":[{"count":28,"href":"https:\/\/iturnos.com.ar\/prestadores\/gruponpsinfantil\/wp-json\/wp\/v2\/pages\/2\/revisions"}],"predecessor-version":[{"id":172,"href":"https:\/\/iturnos.com.ar\/prestadores\/gruponpsinfantil\/wp-json\/wp\/v2\/pages\/2\/revisions\/172"}],"wp:attachment":[{"href":"https:\/\/iturnos.com.ar\/prestadores\/gruponpsinfantil\/wp-json\/wp\/v2\/media?parent=2"}],"curies":[{"name":"wp","href":"https:\/\/api.w.org\/{rel}","templated":true}]}}