{"id":131,"date":"2023-01-06T16:56:08","date_gmt":"2023-01-06T16:56:08","guid":{"rendered":"https:\/\/iturnos.com.ar\/prestadores\/gruponpsinfantil\/?page_id=131"},"modified":"2023-03-06T20:45:04","modified_gmt":"2023-03-06T20:45:04","slug":"lic-maria-de-los-angeles-torres","status":"publish","type":"page","link":"https:\/\/iturnos.com.ar\/prestadores\/gruponpsinfantil\/lic-maria-de-los-angeles-torres\/","title":{"rendered":"Lic. Mar\u00eda de los \u00c1ngeles Torres"},"content":{"rendered":"\n<p>Evaluaci\u00f3n Neuropsicol\u00f3gica y OSDE<\/p>\n\n\n\n<p>Para la confirmaci\u00f3n del turno es condici\u00f3n enviar dentro de las 48 hs de la reserva, al email:\u00a0<a rel=\"noreferrer noopener\" href=\"mailto:madlangeles@hotmail.com\" target=\"_blank\">madlangeles@hotmail.com<\/a> el comprobante de la transferencia o dep\u00f3sito en la cuenta con CBU\u00a0<strong>0290051310000564114075<\/strong><\/p>\n\n\n\n<p>Los\u00a0pacientes de Osde deben concurrir con la credencial virtual. No hace falta autorizaci\u00f3n previa. Deben abonar un copago en caso de no contar con el certificado de discapacidad.<\/p>\n\n\n\n<p>&nbsp;Enviar un email para ser informado por la profesional.<\/p>\n","protected":false},"excerpt":{"rendered":"<p>Evaluaci\u00f3n Neuropsicol\u00f3gica y OSDE Para la confirmaci\u00f3n del turno es condici\u00f3n enviar dentro de las 48 hs de la reserva, al email:\u00a0madlangeles@hotmail.com el comprobante de la transferencia o dep\u00f3sito en la cuenta con CBU\u00a00290051310000564114075 Los\u00a0pacientes de Osde deben concurrir con &hellip; <a href=\"https:\/\/iturnos.com.ar\/prestadores\/gruponpsinfantil\/lic-maria-de-los-angeles-torres\/\">Sigue leyendo <span class=\"meta-nav\">&rarr;<\/span><\/a><\/p>\n","protected":false},"author":2,"featured_media":0,"parent":0,"menu_order":0,"comment_status":"closed","ping_status":"closed","template":"sidebar-page.php","meta":{"footnotes":""},"_links":{"self":[{"href":"https:\/\/iturnos.com.ar\/prestadores\/gruponpsinfantil\/wp-json\/wp\/v2\/pages\/131"}],"collection":[{"href":"https:\/\/iturnos.com.ar\/prestadores\/gruponpsinfantil\/wp-json\/wp\/v2\/pages"}],"about":[{"href":"https:\/\/iturnos.com.ar\/prestadores\/gruponpsinfantil\/wp-json\/wp\/v2\/types\/page"}],"author":[{"embeddable":true,"href":"https:\/\/iturnos.com.ar\/prestadores\/gruponpsinfantil\/wp-json\/wp\/v2\/users\/2"}],"replies":[{"embeddable":true,"href":"https:\/\/iturnos.com.ar\/prestadores\/gruponpsinfantil\/wp-json\/wp\/v2\/comments?post=131"}],"version-history":[{"count":4,"href":"https:\/\/iturnos.com.ar\/prestadores\/gruponpsinfantil\/wp-json\/wp\/v2\/pages\/131\/revisions"}],"predecessor-version":[{"id":147,"href":"https:\/\/iturnos.com.ar\/prestadores\/gruponpsinfantil\/wp-json\/wp\/v2\/pages\/131\/revisions\/147"}],"wp:attachment":[{"href":"https:\/\/iturnos.com.ar\/prestadores\/gruponpsinfantil\/wp-json\/wp\/v2\/media?parent=131"}],"curies":[{"name":"wp","href":"https:\/\/api.w.org\/{rel}","templated":true}]}}