{"id":129,"date":"2023-01-06T16:55:08","date_gmt":"2023-01-06T16:55:08","guid":{"rendered":"https:\/\/iturnos.com.ar\/prestadores\/gruponpsinfantil\/?page_id=129"},"modified":"2023-03-06T20:46:26","modified_gmt":"2023-03-06T20:46:26","slug":"lic-mirta-ortega","status":"publish","type":"page","link":"https:\/\/iturnos.com.ar\/prestadores\/gruponpsinfantil\/lic-mirta-ortega\/","title":{"rendered":"Lic. Mirta Ortega"},"content":{"rendered":"\n<h1 class=\"wp-block-heading\"><\/h1>\n\n\n\n<p>Evaluaci\u00f3n Neuroling\u00fc\u00edstica y OSDE<\/p>\n\n\n\n<p>Para la confirmaci\u00f3n del turno es condici\u00f3n enviar dentro de las 48 hs de la reserva, al email:\u00a0<a rel=\"noreferrer noopener\" href=\"mailto:Mirtacortega@yahoo.com.ar\" target=\"_blank\">Mirtacortega@yahoo.com.ar<\/a>\u00a0el comprobante o dep\u00f3sito en la cuenta con CBU\u00a00720746630000003524083\u00a0del banco Santander\u00a0 a nombre de\u00a0\u00bb Norberto Kiman\/ mirta ortega\u00a0\u00ab.<\/p>\n\n\n\n<p>Los afiliados de Osde deben:\u00a0concurrir con la credencial virtual y la autorizaci\u00f3n.<br><br>Solicitar autorizaci\u00f3n a nombre de la lic. Mirta Cristina Ortega, prestador NRO 103782.<\/p>\n","protected":false},"excerpt":{"rendered":"<p>Evaluaci\u00f3n Neuroling\u00fc\u00edstica y OSDE Para la confirmaci\u00f3n del turno es condici\u00f3n enviar dentro de las 48 hs de la reserva, al email:\u00a0Mirtacortega@yahoo.com.ar\u00a0el comprobante o dep\u00f3sito en la cuenta con CBU\u00a00720746630000003524083\u00a0del banco Santander\u00a0 a nombre de\u00a0\u00bb Norberto Kiman\/ mirta ortega\u00a0\u00ab. Los &hellip; <a href=\"https:\/\/iturnos.com.ar\/prestadores\/gruponpsinfantil\/lic-mirta-ortega\/\">Sigue leyendo <span class=\"meta-nav\">&rarr;<\/span><\/a><\/p>\n","protected":false},"author":2,"featured_media":0,"parent":0,"menu_order":0,"comment_status":"closed","ping_status":"closed","template":"sidebar-page.php","meta":{"footnotes":""},"_links":{"self":[{"href":"https:\/\/iturnos.com.ar\/prestadores\/gruponpsinfantil\/wp-json\/wp\/v2\/pages\/129"}],"collection":[{"href":"https:\/\/iturnos.com.ar\/prestadores\/gruponpsinfantil\/wp-json\/wp\/v2\/pages"}],"about":[{"href":"https:\/\/iturnos.com.ar\/prestadores\/gruponpsinfantil\/wp-json\/wp\/v2\/types\/page"}],"author":[{"embeddable":true,"href":"https:\/\/iturnos.com.ar\/prestadores\/gruponpsinfantil\/wp-json\/wp\/v2\/users\/2"}],"replies":[{"embeddable":true,"href":"https:\/\/iturnos.com.ar\/prestadores\/gruponpsinfantil\/wp-json\/wp\/v2\/comments?post=129"}],"version-history":[{"count":4,"href":"https:\/\/iturnos.com.ar\/prestadores\/gruponpsinfantil\/wp-json\/wp\/v2\/pages\/129\/revisions"}],"predecessor-version":[{"id":149,"href":"https:\/\/iturnos.com.ar\/prestadores\/gruponpsinfantil\/wp-json\/wp\/v2\/pages\/129\/revisions\/149"}],"wp:attachment":[{"href":"https:\/\/iturnos.com.ar\/prestadores\/gruponpsinfantil\/wp-json\/wp\/v2\/media?parent=129"}],"curies":[{"name":"wp","href":"https:\/\/api.w.org\/{rel}","templated":true}]}}