{"id":127,"date":"2023-01-06T16:54:20","date_gmt":"2023-01-06T16:54:20","guid":{"rendered":"https:\/\/iturnos.com.ar\/prestadores\/gruponpsinfantil\/?page_id=127"},"modified":"2023-03-06T20:47:24","modified_gmt":"2023-03-06T20:47:24","slug":"dra-nadia-gaeto","status":"publish","type":"page","link":"https:\/\/iturnos.com.ar\/prestadores\/gruponpsinfantil\/dra-nadia-gaeto\/","title":{"rendered":"Dra Nadia Gaeto"},"content":{"rendered":"\n<p>Neurolog\u00eda Infantil&nbsp;<\/p>\n\n\n\n<p>D\u00eda y horario de atenci\u00f3n:<br> <br>Martes\u00a0 de\u00a0 15 a 17 hs.<\/p>\n\n\n\n<h1 class=\"wp-block-heading\"><\/h1>\n\n\n\n<p><\/p>\n\n\n\n<p><\/p>\n","protected":false},"excerpt":{"rendered":"<p>Neurolog\u00eda Infantil&nbsp; D\u00eda y horario de atenci\u00f3n: Martes\u00a0 de\u00a0 15 a 17 hs.<\/p>\n","protected":false},"author":2,"featured_media":0,"parent":0,"menu_order":0,"comment_status":"closed","ping_status":"closed","template":"sidebar-page.php","meta":{"footnotes":""},"_links":{"self":[{"href":"https:\/\/iturnos.com.ar\/prestadores\/gruponpsinfantil\/wp-json\/wp\/v2\/pages\/127"}],"collection":[{"href":"https:\/\/iturnos.com.ar\/prestadores\/gruponpsinfantil\/wp-json\/wp\/v2\/pages"}],"about":[{"href":"https:\/\/iturnos.com.ar\/prestadores\/gruponpsinfantil\/wp-json\/wp\/v2\/types\/page"}],"author":[{"embeddable":true,"href":"https:\/\/iturnos.com.ar\/prestadores\/gruponpsinfantil\/wp-json\/wp\/v2\/users\/2"}],"replies":[{"embeddable":true,"href":"https:\/\/iturnos.com.ar\/prestadores\/gruponpsinfantil\/wp-json\/wp\/v2\/comments?post=127"}],"version-history":[{"count":5,"href":"https:\/\/iturnos.com.ar\/prestadores\/gruponpsinfantil\/wp-json\/wp\/v2\/pages\/127\/revisions"}],"predecessor-version":[{"id":152,"href":"https:\/\/iturnos.com.ar\/prestadores\/gruponpsinfantil\/wp-json\/wp\/v2\/pages\/127\/revisions\/152"}],"wp:attachment":[{"href":"https:\/\/iturnos.com.ar\/prestadores\/gruponpsinfantil\/wp-json\/wp\/v2\/media?parent=127"}],"curies":[{"name":"wp","href":"https:\/\/api.w.org\/{rel}","templated":true}]}}