{"id":47,"date":"2017-10-18T16:10:42","date_gmt":"2017-10-18T16:10:42","guid":{"rendered":"http:\/\/iturnos.com.ar\/prestadores\/gabrieleiberman\/?page_id=47"},"modified":"2017-10-18T16:14:24","modified_gmt":"2017-10-18T16:14:24","slug":"preparacion-para-estudio-de-composicion-corporal","status":"publish","type":"page","link":"https:\/\/iturnos.com.ar\/prestadores\/gabrieleiberman\/preparacion-para-estudio-de-composicion-corporal\/","title":{"rendered":"Preparaci\u00f3n para Estudio de Composici\u00f3n Corporal"},"content":{"rendered":"<p class=\"gmail_default\">\n<ul>\n<li class=\"gmail_default\">Ayuno m\u00ednimo de 5 hrs o almuerzo liviano.<\/li>\n<li class=\"gmail_default\">No estar en el ciclo menstrual.<\/li>\n<li class=\"gmail_default\">No realizar Actividad f\u00edsica ese d\u00eda.<\/li>\n<li class=\"gmail_default\">Concurrir con ropa deportiva ( se puede cambiar en el consultorio), top deportivo o sost\u00e9n sin metal.<\/li>\n<li class=\"gmail_default\">Sin bijoutery de metal, si tiene alguna protesis avisar.<\/li>\n<\/ul>\n","protected":false},"excerpt":{"rendered":"<p>Ayuno m\u00ednimo de 5 hrs o almuerzo liviano. No estar en el ciclo menstrual. No realizar Actividad f\u00edsica ese d\u00eda. Concurrir con ropa deportiva ( se puede cambiar en el consultorio), top deportivo o sost\u00e9n sin metal. Sin bijoutery de &hellip; <a href=\"https:\/\/iturnos.com.ar\/prestadores\/gabrieleiberman\/preparacion-para-estudio-de-composicion-corporal\/\">Sigue leyendo <span class=\"meta-nav\">&rarr;<\/span><\/a><\/p>\n","protected":false},"author":2,"featured_media":0,"parent":0,"menu_order":0,"comment_status":"closed","ping_status":"closed","template":"sidebar-page.php","meta":{"footnotes":""},"_links":{"self":[{"href":"https:\/\/iturnos.com.ar\/prestadores\/gabrieleiberman\/wp-json\/wp\/v2\/pages\/47"}],"collection":[{"href":"https:\/\/iturnos.com.ar\/prestadores\/gabrieleiberman\/wp-json\/wp\/v2\/pages"}],"about":[{"href":"https:\/\/iturnos.com.ar\/prestadores\/gabrieleiberman\/wp-json\/wp\/v2\/types\/page"}],"author":[{"embeddable":true,"href":"https:\/\/iturnos.com.ar\/prestadores\/gabrieleiberman\/wp-json\/wp\/v2\/users\/2"}],"replies":[{"embeddable":true,"href":"https:\/\/iturnos.com.ar\/prestadores\/gabrieleiberman\/wp-json\/wp\/v2\/comments?post=47"}],"version-history":[{"count":3,"href":"https:\/\/iturnos.com.ar\/prestadores\/gabrieleiberman\/wp-json\/wp\/v2\/pages\/47\/revisions"}],"predecessor-version":[{"id":50,"href":"https:\/\/iturnos.com.ar\/prestadores\/gabrieleiberman\/wp-json\/wp\/v2\/pages\/47\/revisions\/50"}],"wp:attachment":[{"href":"https:\/\/iturnos.com.ar\/prestadores\/gabrieleiberman\/wp-json\/wp\/v2\/media?parent=47"}],"curies":[{"name":"wp","href":"https:\/\/api.w.org\/{rel}","templated":true}]}}