{"id":2,"date":"2015-10-23T17:31:09","date_gmt":"2015-10-23T17:31:09","guid":{"rendered":"http:\/\/iturnos.com.ar\/prestadores\/gabrieleiberman\/?page_id=2"},"modified":"2025-10-24T14:36:17","modified_gmt":"2025-10-24T14:36:17","slug":"inicio","status":"publish","type":"page","link":"https:\/\/iturnos.com.ar\/prestadores\/gabrieleiberman\/","title":{"rendered":"Dr. Gabriel F. Eiberman"},"content":{"rendered":"<table style=\"height: 510px;\" width=\"584\">\n<tbody>\n<tr>\n<td>Nutrici\u00f3n Pedi\u00e1trica, Diabetes, Soporte Enteral y Parenteral.<\/p>\n<p>Certificaci\u00f3n en Nutrici\u00f3n Deportiva.<\/p>\n<p>An\u00e1lisis de Composici\u00f3n Corporal por Bio Impedancio Multi Frecuencia (Ni\u00f1os, Adolescentes, Adultos). Antropometrista ISAK 1.<\/p>\n<p><a href=\"http:\/\/iturnos.com.ar\/prestadores\/gabrieleiberman\/files\/2015\/10\/IMG-20151026-WA0005.jpg\"><img loading=\"lazy\" decoding=\"async\" class=\" wp-image-8 aligncenter\" src=\"http:\/\/iturnos.com.ar\/prestadores\/gabrieleiberman\/files\/2015\/10\/IMG-20151026-WA0005-225x300.jpg\" alt=\"IMG-20151026-WA0005\" width=\"205\" height=\"269\" \/><\/a><\/td>\n<td>\n<h2><\/h2>\n<h2><\/h2>\n<h2><\/h2>\n<h2><\/h2>\n<h2><\/h2>\n<h2><\/h2>\n<h2>D\u00edas de atenci\u00f3n:<\/h2>\n<ul>\n<li>\u00a0Lunes de 12 a 16 hrs.<\/li>\n<\/ul>\n<h2>Coberturas:<\/h2>\n<ul>\n<li>Osde Binario<\/li>\n<li>Particulares<\/li>\n<\/ul>\n<\/td>\n<\/tr>\n<\/tbody>\n<\/table>\n<p>Medico Pediatra Especialista en Nutrici\u00f3n (UBA), Master en Diabetes (USAL), Intensivista Pedi\u00e1trico (SATI)<br \/>\nMedico de Planta en Nutrici\u00f3n Pedi\u00e1trica y Diabetologia Infanto juvenil, Secci\u00f3n Nutrici\u00f3n, Hospital Nacional Prof. Dr A. Posadas Bs As , Argentina<br \/>\nAn\u00e1lisis de Composici\u00f3n Corporal por Bio Impedancio Multi Frecuencia (Ni\u00f1os, Adolescentes, Adultos)<br \/>\nCertificaci\u00f3n en Nutrici\u00f3n Deportiva.<\/p>\n<p>Si la consulta es urgente, enviar mail a\u00a0<a href=\"mailto:geiberman22@gmail.com\" target=\"_blank\" rel=\"noopener noreferrer\">geiberman22@gmail.com<\/a> y sera respondido dentro de las 24 hrs.<\/p>\n<p>Para Estudio de Composici\u00f3n Corporal Consulte Arancel. Antropometrista ISAK 1.<\/p>\n<p>&nbsp;<\/p>\n<p>&nbsp;<\/p>\n","protected":false},"excerpt":{"rendered":"<p>Nutrici\u00f3n Pedi\u00e1trica, Diabetes, Soporte Enteral y Parenteral. Certificaci\u00f3n en Nutrici\u00f3n Deportiva. An\u00e1lisis de Composici\u00f3n Corporal por Bio Impedancio Multi Frecuencia (Ni\u00f1os, Adolescentes, Adultos). Antropometrista ISAK 1. D\u00edas de atenci\u00f3n: \u00a0Lunes de 12 a 16 hrs. Coberturas: Osde Binario Particulares Medico &hellip; <a href=\"https:\/\/iturnos.com.ar\/prestadores\/gabrieleiberman\/\">Sigue leyendo <span class=\"meta-nav\">&rarr;<\/span><\/a><\/p>\n","protected":false},"author":3,"featured_media":0,"parent":0,"menu_order":0,"comment_status":"closed","ping_status":"open","template":"sidebar-page.php","meta":{"footnotes":""},"_links":{"self":[{"href":"https:\/\/iturnos.com.ar\/prestadores\/gabrieleiberman\/wp-json\/wp\/v2\/pages\/2"}],"collection":[{"href":"https:\/\/iturnos.com.ar\/prestadores\/gabrieleiberman\/wp-json\/wp\/v2\/pages"}],"about":[{"href":"https:\/\/iturnos.com.ar\/prestadores\/gabrieleiberman\/wp-json\/wp\/v2\/types\/page"}],"author":[{"embeddable":true,"href":"https:\/\/iturnos.com.ar\/prestadores\/gabrieleiberman\/wp-json\/wp\/v2\/users\/3"}],"replies":[{"embeddable":true,"href":"https:\/\/iturnos.com.ar\/prestadores\/gabrieleiberman\/wp-json\/wp\/v2\/comments?post=2"}],"version-history":[{"count":17,"href":"https:\/\/iturnos.com.ar\/prestadores\/gabrieleiberman\/wp-json\/wp\/v2\/pages\/2\/revisions"}],"predecessor-version":[{"id":53,"href":"https:\/\/iturnos.com.ar\/prestadores\/gabrieleiberman\/wp-json\/wp\/v2\/pages\/2\/revisions\/53"}],"wp:attachment":[{"href":"https:\/\/iturnos.com.ar\/prestadores\/gabrieleiberman\/wp-json\/wp\/v2\/media?parent=2"}],"curies":[{"name":"wp","href":"https:\/\/api.w.org\/{rel}","templated":true}]}}