{"id":2,"date":"2014-01-10T15:18:40","date_gmt":"2014-01-10T15:18:40","guid":{"rendered":"http:\/\/iturnos.com.ar\/prestadores\/drvetulli\/?page_id=2"},"modified":"2014-01-10T15:27:38","modified_gmt":"2014-01-10T15:27:38","slug":"bienvenidos","status":"publish","type":"page","link":"https:\/\/iturnos.com.ar\/prestadores\/drvetulli\/","title":{"rendered":"Bienvenidos"},"content":{"rendered":"<p><strong>Dr. H\u00e9ctor M. Vetulli<\/strong><\/p>\n<ul>\n<li>Jefe del Servicio de Electrofisiolog\u00eda Card\u00edaca, Arritmias y Marcapasos del Sanatorio Otamendi y Miroli.<\/li>\n<li>Director de la Carrera de M\u00e9dico Especialista en Arritmias y Electrofisiologia Cl\u00ednica, Facultad de Medicina de la UBA<\/li>\n<li>Miembro de la Sociedad Argentina de Cardiolog\u00eda.<\/li>\n<li>Miembro de la Sociedad Argentina de Electrofisiolog\u00eda Card\u00edaca (SADEC).<\/li>\n<li>Miembro de la Heart Rhythm Society (Sociedad de Electrofisiolog\u00eda de Estados Unidos).<\/li>\n<li>Fellow Researcher en Electrofisiolog\u00eda de Syracuse University.<\/li>\n<li>Premio Bunge &amp; Born de la Academia Nacional de Medicina.<\/li>\n<li>Ex Presidente de la Sociedad Argentina de Electrofisiolog\u00eda Card\u00edaca (SADEC).<\/li>\n<li>Ex Director de la publicaci\u00f3n cient\u00edfica \u00abElectrofisiologia y Arritmias\u00bb de la SADEC.<\/li>\n<\/ul>\n","protected":false},"excerpt":{"rendered":"<p>Dr. H\u00e9ctor M. Vetulli Jefe del Servicio de Electrofisiolog\u00eda Card\u00edaca, Arritmias y Marcapasos del Sanatorio Otamendi y Miroli. Director de la Carrera de M\u00e9dico Especialista en Arritmias y Electrofisiologia Cl\u00ednica, Facultad de Medicina de la UBA Miembro de la Sociedad &hellip; <a href=\"https:\/\/iturnos.com.ar\/prestadores\/drvetulli\/\">Sigue leyendo <span class=\"meta-nav\">&rarr;<\/span><\/a><\/p>\n","protected":false},"author":3,"featured_media":0,"parent":0,"menu_order":0,"comment_status":"closed","ping_status":"open","template":"sidebar-page.php","meta":{"footnotes":""},"_links":{"self":[{"href":"https:\/\/iturnos.com.ar\/prestadores\/drvetulli\/wp-json\/wp\/v2\/pages\/2"}],"collection":[{"href":"https:\/\/iturnos.com.ar\/prestadores\/drvetulli\/wp-json\/wp\/v2\/pages"}],"about":[{"href":"https:\/\/iturnos.com.ar\/prestadores\/drvetulli\/wp-json\/wp\/v2\/types\/page"}],"author":[{"embeddable":true,"href":"https:\/\/iturnos.com.ar\/prestadores\/drvetulli\/wp-json\/wp\/v2\/users\/3"}],"replies":[{"embeddable":true,"href":"https:\/\/iturnos.com.ar\/prestadores\/drvetulli\/wp-json\/wp\/v2\/comments?post=2"}],"version-history":[{"count":3,"href":"https:\/\/iturnos.com.ar\/prestadores\/drvetulli\/wp-json\/wp\/v2\/pages\/2\/revisions"}],"predecessor-version":[{"id":6,"href":"https:\/\/iturnos.com.ar\/prestadores\/drvetulli\/wp-json\/wp\/v2\/pages\/2\/revisions\/6"}],"wp:attachment":[{"href":"https:\/\/iturnos.com.ar\/prestadores\/drvetulli\/wp-json\/wp\/v2\/media?parent=2"}],"curies":[{"name":"wp","href":"https:\/\/api.w.org\/{rel}","templated":true}]}}