{"id":2,"date":"2012-07-23T18:27:24","date_gmt":"2012-07-23T18:27:24","guid":{"rendered":"http:\/\/iturnos.com.ar\/prestadores\/drtomasherrero\/?page_id=2"},"modified":"2024-08-14T19:27:21","modified_gmt":"2024-08-14T19:27:21","slug":"pagina-ejemplo","status":"publish","type":"page","link":"https:\/\/iturnos.com.ar\/prestadores\/drtomasherrero\/","title":{"rendered":"Dr. Tom\u00e1s Herrero"},"content":{"rendered":"<p><strong>MEDICINA BIOL\u00d3GICA INTEGRATIVA<br \/>\n<\/strong><strong style=\"font-size: revert;\">ALERGIA E INMUNOLOG\u00cdA CL\u00cdNICA<\/strong><\/p>\n<p class=\"gmail_default\"><strong>Consultorio M\u00e9dico:<\/strong><br \/>\n<strong><span style=\"color: #000000;\">LARREA 1257 PB<br \/>\nTel: (011) 6385-1630 \/ Celular (011) 115 754-9856<\/span><\/strong><\/p>\n<p class=\"gmail_default\">Solicitar turno en esta p\u00e1gina on-line o llamando por tel\u00e9fono de lunes a viernes a partir de las 14hs.<br \/>\nNi\u00f1os: no se atienden consultas por primera vez.<\/p>\n<p class=\"gmail_default\">Para solicitud de recetas de pacientes en seguimiento se pueden enviar al mail de\u00a0<a href=\"mailto:recetasdrherrero@gmail.com\" target=\"_blank\" rel=\"noopener\">recetasdrherrero@gmail.com<\/a>\u00a0con los datos correspondientes.<\/p>\n<p>No se atienden pacientes por Obras Sociales.<\/p>\n<div><\/div>\n<table>\n<tbody>\n<tr>\n<td>\n<h2>Dr. Tom\u00e1s Herrero<\/h2>\n<p><a href=\"https:\/\/iturnos.com.ar\/prestadores\/drtomasherrero\/files\/2012\/07\/Dr-Tomas-Herrero.jpg\"><img loading=\"lazy\" decoding=\"async\" class=\"aligncenter size-full wp-image-45\" title=\"Dr-Tomas-Herrero\" src=\"https:\/\/iturnos.com.ar\/prestadores\/drtomasherrero\/files\/2012\/07\/Dr-Tomas-Herrero.jpg\" alt=\"\" width=\"250\" height=\"250\" srcset=\"https:\/\/iturnos.com.ar\/prestadores\/drtomasherrero\/files\/2012\/07\/Dr-Tomas-Herrero.jpg 250w, https:\/\/iturnos.com.ar\/prestadores\/drtomasherrero\/files\/2012\/07\/Dr-Tomas-Herrero-150x150.jpg 150w\" sizes=\"(max-width: 250px) 100vw, 250px\" \/><\/a><\/td>\n<td>\n<div>\n<h2><span style=\"font-size: revert; font-weight: 300; font-family: inherit; color: #333333;\">.<\/span><\/h2>\n<\/div>\n<\/td>\n<\/tr>\n<\/tbody>\n<\/table>\n<p>Usted esta accediendo a un sitio web de agenda de turnos online. Esta agenda online es solo para consultas,\u00a0 para la atenci\u00f3n m\u00e9dica con el Dr. Tom\u00e1s Herrero.<\/p>\n<p>Para prestaciones espec\u00edficas como estudios o pruebas diagn\u00f3sticas, debe comunicarse telef\u00f3nicamente.<\/p>\n<p>Lo invitamos tambi\u00e9n a recorrer el sitio web <a href=\"http:\/\/www.inmunomodulacion.com.ar\" target=\"_blank\" rel=\"noopener noreferrer\">www.inmunomodulacion.com.ar<\/a><\/p>\n","protected":false},"excerpt":{"rendered":"<p>MEDICINA BIOL\u00d3GICA INTEGRATIVA ALERGIA E INMUNOLOG\u00cdA CL\u00cdNICA Consultorio M\u00e9dico: LARREA 1257 PB Tel: (011) 6385-1630 \/ Celular (011) 115 754-9856 Solicitar turno en esta p\u00e1gina on-line o llamando por tel\u00e9fono de lunes a viernes a partir de las 14hs. Ni\u00f1os: &hellip; <a href=\"https:\/\/iturnos.com.ar\/prestadores\/drtomasherrero\/\">Sigue leyendo <span class=\"meta-nav\">&rarr;<\/span><\/a><\/p>\n","protected":false},"author":2,"featured_media":0,"parent":0,"menu_order":0,"comment_status":"closed","ping_status":"open","template":"sidebar-page.php","meta":{"footnotes":""},"_links":{"self":[{"href":"https:\/\/iturnos.com.ar\/prestadores\/drtomasherrero\/wp-json\/wp\/v2\/pages\/2"}],"collection":[{"href":"https:\/\/iturnos.com.ar\/prestadores\/drtomasherrero\/wp-json\/wp\/v2\/pages"}],"about":[{"href":"https:\/\/iturnos.com.ar\/prestadores\/drtomasherrero\/wp-json\/wp\/v2\/types\/page"}],"author":[{"embeddable":true,"href":"https:\/\/iturnos.com.ar\/prestadores\/drtomasherrero\/wp-json\/wp\/v2\/users\/2"}],"replies":[{"embeddable":true,"href":"https:\/\/iturnos.com.ar\/prestadores\/drtomasherrero\/wp-json\/wp\/v2\/comments?post=2"}],"version-history":[{"count":94,"href":"https:\/\/iturnos.com.ar\/prestadores\/drtomasherrero\/wp-json\/wp\/v2\/pages\/2\/revisions"}],"predecessor-version":[{"id":163,"href":"https:\/\/iturnos.com.ar\/prestadores\/drtomasherrero\/wp-json\/wp\/v2\/pages\/2\/revisions\/163"}],"wp:attachment":[{"href":"https:\/\/iturnos.com.ar\/prestadores\/drtomasherrero\/wp-json\/wp\/v2\/media?parent=2"}],"curies":[{"name":"wp","href":"https:\/\/api.w.org\/{rel}","templated":true}]}}