{"id":7,"date":"2015-10-26T17:26:57","date_gmt":"2015-10-26T17:26:57","guid":{"rendered":"http:\/\/iturnos.com.ar\/prestadores\/drsantillan\/?page_id=7"},"modified":"2016-12-19T21:03:37","modified_gmt":"2016-12-19T21:03:37","slug":"consultorio-zona-norte-acassuso","status":"publish","type":"page","link":"https:\/\/iturnos.com.ar\/prestadores\/drsantillan\/consultorio-zona-norte-acassuso\/","title":{"rendered":"Consultorio Zona norte Acassuso"},"content":{"rendered":"<table>\n<tbody>\n<tr>\n<td>\n<h2>Dr.\u00a0Francisco Santillan<\/h2>\n<p>&nbsp;<\/td>\n<td>\n<h2>D\u00edas de atenci\u00f3n:<\/h2>\n<ul>\n<li>Lunes de 08:00 a 12:30 hs<\/li>\n<li>Miercoles de 14\u00a0a 19:30 hs<\/li>\n<li>Viernes de 08:00 a 12:30 hs<\/li>\n<\/ul>\n<\/td>\n<\/tr>\n<\/tbody>\n<\/table>\n<table>\n<tbody>\n<tr>\n<td>\n<h2>Dr.\u00a0Lucia Maria Santillan<\/h2>\n<p>&nbsp;<\/td>\n<td>\n<h2>D\u00edas de atenci\u00f3n:<\/h2>\n<ul>\n<li>Mi\u00e9rcoles de 16 a 20:00 hs<\/li>\n<\/ul>\n<\/td>\n<\/tr>\n<\/tbody>\n<\/table>\n<p>Av. Santa Fe\u00a01060 6\u00b0\u00a0Dpto C\u00a0\u00a0\u2013 Acassuso\u00a0\u2013 Tel: (011) 4798-1476.<\/p>\n<p>&nbsp;<\/p>\n<p><a href=\"https:\/\/www.google.com.ar\/maps\/place\/Av.+Sta+Fe+1060,+B1641ABP+Acassuso,+Buenos+Aires\/@-34.482355,-58.5072611,17z\/data=!3m1!4b1!4m2!3m1!1s0x95bcb1b26f5adce1:0xd7feee27af0dec9b\" target=\"_blank\"><img loading=\"lazy\" decoding=\"async\" class=\"alignnone size-medium wp-image-23\" src=\"http:\/\/iturnos.com.ar\/prestadores\/drsantillan\/files\/2015\/10\/Dibujo1-300x173.jpg\" alt=\"Dibujo\" width=\"300\" height=\"173\" srcset=\"https:\/\/iturnos.com.ar\/prestadores\/drsantillan\/files\/2015\/10\/Dibujo1-300x173.jpg 300w, https:\/\/iturnos.com.ar\/prestadores\/drsantillan\/files\/2015\/10\/Dibujo1-500x289.jpg 500w, https:\/\/iturnos.com.ar\/prestadores\/drsantillan\/files\/2015\/10\/Dibujo1.jpg 900w\" sizes=\"(max-width: 300px) 100vw, 300px\" \/><\/a><\/p>\n<p>Click en el mapa para verlo mas grande<\/p>\n","protected":false},"excerpt":{"rendered":"<p>Dr.\u00a0Francisco Santillan &nbsp; D\u00edas de atenci\u00f3n: Lunes de 08:00 a 12:30 hs Miercoles de 14\u00a0a 19:30 hs Viernes de 08:00 a 12:30 hs Dr.\u00a0Lucia Maria Santillan &nbsp; D\u00edas de atenci\u00f3n: Mi\u00e9rcoles de 16 a 20:00 hs Av. Santa Fe\u00a01060 6\u00b0\u00a0Dpto &hellip; <a href=\"https:\/\/iturnos.com.ar\/prestadores\/drsantillan\/consultorio-zona-norte-acassuso\/\">Sigue leyendo <span class=\"meta-nav\">&rarr;<\/span><\/a><\/p>\n","protected":false},"author":2,"featured_media":0,"parent":0,"menu_order":0,"comment_status":"closed","ping_status":"open","template":"sidebar-page.php","meta":{"footnotes":""},"_links":{"self":[{"href":"https:\/\/iturnos.com.ar\/prestadores\/drsantillan\/wp-json\/wp\/v2\/pages\/7"}],"collection":[{"href":"https:\/\/iturnos.com.ar\/prestadores\/drsantillan\/wp-json\/wp\/v2\/pages"}],"about":[{"href":"https:\/\/iturnos.com.ar\/prestadores\/drsantillan\/wp-json\/wp\/v2\/types\/page"}],"author":[{"embeddable":true,"href":"https:\/\/iturnos.com.ar\/prestadores\/drsantillan\/wp-json\/wp\/v2\/users\/2"}],"replies":[{"embeddable":true,"href":"https:\/\/iturnos.com.ar\/prestadores\/drsantillan\/wp-json\/wp\/v2\/comments?post=7"}],"version-history":[{"count":9,"href":"https:\/\/iturnos.com.ar\/prestadores\/drsantillan\/wp-json\/wp\/v2\/pages\/7\/revisions"}],"predecessor-version":[{"id":53,"href":"https:\/\/iturnos.com.ar\/prestadores\/drsantillan\/wp-json\/wp\/v2\/pages\/7\/revisions\/53"}],"wp:attachment":[{"href":"https:\/\/iturnos.com.ar\/prestadores\/drsantillan\/wp-json\/wp\/v2\/media?parent=7"}],"curies":[{"name":"wp","href":"https:\/\/api.w.org\/{rel}","templated":true}]}}