{"id":55,"date":"2016-12-19T21:12:04","date_gmt":"2016-12-19T21:12:04","guid":{"rendered":"http:\/\/iturnos.com.ar\/prestadores\/drsantillan\/?page_id=55"},"modified":"2016-12-19T21:13:22","modified_gmt":"2016-12-19T21:13:22","slug":"dra-lucia-maria-santillan","status":"publish","type":"page","link":"https:\/\/iturnos.com.ar\/prestadores\/drsantillan\/dra-lucia-maria-santillan\/","title":{"rendered":"Dra Lucia Maria Santillan"},"content":{"rendered":"<p><a href=\"http:\/\/iturnos.com.ar\/prestadores\/drsantillan\/files\/2016\/12\/foto_21330212.jpg\"><img loading=\"lazy\" decoding=\"async\" class=\"size-full wp-image-58 alignleft\" src=\"http:\/\/iturnos.com.ar\/prestadores\/drsantillan\/files\/2016\/12\/foto_21330212.jpg\" alt=\"foto_21330212\" width=\"171\" height=\"169\" \/><\/a><strong>M\u00e9dica<\/strong> &#8211; <strong>Facultad de Ciencias Biom\u00e9dicas de la Universidad Austral, Pilar, Buenos Aires, Argentina. A\u00f1o de egreso 2008<\/strong><\/p>\n<p><strong>FORMACI\u00d3N M\u00c9DICA<\/strong><\/p>\n<ul>\n<li>Programa de Fellowship en Dermatolog\u00eda est\u00e9tica y correctiva- Hospital Alem\u00e1n, Bs.As.\u00a0Junio 2013- Mayo 2015<\/li>\n<li>\u00a0M\u00e9dica especialista en Dermatolog\u00eda. Sociedad Argentina de Dermatolog\u00eda, Universidad de Buenos Aires. A\u00f1o de egreso 2013<\/li>\n<li>Concurrencia Program\u00e1tica completa en Servicio de Dermatolog\u00eda del Hospital General de Agudos J.M Ramos Mej\u00eda, Bs As. Junio 2009- Mayo 2013<\/li>\n<\/ul>\n<p><strong>DESEMPE\u00d1O ACTUAL<\/strong><\/p>\n<ul>\n<li>M\u00e9dica de planta, Servicio de Dermatolog\u00eda del Hospital Alem\u00e1n \u2013 desde junio 2015.<\/li>\n<li>Estudios de fotograf\u00eda corporal total y microscop\u00eda por epiluminiscencia digital con sistema Fotofinder. Secci\u00f3n Dermatoscop\u00eda Digital, Servicio de Dermatolog\u00eda, Hospital Alem\u00e1n &#8211; desde abril 2014.<\/li>\n<li>Consultas dermatol\u00f3gicas est\u00e9ticas, Hospital Alem\u00e1n \u2013 desde junio 2015 hasta el presente.<\/li>\n<li>Consultas dermatol\u00f3gicas cl\u00ednicas y est\u00e9ticas, Cl\u00ednica Van Thienen \u2013 desde junio 2013 hasta el presente.<\/li>\n<li>Consultas dermatol\u00f3gicas cl\u00ednicas y est\u00e9ticas, consultorio privado.<\/li>\n<\/ul>\n","protected":false},"excerpt":{"rendered":"<p>M\u00e9dica &#8211; Facultad de Ciencias Biom\u00e9dicas de la Universidad Austral, Pilar, Buenos Aires, Argentina. A\u00f1o de egreso 2008 FORMACI\u00d3N M\u00c9DICA Programa de Fellowship en Dermatolog\u00eda est\u00e9tica y correctiva- Hospital Alem\u00e1n, Bs.As.\u00a0Junio 2013- Mayo 2015 \u00a0M\u00e9dica especialista en Dermatolog\u00eda. Sociedad Argentina &hellip; <a href=\"https:\/\/iturnos.com.ar\/prestadores\/drsantillan\/dra-lucia-maria-santillan\/\">Sigue leyendo <span class=\"meta-nav\">&rarr;<\/span><\/a><\/p>\n","protected":false},"author":2,"featured_media":0,"parent":0,"menu_order":0,"comment_status":"closed","ping_status":"closed","template":"sidebar-page.php","meta":{"footnotes":""},"_links":{"self":[{"href":"https:\/\/iturnos.com.ar\/prestadores\/drsantillan\/wp-json\/wp\/v2\/pages\/55"}],"collection":[{"href":"https:\/\/iturnos.com.ar\/prestadores\/drsantillan\/wp-json\/wp\/v2\/pages"}],"about":[{"href":"https:\/\/iturnos.com.ar\/prestadores\/drsantillan\/wp-json\/wp\/v2\/types\/page"}],"author":[{"embeddable":true,"href":"https:\/\/iturnos.com.ar\/prestadores\/drsantillan\/wp-json\/wp\/v2\/users\/2"}],"replies":[{"embeddable":true,"href":"https:\/\/iturnos.com.ar\/prestadores\/drsantillan\/wp-json\/wp\/v2\/comments?post=55"}],"version-history":[{"count":4,"href":"https:\/\/iturnos.com.ar\/prestadores\/drsantillan\/wp-json\/wp\/v2\/pages\/55\/revisions"}],"predecessor-version":[{"id":62,"href":"https:\/\/iturnos.com.ar\/prestadores\/drsantillan\/wp-json\/wp\/v2\/pages\/55\/revisions\/62"}],"wp:attachment":[{"href":"https:\/\/iturnos.com.ar\/prestadores\/drsantillan\/wp-json\/wp\/v2\/media?parent=55"}],"curies":[{"name":"wp","href":"https:\/\/api.w.org\/{rel}","templated":true}]}}