{"id":20,"date":"2014-01-16T16:34:04","date_gmt":"2014-01-16T16:34:04","guid":{"rendered":"http:\/\/iturnos.com.ar\/prestadores\/drhurtado\/?page_id=20"},"modified":"2014-01-16T16:49:42","modified_gmt":"2014-01-16T16:49:42","slug":"antecedentes","status":"publish","type":"page","link":"https:\/\/iturnos.com.ar\/prestadores\/drhurtado\/antecedentes\/","title":{"rendered":"Antecedentes"},"content":{"rendered":"<ul>\n<li><span style=\"color: inherit; font-family: 'Helvetica Neue', Helvetica, Arial, sans-serif; font-size: 15px; font-style: inherit; font-weight: inherit; line-height: 1.625;\">Egresado de <strong>UBA<\/strong>\u00a0<\/span><\/li>\n<li><span style=\"color: inherit; font-family: 'Helvetica Neue', Helvetica, Arial, sans-serif; font-size: 15px; font-style: inherit; font-weight: inherit; line-height: 1.625;\">Residencia completa de Tocoginecolog\u00eda\u00a0<a href=\"http:\/\/www.hospitalpirovano.org.ar\/\" target=\"_blank\"><strong>Hospital Pirovano<\/strong><\/a><\/span><\/li>\n<li><span style=\"color: inherit; font-family: 'Helvetica Neue', Helvetica, Arial, sans-serif; font-size: 15px; font-style: inherit; font-weight: inherit; line-height: 1.625;\">Ex-Jefe de residentes de Tocoginecolog\u00eda\u00a0<a href=\"http:\/\/www.hospitalpirovano.org.ar\/\" target=\"_blank\"><strong>Hospital Pirovano<\/strong><\/a><\/span><\/li>\n<li><span style=\"color: inherit; font-family: 'Helvetica Neue', Helvetica, Arial, sans-serif; font-size: 15px; font-style: inherit; font-weight: inherit; line-height: 1.625;\">M\u00e9dico de staff<a href=\"http:\/\/www.hospitalpirovano.org.ar\/\" target=\"_blank\"><strong> Hospital Pirovano<\/strong><\/a><\/span><\/li>\n<li><span style=\"color: inherit; font-family: 'Helvetica Neue', Helvetica, Arial, sans-serif; font-size: 15px; font-style: inherit; font-weight: inherit; line-height: 1.625;\">Jefe de Ginecolog\u00eda <a href=\"http:\/\/www.uthgra.org.ar\" target=\"_blank\"><strong>Obra Social del Personal Gastron\u00f3mico<\/strong><\/a><\/span><\/li>\n<li><span style=\"color: inherit; font-family: 'Helvetica Neue', Helvetica, Arial, sans-serif; font-size: 15px; font-style: inherit; font-weight: inherit; line-height: 1.625;\">Miembro de la <strong><a href=\"http:\/\/www.samas.org.ar\/\" target=\"_blank\">Sociedad Argentina de Mastolog\u00eda <\/a>(SAM)<\/strong><\/span><\/li>\n<li><span style=\"color: inherit; font-family: 'Helvetica Neue', Helvetica, Arial, sans-serif; font-size: 15px; font-style: inherit; font-weight: inherit; line-height: 1.625;\">Docente <strong>UBA<\/strong><\/span><\/li>\n<li><span style=\"color: inherit; font-family: 'Helvetica Neue', Helvetica, Arial, sans-serif; font-size: 15px; font-style: inherit; font-weight: inherit; line-height: 1.625;\">Docente en la\u00a0<strong><a href=\"http:\/\/www.sogiba.org.ar\/\" target=\"_blank\">Sociedad de Ginecolog\u00eda y Obstetricia<\/a> (SOGIBA)<\/strong><\/span><\/li>\n<li><span style=\"color: inherit; font-family: 'Helvetica Neue', Helvetica, Arial, sans-serif; font-size: 15px; font-style: inherit; font-weight: inherit; line-height: 1.625;\">Especialista recertificado de Ginecolog\u00eda y Obstetricia<\/span><\/li>\n<\/ul>\n","protected":false},"excerpt":{"rendered":"<p>Egresado de UBA\u00a0 Residencia completa de Tocoginecolog\u00eda\u00a0Hospital Pirovano Ex-Jefe de residentes de Tocoginecolog\u00eda\u00a0Hospital Pirovano M\u00e9dico de staff Hospital Pirovano Jefe de Ginecolog\u00eda Obra Social del Personal Gastron\u00f3mico Miembro de la Sociedad Argentina de Mastolog\u00eda (SAM) Docente UBA Docente en la\u00a0Sociedad &hellip; <a href=\"https:\/\/iturnos.com.ar\/prestadores\/drhurtado\/antecedentes\/\">Sigue leyendo <span class=\"meta-nav\">&rarr;<\/span><\/a><\/p>\n","protected":false},"author":7,"featured_media":0,"parent":0,"menu_order":0,"comment_status":"closed","ping_status":"open","template":"sidebar-page.php","meta":{"footnotes":""},"_links":{"self":[{"href":"https:\/\/iturnos.com.ar\/prestadores\/drhurtado\/wp-json\/wp\/v2\/pages\/20"}],"collection":[{"href":"https:\/\/iturnos.com.ar\/prestadores\/drhurtado\/wp-json\/wp\/v2\/pages"}],"about":[{"href":"https:\/\/iturnos.com.ar\/prestadores\/drhurtado\/wp-json\/wp\/v2\/types\/page"}],"author":[{"embeddable":true,"href":"https:\/\/iturnos.com.ar\/prestadores\/drhurtado\/wp-json\/wp\/v2\/users\/7"}],"replies":[{"embeddable":true,"href":"https:\/\/iturnos.com.ar\/prestadores\/drhurtado\/wp-json\/wp\/v2\/comments?post=20"}],"version-history":[{"count":3,"href":"https:\/\/iturnos.com.ar\/prestadores\/drhurtado\/wp-json\/wp\/v2\/pages\/20\/revisions"}],"predecessor-version":[{"id":23,"href":"https:\/\/iturnos.com.ar\/prestadores\/drhurtado\/wp-json\/wp\/v2\/pages\/20\/revisions\/23"}],"wp:attachment":[{"href":"https:\/\/iturnos.com.ar\/prestadores\/drhurtado\/wp-json\/wp\/v2\/media?parent=20"}],"curies":[{"name":"wp","href":"https:\/\/api.w.org\/{rel}","templated":true}]}}