{"id":2,"date":"2013-11-11T15:08:07","date_gmt":"2013-11-11T15:08:07","guid":{"rendered":"http:\/\/iturnos.com.ar\/prestadores\/drhurtado\/?page_id=2"},"modified":"2023-06-30T17:02:41","modified_gmt":"2023-06-30T17:02:41","slug":"ginecologia-y-obstetricia","status":"publish","type":"page","link":"https:\/\/iturnos.com.ar\/prestadores\/drhurtado\/","title":{"rendered":"Ginecolog\u00eda y Obstetricia  Uroginecolog\u00eda  Patolog\u00eda Mamaria."},"content":{"rendered":"<p><span id=\"shop1_adress_c\" class=\"sugar_field\">Ciudad de la Paz 693 Piso 1\u00ba A<\/span> &#8211; Capital Federal &#8211; Tel: (011) 4771-3180<\/p>\n<table>\n<tbody>\n<tr>\n<td>\n<h2>Dr. Roberto Hurtado<\/h2>\n<p style=\"text-align: center;\"><a href=\"http:\/\/iturnos.com.ar\/prestadores\/drhurtado\/files\/2013\/11\/Dr-Hurtado.jpg\"><img loading=\"lazy\" decoding=\"async\" class=\"aligncenter wp-image-10\" src=\"http:\/\/iturnos.com.ar\/prestadores\/drhurtado\/files\/2013\/11\/Dr-Hurtado.jpg\" alt=\"Dr Hurtado\" width=\"259\" height=\"194\" srcset=\"https:\/\/iturnos.com.ar\/prestadores\/drhurtado\/files\/2013\/11\/Dr-Hurtado.jpg 1000w, https:\/\/iturnos.com.ar\/prestadores\/drhurtado\/files\/2013\/11\/Dr-Hurtado-300x225.jpg 300w, https:\/\/iturnos.com.ar\/prestadores\/drhurtado\/files\/2013\/11\/Dr-Hurtado-400x300.jpg 400w\" sizes=\"(max-width: 259px) 100vw, 259px\" \/><\/a><\/p>\n<\/td>\n<td>\n<h2>D\u00edas de atenci\u00f3n:<\/h2>\n<ul>\n<li>Martes de 15:00 a 18:00 hs<\/li>\n<li>Mi\u00e9rcoles de 15:00 a 19:15 hs<\/li>\n<li>Jueves de 15:00 a 19:15 hs<\/li>\n<\/ul>\n<h2>Coberturas:<\/h2>\n<ul>\n<li>Osde Binario<\/li>\n<li>Accord Salud<\/li>\n<li>Swiss Medical, Docthos, Nubial, Qualitas<\/li>\n<li>Medif\u00e9<\/li>\n<li>Particulares<\/li>\n<\/ul>\n<\/td>\n<\/tr>\n<\/tbody>\n<\/table>\n<p><script type=\"text\/javascript\">\/\/ <![CDATA[ var _gaq = _gaq || []; _gaq.push(['_setAccount', 'UA-7554044-2']); _gaq.push(['_trackPageview']); (function() { var ga = document.createElement('script'); ga.type = 'text\/javascript'; ga.async = true; ga.src = ('https:' == document.location.protocol ? 'https:\/\/ssl' : 'http:\/\/www') + '.google-analytics.com\/ga.js'; var s = document.getElementsByTagName('script')[0]; s.parentNode.insertBefore(ga, s); })(); \/\/ ]]><\/script><\/p>\n","protected":false},"excerpt":{"rendered":"<p>Ciudad de la Paz 693 Piso 1\u00ba A &#8211; Capital Federal &#8211; Tel: (011) 4771-3180 Dr. Roberto Hurtado D\u00edas de atenci\u00f3n: Martes de 15:00 a 18:00 hs Mi\u00e9rcoles de 15:00 a 19:15 hs Jueves de 15:00 a 19:15 hs Coberturas: &hellip; <a href=\"https:\/\/iturnos.com.ar\/prestadores\/drhurtado\/\">Sigue leyendo <span class=\"meta-nav\">&rarr;<\/span><\/a><\/p>\n","protected":false},"author":3,"featured_media":0,"parent":0,"menu_order":0,"comment_status":"closed","ping_status":"open","template":"sidebar-page.php","meta":{"footnotes":""},"_links":{"self":[{"href":"https:\/\/iturnos.com.ar\/prestadores\/drhurtado\/wp-json\/wp\/v2\/pages\/2"}],"collection":[{"href":"https:\/\/iturnos.com.ar\/prestadores\/drhurtado\/wp-json\/wp\/v2\/pages"}],"about":[{"href":"https:\/\/iturnos.com.ar\/prestadores\/drhurtado\/wp-json\/wp\/v2\/types\/page"}],"author":[{"embeddable":true,"href":"https:\/\/iturnos.com.ar\/prestadores\/drhurtado\/wp-json\/wp\/v2\/users\/3"}],"replies":[{"embeddable":true,"href":"https:\/\/iturnos.com.ar\/prestadores\/drhurtado\/wp-json\/wp\/v2\/comments?post=2"}],"version-history":[{"count":18,"href":"https:\/\/iturnos.com.ar\/prestadores\/drhurtado\/wp-json\/wp\/v2\/pages\/2\/revisions"}],"predecessor-version":[{"id":47,"href":"https:\/\/iturnos.com.ar\/prestadores\/drhurtado\/wp-json\/wp\/v2\/pages\/2\/revisions\/47"}],"wp:attachment":[{"href":"https:\/\/iturnos.com.ar\/prestadores\/drhurtado\/wp-json\/wp\/v2\/media?parent=2"}],"curies":[{"name":"wp","href":"https:\/\/api.w.org\/{rel}","templated":true}]}}