{"id":86,"date":"2017-12-04T14:06:11","date_gmt":"2017-12-04T14:06:11","guid":{"rendered":"http:\/\/iturnos.com.ar\/prestadores\/drcafferata\/?page_id=86"},"modified":"2017-12-04T14:55:04","modified_gmt":"2017-12-04T14:55:04","slug":"cobertura-medica","status":"publish","type":"page","link":"https:\/\/iturnos.com.ar\/prestadores\/drcafferata\/cobertura-medica\/","title":{"rendered":"Cobertura Medica"},"content":{"rendered":"<div class=\"gmail_default\">Estimados afiliados a UP y ACCORD SALUD, queremos hacerles saber que por disposici\u00f3n de la Obra Social s\u00f3lo se podr\u00e1n atender 2 (dos) veces al mes. Tener en cuenta al solicitar turnos y\/o recetas.<\/div>\n<div class=\"gmail_default\">Gracias por su comprensi\u00f3n.<\/div>\n<div class=\"gmail_default\"><\/div>\n","protected":false},"excerpt":{"rendered":"<p>Estimados afiliados a UP y ACCORD SALUD, queremos hacerles saber que por disposici\u00f3n de la Obra Social s\u00f3lo se podr\u00e1n atender 2 (dos) veces al mes. Tener en cuenta al solicitar turnos y\/o recetas. Gracias por su comprensi\u00f3n.<\/p>\n","protected":false},"author":2,"featured_media":0,"parent":0,"menu_order":0,"comment_status":"closed","ping_status":"closed","template":"sidebar-page.php","meta":{"footnotes":""},"_links":{"self":[{"href":"https:\/\/iturnos.com.ar\/prestadores\/drcafferata\/wp-json\/wp\/v2\/pages\/86"}],"collection":[{"href":"https:\/\/iturnos.com.ar\/prestadores\/drcafferata\/wp-json\/wp\/v2\/pages"}],"about":[{"href":"https:\/\/iturnos.com.ar\/prestadores\/drcafferata\/wp-json\/wp\/v2\/types\/page"}],"author":[{"embeddable":true,"href":"https:\/\/iturnos.com.ar\/prestadores\/drcafferata\/wp-json\/wp\/v2\/users\/2"}],"replies":[{"embeddable":true,"href":"https:\/\/iturnos.com.ar\/prestadores\/drcafferata\/wp-json\/wp\/v2\/comments?post=86"}],"version-history":[{"count":3,"href":"https:\/\/iturnos.com.ar\/prestadores\/drcafferata\/wp-json\/wp\/v2\/pages\/86\/revisions"}],"predecessor-version":[{"id":90,"href":"https:\/\/iturnos.com.ar\/prestadores\/drcafferata\/wp-json\/wp\/v2\/pages\/86\/revisions\/90"}],"wp:attachment":[{"href":"https:\/\/iturnos.com.ar\/prestadores\/drcafferata\/wp-json\/wp\/v2\/media?parent=86"}],"curies":[{"name":"wp","href":"https:\/\/api.w.org\/{rel}","templated":true}]}}