{"id":2,"date":"2014-01-15T19:16:26","date_gmt":"2014-01-15T19:16:26","guid":{"rendered":"http:\/\/iturnos.com.ar\/prestadores\/drcafferata\/?page_id=2"},"modified":"2025-10-24T15:09:45","modified_gmt":"2025-10-24T15:09:45","slug":"pagina-ejemplo","status":"publish","type":"page","link":"https:\/\/iturnos.com.ar\/prestadores\/drcafferata\/","title":{"rendered":"Bienvenidos"},"content":{"rendered":"<p style=\"text-align: center;\"><span style=\"color: #000000;\">Dr. Alberto M.Cafferata &#8211; M\u00e9dico Cardi\u00f3logo &#8211; Cl\u00ednica M\u00e9dica<br \/>\n<\/span><\/p>\n<p><strong><span style=\"color: #ff0000;\">LOS TURNOS DE PRIMERA VEZ SE DEBEN TOMAR AL INICIO DE LA AGENDA DIARIA.<\/span><\/p>\n<p>Los PACIENTES PARTICULARES se atienden los d\u00edas lunes despu\u00e9s del mediod\u00eda.<br \/>\n<\/strong><\/p>\n<p style=\"text-align: left;\"><strong>PACIENTES DE OSDE TOMAR DIRECTAMENTE TURNOS POR AGENDA ON LINE DE OSDE O A TRAVES DE ITURNOS.<\/strong><\/p>\n<div dir=\"ltr\"><strong>Pacientes de ultimas horas turnos telef\u00f3nicamente 48049969<\/strong><\/div>\n<h1><strong><br \/>\nDIABETES &#8211; L\u00cdPIDOS &#8211; ESPECIALISTA EN COLESTEROL Y TRIGLICERIDOS<br \/>\n<\/strong><\/h1>\n<p><span style=\"color: #0000ff;\"><strong>ATENDEMOS OSDE TODOS LOS PLANES DEL 210 A 510.<\/strong><\/span><\/p>\n<p><strong>Estudios m\u00e9dicos:<\/strong><\/p>\n<ul>\n<li>Presurometria<\/li>\n<li>Electrocardiograma<\/li>\n<li>Ecocardiograma<\/li>\n<li>Doppler Cardiaco<\/li>\n<\/ul>\n<p>TURNOS PARA PRACTICA SOLICITARLOS TELEF\u00d3NICAMENTE.<\/p>\n<p><strong>Para solicitar recetas enviar un email a: cafferatacardio@gmail.com<\/strong><\/p>\n","protected":false},"excerpt":{"rendered":"<p>Dr. Alberto M.Cafferata &#8211; M\u00e9dico Cardi\u00f3logo &#8211; Cl\u00ednica M\u00e9dica LOS TURNOS DE PRIMERA VEZ SE DEBEN TOMAR AL INICIO DE LA AGENDA DIARIA. Los PACIENTES PARTICULARES se atienden los d\u00edas lunes despu\u00e9s del mediod\u00eda. PACIENTES DE OSDE TOMAR DIRECTAMENTE TURNOS &hellip; <a href=\"https:\/\/iturnos.com.ar\/prestadores\/drcafferata\/\">Sigue leyendo <span class=\"meta-nav\">&rarr;<\/span><\/a><\/p>\n","protected":false},"author":3,"featured_media":0,"parent":0,"menu_order":0,"comment_status":"closed","ping_status":"open","template":"sidebar-page.php","meta":{"footnotes":""},"_links":{"self":[{"href":"https:\/\/iturnos.com.ar\/prestadores\/drcafferata\/wp-json\/wp\/v2\/pages\/2"}],"collection":[{"href":"https:\/\/iturnos.com.ar\/prestadores\/drcafferata\/wp-json\/wp\/v2\/pages"}],"about":[{"href":"https:\/\/iturnos.com.ar\/prestadores\/drcafferata\/wp-json\/wp\/v2\/types\/page"}],"author":[{"embeddable":true,"href":"https:\/\/iturnos.com.ar\/prestadores\/drcafferata\/wp-json\/wp\/v2\/users\/3"}],"replies":[{"embeddable":true,"href":"https:\/\/iturnos.com.ar\/prestadores\/drcafferata\/wp-json\/wp\/v2\/comments?post=2"}],"version-history":[{"count":100,"href":"https:\/\/iturnos.com.ar\/prestadores\/drcafferata\/wp-json\/wp\/v2\/pages\/2\/revisions"}],"predecessor-version":[{"id":213,"href":"https:\/\/iturnos.com.ar\/prestadores\/drcafferata\/wp-json\/wp\/v2\/pages\/2\/revisions\/213"}],"wp:attachment":[{"href":"https:\/\/iturnos.com.ar\/prestadores\/drcafferata\/wp-json\/wp\/v2\/media?parent=2"}],"curies":[{"name":"wp","href":"https:\/\/api.w.org\/{rel}","templated":true}]}}