{"id":2,"date":"2016-12-05T18:24:15","date_gmt":"2016-12-05T18:24:15","guid":{"rendered":"http:\/\/iturnos.com.ar\/prestadores\/drajuliakorth\/?page_id=2"},"modified":"2020-04-21T14:48:08","modified_gmt":"2020-04-21T14:48:08","slug":"bienvenidos","status":"publish","type":"page","link":"https:\/\/iturnos.com.ar\/prestadores\/drajuliakorth\/","title":{"rendered":"Bienvenidos"},"content":{"rendered":"<p><span style=\"color: #ff0000;\"><strong>Atenci\u00f3n: el dia del turno concurran con tapa boca.!<\/strong><\/span><\/p>\n<ul>\n<li>Especialista universitaria en Oftlamolog\u00eda\u00a0 de la UBA.<\/li>\n<li>Miembro de la Sociedad Argentina de Oftalmolog\u00eda<\/li>\n<li>Miembro del Consejo Argentino de Oftalmolog\u00eda<\/li>\n<\/ul>\n<p>Atenci\u00f3n\u00a0ni\u00f1os y adultos.<\/p>\n<p><strong>Direcci\u00f3n: Avenida Julio A Roca 353, 1er Piso, Oficina 3, Chubut, Argentina<\/strong><\/p>\n<p style=\"text-align: center;\"><a href=\"https:\/\/www.google.com.ar\/maps\/place\/Av.+Julio+Argentino+Roca+353,+U9120+Puerto+Madryn,+Chubut\/@-42.7673001,-65.0349386,17z\/data=!3m1!4b1!4m5!3m4!1s0xbe024a9c721bf073:0xb62e5bd3a3176842!8m2!3d-42.7673041!4d-65.0327499\"><img decoding=\"async\" class=\"aligncenter\" src=\"http:\/\/iturnos.com.ar\/prestadores\/drajuliakorth\/files\/2018\/05\/mapakort.jpg\" \/><\/a>(Haz Click sobre el mapa para ampliarlo)<\/p>\n<div><\/div>\n","protected":false},"excerpt":{"rendered":"<p>Atenci\u00f3n: el dia del turno concurran con tapa boca.! Especialista universitaria en Oftlamolog\u00eda\u00a0 de la UBA. Miembro de la Sociedad Argentina de Oftalmolog\u00eda Miembro del Consejo Argentino de Oftalmolog\u00eda Atenci\u00f3n\u00a0ni\u00f1os y adultos. Direcci\u00f3n: Avenida Julio A Roca 353, 1er Piso, &hellip; <a href=\"https:\/\/iturnos.com.ar\/prestadores\/drajuliakorth\/\">Sigue leyendo <span class=\"meta-nav\">&rarr;<\/span><\/a><\/p>\n","protected":false},"author":3,"featured_media":0,"parent":0,"menu_order":0,"comment_status":"closed","ping_status":"open","template":"sidebar-page.php","meta":{"footnotes":""},"_links":{"self":[{"href":"https:\/\/iturnos.com.ar\/prestadores\/drajuliakorth\/wp-json\/wp\/v2\/pages\/2"}],"collection":[{"href":"https:\/\/iturnos.com.ar\/prestadores\/drajuliakorth\/wp-json\/wp\/v2\/pages"}],"about":[{"href":"https:\/\/iturnos.com.ar\/prestadores\/drajuliakorth\/wp-json\/wp\/v2\/types\/page"}],"author":[{"embeddable":true,"href":"https:\/\/iturnos.com.ar\/prestadores\/drajuliakorth\/wp-json\/wp\/v2\/users\/3"}],"replies":[{"embeddable":true,"href":"https:\/\/iturnos.com.ar\/prestadores\/drajuliakorth\/wp-json\/wp\/v2\/comments?post=2"}],"version-history":[{"count":11,"href":"https:\/\/iturnos.com.ar\/prestadores\/drajuliakorth\/wp-json\/wp\/v2\/pages\/2\/revisions"}],"predecessor-version":[{"id":33,"href":"https:\/\/iturnos.com.ar\/prestadores\/drajuliakorth\/wp-json\/wp\/v2\/pages\/2\/revisions\/33"}],"wp:attachment":[{"href":"https:\/\/iturnos.com.ar\/prestadores\/drajuliakorth\/wp-json\/wp\/v2\/media?parent=2"}],"curies":[{"name":"wp","href":"https:\/\/api.w.org\/{rel}","templated":true}]}}