{"id":546,"date":"2023-07-07T21:35:08","date_gmt":"2023-07-07T21:35:08","guid":{"rendered":"https:\/\/iturnos.com.ar\/prestadores\/doctoresmurga\/?page_id=546"},"modified":"2025-09-05T14:37:38","modified_gmt":"2025-09-05T14:37:38","slug":"dr-ignacio-jose-murga","status":"publish","type":"page","link":"https:\/\/iturnos.com.ar\/prestadores\/doctoresmurga\/dr-ignacio-jose-murga\/","title":{"rendered":"Dr Jose Ignacio Murga"},"content":{"rendered":"<div class=\"wp-block-image\">\n<figure class=\"alignleft\"><img decoding=\"async\" src=\"http:\/\/iturnos.com.ar\/prestadores\/doctoresmurga\/files\/2014\/11\/josemurga.jpg\" alt=\"\"\/><\/figure><\/div>\n\n\n<p>Especialista en Otorrinolaringolog\u00eda<\/p>\n\n\n\n<ul>\n<li>M\u00e9dico Certificado por la Federaci\u00f3n Argentina de Otorrinolaringolog\u00eda<\/li>\n\n\n\n<li>Ex Jefe de Laringolog\u00eda del Hospital de Cl\u00ednicas Jos\u00e9 de San Martin<\/li>\n\n\n\n<li>Docente Autorizado de la UBA<\/li>\n\n\n\n<li>Miembro de la American Academy of Otolaryngology-Head and Neck Surgery<\/li>\n<\/ul>\n\n\n\n<p><strong>Coberturas:<\/strong><\/p>\n\n\n\n<ul>\n<li>Particular valor consulta $70.000<\/li>\n\n\n\n<li>Osde<\/li>\n\n\n\n<li>Galeno Oro y Plata<\/li>\n\n\n\n<li>Docthos<\/li>\n\n\n\n<li>Swiss Medical (Swiss nubial no atendemos)<\/li>\n\n\n\n<li>Omint O y F<\/li>\n\n\n\n<li>Osdipp<\/li>\n<\/ul>\n\n\n\n<p><strong>El Dr. Jos\u00e9 Ignacio Murga atiende en forma presencial unicamente los d\u00edas mi\u00e9rcoles. Agende turnos por ITURNOS.<\/strong><br><strong>Turnos en la semana  s\u00f3lo en forma particular mandar mensaje por whatsapp al 1144082290 o por mail a joseimurga@gmail.com<\/strong><\/p>\n\n\n\n<p><strong>La Dra. Marcela Murga reemplaza al Dr. Jose Ignacio Murga en forma presencial los d\u00edas martes y viernes. Agende turnos por ITURNOS.<\/strong><\/p>\n\n\n\n<p><strong>Para turnos audiometrias<\/strong><\/p>\n\n\n\n<p><strong>Llamar al 48134146 los d\u00edas martes por la tarde Y viernes todo el d\u00eda, o por WhatsApp escriba solamente no llamar al 1141974689 por la tarde<\/strong>.<\/p>\n\n\n<div class=\"wp-block-image\">\n<figure class=\"aligncenter is-resized\"><a href=\"https:\/\/secure.iturnos.com\/www.murgaconsultorio.com.ar\/iturnos\/agendas.php?id_agenda=1550\"><img loading=\"lazy\" decoding=\"async\" width=\"665\" height=\"223\" src=\"http:\/\/iturnos.com.ar\/prestadores\/doctoresmurga\/files\/2014\/11\/boton-turnos.jpg\" alt=\"boton turnos\" class=\"wp-image-104\" style=\"width:-286px;height:-101px\" srcset=\"https:\/\/iturnos.com.ar\/prestadores\/doctoresmurga\/files\/2014\/11\/boton-turnos.jpg 665w, https:\/\/iturnos.com.ar\/prestadores\/doctoresmurga\/files\/2014\/11\/boton-turnos-300x100.jpg 300w, https:\/\/iturnos.com.ar\/prestadores\/doctoresmurga\/files\/2014\/11\/boton-turnos-500x167.jpg 500w\" sizes=\"(max-width: 665px) 100vw, 665px\" \/><\/a><\/figure><\/div>","protected":false},"excerpt":{"rendered":"<p>Especialista en Otorrinolaringolog\u00eda Coberturas: El Dr. Jos\u00e9 Ignacio Murga atiende en forma presencial unicamente los d\u00edas mi\u00e9rcoles. Agende turnos por ITURNOS.Turnos en la semana s\u00f3lo en forma particular mandar mensaje por whatsapp al 1144082290 o por mail a joseimurga@gmail.com La &hellip; <a href=\"https:\/\/iturnos.com.ar\/prestadores\/doctoresmurga\/dr-ignacio-jose-murga\/\">Sigue leyendo <span class=\"meta-nav\">&rarr;<\/span><\/a><\/p>\n","protected":false},"author":2,"featured_media":0,"parent":0,"menu_order":0,"comment_status":"closed","ping_status":"closed","template":"","meta":{"footnotes":""},"_links":{"self":[{"href":"https:\/\/iturnos.com.ar\/prestadores\/doctoresmurga\/wp-json\/wp\/v2\/pages\/546"}],"collection":[{"href":"https:\/\/iturnos.com.ar\/prestadores\/doctoresmurga\/wp-json\/wp\/v2\/pages"}],"about":[{"href":"https:\/\/iturnos.com.ar\/prestadores\/doctoresmurga\/wp-json\/wp\/v2\/types\/page"}],"author":[{"embeddable":true,"href":"https:\/\/iturnos.com.ar\/prestadores\/doctoresmurga\/wp-json\/wp\/v2\/users\/2"}],"replies":[{"embeddable":true,"href":"https:\/\/iturnos.com.ar\/prestadores\/doctoresmurga\/wp-json\/wp\/v2\/comments?post=546"}],"version-history":[{"count":18,"href":"https:\/\/iturnos.com.ar\/prestadores\/doctoresmurga\/wp-json\/wp\/v2\/pages\/546\/revisions"}],"predecessor-version":[{"id":602,"href":"https:\/\/iturnos.com.ar\/prestadores\/doctoresmurga\/wp-json\/wp\/v2\/pages\/546\/revisions\/602"}],"wp:attachment":[{"href":"https:\/\/iturnos.com.ar\/prestadores\/doctoresmurga\/wp-json\/wp\/v2\/media?parent=546"}],"curies":[{"name":"wp","href":"https:\/\/api.w.org\/{rel}","templated":true}]}}