{"id":2,"date":"2015-03-20T14:44:46","date_gmt":"2015-03-20T14:44:46","guid":{"rendered":"http:\/\/iturnos.com.ar\/prestadores\/doctorauliana\/?page_id=2"},"modified":"2025-08-28T12:05:11","modified_gmt":"2025-08-28T12:05:11","slug":"bienvenidos","status":"publish","type":"page","link":"https:\/\/iturnos.com.ar\/prestadores\/doctorauliana\/","title":{"rendered":"Bienvenidos!"},"content":{"rendered":"\n<h3 class=\"wp-block-heading\"><img loading=\"lazy\" decoding=\"async\" width=\"32\" height=\"32\" src=\"http:\/\/prestador.iturnos.com\/images\/whatsapp.png\" alt=\"https:\/\/wa.me\/1128074331?text=Hola%20Dra,%20necesito%20informaci%C3%B3n%20sobre%20\"> <strong><a href=\"https:\/\/wa.me\/+5491130045400?text=Hola%20Dra,%20necesito%20informaci%C3%B3n%20sobre%20\" data-type=\"link\" data-id=\"https:\/\/wa.me\/+5491130045400?text=Hola%20Dra,%20necesito%20informaci%C3%B3n%20sobre%20\" target=\"_blank\" rel=\"noreferrer noopener\">CONTACTO VIA WHATSAPP<\/a><a href=\"https:\/\/wa.me\/5491140874090?text=Hola%20Dra,%20necesito%20informaci%C3%B3n%20sobre%20\" target=\"_blank\" rel=\"noreferrer noopener\"><\/a><\/strong><\/h3>\n\n\n\n<p><br><strong>DERMATOLOG\u00cdA Y EST\u00c9TICA<\/strong><\/p>\n\n\n\n<p>-Consultas y pr\u00e1cticas dermatol\u00f3gicas biopsias, cr\u00edo cirug\u00eda<\/p>\n\n\n\n<p>-Est\u00e9tica. PLATAFORMA ETHEREA: IPL, L\u00c1SER PRO DEEP, PLEXER( cicatrices, estr\u00edas, retinides, blefaroplastia no quir\u00fargica)<\/p>\n\n\n\n<p>-Contacto: SOLO WHATSAPP 1130045400\/\/ 1140874090<\/p>\n","protected":false},"excerpt":{"rendered":"<p>CONTACTO VIA WHATSAPP DERMATOLOG\u00cdA Y EST\u00c9TICA -Consultas y pr\u00e1cticas dermatol\u00f3gicas biopsias, cr\u00edo cirug\u00eda -Est\u00e9tica. PLATAFORMA ETHEREA: IPL, L\u00c1SER PRO DEEP, PLEXER( cicatrices, estr\u00edas, retinides, blefaroplastia no quir\u00fargica) -Contacto: SOLO WHATSAPP 1130045400\/\/ 1140874090<\/p>\n","protected":false},"author":3,"featured_media":0,"parent":0,"menu_order":0,"comment_status":"closed","ping_status":"open","template":"sidebar-page.php","meta":{"footnotes":""},"_links":{"self":[{"href":"https:\/\/iturnos.com.ar\/prestadores\/doctorauliana\/wp-json\/wp\/v2\/pages\/2"}],"collection":[{"href":"https:\/\/iturnos.com.ar\/prestadores\/doctorauliana\/wp-json\/wp\/v2\/pages"}],"about":[{"href":"https:\/\/iturnos.com.ar\/prestadores\/doctorauliana\/wp-json\/wp\/v2\/types\/page"}],"author":[{"embeddable":true,"href":"https:\/\/iturnos.com.ar\/prestadores\/doctorauliana\/wp-json\/wp\/v2\/users\/3"}],"replies":[{"embeddable":true,"href":"https:\/\/iturnos.com.ar\/prestadores\/doctorauliana\/wp-json\/wp\/v2\/comments?post=2"}],"version-history":[{"count":24,"href":"https:\/\/iturnos.com.ar\/prestadores\/doctorauliana\/wp-json\/wp\/v2\/pages\/2\/revisions"}],"predecessor-version":[{"id":62,"href":"https:\/\/iturnos.com.ar\/prestadores\/doctorauliana\/wp-json\/wp\/v2\/pages\/2\/revisions\/62"}],"wp:attachment":[{"href":"https:\/\/iturnos.com.ar\/prestadores\/doctorauliana\/wp-json\/wp\/v2\/media?parent=2"}],"curies":[{"name":"wp","href":"https:\/\/api.w.org\/{rel}","templated":true}]}}