{"id":11,"date":"2013-08-16T02:47:07","date_gmt":"2013-08-16T02:47:07","guid":{"rendered":"http:\/\/iturnos.com.ar\/prestadores\/consultoriotucuman\/?page_id=11"},"modified":"2019-09-06T19:58:24","modified_gmt":"2019-09-06T19:58:24","slug":"profesionales-2","status":"publish","type":"page","link":"https:\/\/iturnos.com.ar\/prestadores\/consultoriotucuman\/","title":{"rendered":"Profesionales"},"content":{"rendered":"<p>Dr. Mario A Rimoldi &#8211; Traumatolog\u00eda y Ortopedia<br \/>\nDr. Carlos Maschio &#8211; Cardiolog\u00eda<br \/>\nDr. Hector Costa &#8211; Urolog\u00eda<br \/>\nDra. Graciela de la Fuente &#8211; Dermatolog\u00eda<br \/>\nDr. Carlos Simkin &#8211; Cirug\u00eda Vascular &#8211; Flebolog\u00eda<br \/>\nDr Ricardo Denari<\/p>\n<p><strong>Atenci\u00f3n:<\/strong> Si\u00a0 es paciente de primera vez del Dr. Maschio solicite su turno telef\u00f3nicamente.<\/p>\n<p>Para reservar turnos con los siguientes Doctores comunicarse telef\u00f3nicamente<\/p>\n<p>Dr. Leopoldo Coarasa &#8211; Pediatr\u00eda<br \/>\nDr. Ricardo Denari &#8211; Traumatolog\u00eda<\/p>\n<p>&nbsp;<\/p>\n","protected":false},"excerpt":{"rendered":"<p>Dr. Mario A Rimoldi &#8211; Traumatolog\u00eda y Ortopedia Dr. Carlos Maschio &#8211; Cardiolog\u00eda Dr. Hector Costa &#8211; Urolog\u00eda Dra. Graciela de la Fuente &#8211; Dermatolog\u00eda Dr. Carlos Simkin &#8211; Cirug\u00eda Vascular &#8211; Flebolog\u00eda Dr Ricardo Denari Atenci\u00f3n: Si\u00a0 es paciente &hellip; <a href=\"https:\/\/iturnos.com.ar\/prestadores\/consultoriotucuman\/\">Sigue leyendo <span class=\"meta-nav\">&rarr;<\/span><\/a><\/p>\n","protected":false},"author":2,"featured_media":0,"parent":0,"menu_order":0,"comment_status":"closed","ping_status":"open","template":"sidebar-page.php","meta":{"footnotes":""},"_links":{"self":[{"href":"https:\/\/iturnos.com.ar\/prestadores\/consultoriotucuman\/wp-json\/wp\/v2\/pages\/11"}],"collection":[{"href":"https:\/\/iturnos.com.ar\/prestadores\/consultoriotucuman\/wp-json\/wp\/v2\/pages"}],"about":[{"href":"https:\/\/iturnos.com.ar\/prestadores\/consultoriotucuman\/wp-json\/wp\/v2\/types\/page"}],"author":[{"embeddable":true,"href":"https:\/\/iturnos.com.ar\/prestadores\/consultoriotucuman\/wp-json\/wp\/v2\/users\/2"}],"replies":[{"embeddable":true,"href":"https:\/\/iturnos.com.ar\/prestadores\/consultoriotucuman\/wp-json\/wp\/v2\/comments?post=11"}],"version-history":[{"count":13,"href":"https:\/\/iturnos.com.ar\/prestadores\/consultoriotucuman\/wp-json\/wp\/v2\/pages\/11\/revisions"}],"predecessor-version":[{"id":38,"href":"https:\/\/iturnos.com.ar\/prestadores\/consultoriotucuman\/wp-json\/wp\/v2\/pages\/11\/revisions\/38"}],"wp:attachment":[{"href":"https:\/\/iturnos.com.ar\/prestadores\/consultoriotucuman\/wp-json\/wp\/v2\/media?parent=11"}],"curies":[{"name":"wp","href":"https:\/\/api.w.org\/{rel}","templated":true}]}}