{"id":2,"date":"2013-03-25T21:37:27","date_gmt":"2013-03-25T21:37:27","guid":{"rendered":"http:\/\/iturnos.com.ar\/prestadores\/consultoriolasheras\/?page_id=2"},"modified":"2024-04-05T11:53:58","modified_gmt":"2024-04-05T11:53:58","slug":"pagina-ejemplo","status":"publish","type":"page","link":"https:\/\/iturnos.com.ar\/prestadores\/consultoriolasheras\/","title":{"rendered":"Profesionales"},"content":{"rendered":"<p><strong>Pacientes privados los d\u00edas MI\u00c9RCOLES, solicitarlos por tel\u00e9fono, al 48032904, \u00f3 al mail consultorioauterisilvina@gmail.com.<\/strong><\/p>\n<p>Los BEB\u00c9S son prioridad, como los PREMATUROS , y tambi\u00e9n consiguen el turno por el tel\u00e9fono \u00f3 por el mail. NO POR LA P\u00c1GINA.<\/p>\n<p>Adem\u00e1s debe quedar claro que las cancelaciones deber\u00edan notificarse idealmente con 48 hs de antelaci\u00f3n para que se pueda ocupar el turno liberado.<\/p>\n<p><strong>Dra. Silvina Auteri<\/strong> &#8211; Especialista en Oftalmolog\u00eda Adultos y Ni\u00f1os<\/p>\n<ul>\n<li>M\u00e9dica interconsultora en el servicio de terapia intensiva neonatal del Sanatorio Materdei<\/li>\n<li>M\u00e9dica interconsultora en el servicio de terapia intensiva neonatal del Sanatorio Anchorena<\/li>\n<li>\n<div>Jefa de Unidad de Oftalmolog\u00eda del Hospital Juan A Fern\u00e1ndez desde el 2020<\/div>\n<\/li>\n<li>\n<div>Fue Interconsultora del Sanatorio ANCHORENA<\/div>\n<\/li>\n<\/ul>\n<p><strong>Dr. Roberto Bacigalupo<\/strong> &#8211; Especialista en Urolog\u00eda<\/p>\n<ul>\n<li>Jefe de divisi\u00f3n de Urolog\u00eda del Hospital Fernandez<\/li>\n<li>Titular de la c\u00e1tedra de Urologia de USAL<\/li>\n<\/ul>\n<p><strong>\u00a0<\/strong><\/p>\n","protected":false},"excerpt":{"rendered":"<p>Pacientes privados los d\u00edas MI\u00c9RCOLES, solicitarlos por tel\u00e9fono, al 48032904, \u00f3 al mail consultorioauterisilvina@gmail.com. Los BEB\u00c9S son prioridad, como los PREMATUROS , y tambi\u00e9n consiguen el turno por el tel\u00e9fono \u00f3 por el mail. NO POR LA P\u00c1GINA. Adem\u00e1s debe &hellip; <a href=\"https:\/\/iturnos.com.ar\/prestadores\/consultoriolasheras\/\">Sigue leyendo <span class=\"meta-nav\">&rarr;<\/span><\/a><\/p>\n","protected":false},"author":3,"featured_media":0,"parent":0,"menu_order":0,"comment_status":"closed","ping_status":"open","template":"sidebar-page.php","meta":{"footnotes":""},"_links":{"self":[{"href":"https:\/\/iturnos.com.ar\/prestadores\/consultoriolasheras\/wp-json\/wp\/v2\/pages\/2"}],"collection":[{"href":"https:\/\/iturnos.com.ar\/prestadores\/consultoriolasheras\/wp-json\/wp\/v2\/pages"}],"about":[{"href":"https:\/\/iturnos.com.ar\/prestadores\/consultoriolasheras\/wp-json\/wp\/v2\/types\/page"}],"author":[{"embeddable":true,"href":"https:\/\/iturnos.com.ar\/prestadores\/consultoriolasheras\/wp-json\/wp\/v2\/users\/3"}],"replies":[{"embeddable":true,"href":"https:\/\/iturnos.com.ar\/prestadores\/consultoriolasheras\/wp-json\/wp\/v2\/comments?post=2"}],"version-history":[{"count":28,"href":"https:\/\/iturnos.com.ar\/prestadores\/consultoriolasheras\/wp-json\/wp\/v2\/pages\/2\/revisions"}],"predecessor-version":[{"id":54,"href":"https:\/\/iturnos.com.ar\/prestadores\/consultoriolasheras\/wp-json\/wp\/v2\/pages\/2\/revisions\/54"}],"wp:attachment":[{"href":"https:\/\/iturnos.com.ar\/prestadores\/consultoriolasheras\/wp-json\/wp\/v2\/media?parent=2"}],"curies":[{"name":"wp","href":"https:\/\/api.w.org\/{rel}","templated":true}]}}