{"id":12,"date":"2015-04-01T18:54:58","date_gmt":"2015-04-01T18:54:58","guid":{"rendered":"http:\/\/iturnos.com.ar\/prestadores\/consultoriocastelar\/?page_id=12"},"modified":"2020-06-30T19:09:40","modified_gmt":"2020-06-30T19:09:40","slug":"dr-guillermo-gabrielli","status":"publish","type":"page","link":"https:\/\/iturnos.com.ar\/prestadores\/consultoriocastelar\/dr-guillermo-gabrielli\/","title":{"rendered":"Dr Guillermo Gabrielli"},"content":{"rendered":"<p>OFTALMOLOG\u00cdA GENERAL ADULTOS<\/p>\n<p><strong>Coberturas:<\/strong><\/p>\n<ul>\n<li>Adheridas al circulo m\u00e9dico de Mor\u00f3n: IOMA, PODER JUDICIAL, BCO PROVINCIA, CASA, JERARQUICOS SALUD, COMEI.<\/li>\n<li>OSDE<\/li>\n<li>MEDICUS (Excepto plan centros Medicus)<\/li>\n<li>SWISS MEDICAL<\/li>\n<li>OSDOP<\/li>\n<li>CENTRO M\u00c9DICO PUEYRREDON<\/li>\n<li>PARTICULAR<\/li>\n<\/ul>\n","protected":false},"excerpt":{"rendered":"<p>OFTALMOLOG\u00cdA GENERAL ADULTOS Coberturas: Adheridas al circulo m\u00e9dico de Mor\u00f3n: IOMA, PODER JUDICIAL, BCO PROVINCIA, CASA, JERARQUICOS SALUD, COMEI. OSDE MEDICUS (Excepto plan centros Medicus) SWISS MEDICAL OSDOP CENTRO M\u00c9DICO PUEYRREDON PARTICULAR<\/p>\n","protected":false},"author":2,"featured_media":0,"parent":0,"menu_order":0,"comment_status":"closed","ping_status":"open","template":"sidebar-page.php","meta":{"footnotes":""},"_links":{"self":[{"href":"https:\/\/iturnos.com.ar\/prestadores\/consultoriocastelar\/wp-json\/wp\/v2\/pages\/12"}],"collection":[{"href":"https:\/\/iturnos.com.ar\/prestadores\/consultoriocastelar\/wp-json\/wp\/v2\/pages"}],"about":[{"href":"https:\/\/iturnos.com.ar\/prestadores\/consultoriocastelar\/wp-json\/wp\/v2\/types\/page"}],"author":[{"embeddable":true,"href":"https:\/\/iturnos.com.ar\/prestadores\/consultoriocastelar\/wp-json\/wp\/v2\/users\/2"}],"replies":[{"embeddable":true,"href":"https:\/\/iturnos.com.ar\/prestadores\/consultoriocastelar\/wp-json\/wp\/v2\/comments?post=12"}],"version-history":[{"count":5,"href":"https:\/\/iturnos.com.ar\/prestadores\/consultoriocastelar\/wp-json\/wp\/v2\/pages\/12\/revisions"}],"predecessor-version":[{"id":48,"href":"https:\/\/iturnos.com.ar\/prestadores\/consultoriocastelar\/wp-json\/wp\/v2\/pages\/12\/revisions\/48"}],"wp:attachment":[{"href":"https:\/\/iturnos.com.ar\/prestadores\/consultoriocastelar\/wp-json\/wp\/v2\/media?parent=12"}],"curies":[{"name":"wp","href":"https:\/\/api.w.org\/{rel}","templated":true}]}}