{"id":10,"date":"2014-11-21T18:31:16","date_gmt":"2014-11-21T18:31:16","guid":{"rendered":"http:\/\/iturnos.com.ar\/prestadores\/boyacadermato\/?page_id=10"},"modified":"2025-07-22T15:21:22","modified_gmt":"2025-07-22T15:21:22","slug":"dra-virginia-grande-2","status":"publish","type":"page","link":"https:\/\/iturnos.com.ar\/prestadores\/boyacadermato\/","title":{"rendered":"Bienvenidos"},"content":{"rendered":"<ul>\n<li dir=\"ltr\"><span style=\"color: #808080;\"><strong>DERMATOLOGIA CLINICA<\/strong><\/span><\/li>\n<li dir=\"ltr\"><span style=\"color: #808080;\"><strong><span style=\"color: #808080;\">CIRUG\u00cdA DERMATOLOGICA<\/span><\/strong><\/span><\/li>\n<li dir=\"ltr\"><span style=\"color: #808080;\"><strong>DERMATOLOG\u00cdA ESTETICA:<br \/>\n&#8211; Mesoterapia<br \/>\n&#8211; Peeling<br \/>\n&#8211; Punta de diamante<\/strong><\/span><span style=\"color: #808080;\"><strong><br \/>\n&#8211; Dermapen<\/strong><\/span><span style=\"color: #808080;\"><span style=\"color: #808080;\"><strong><br \/>\n&#8211; Plasma rico en plaquetas<br \/>\n&#8211; Toxina botul\u00ednica<\/strong><\/span><\/span><\/li>\n<\/ul>\n<p><a href=\"http:\/\/iturnos.com.ar\/prestadores\/boyacadermato\/dra-virginia-grande\/\"><strong>DRA. VIRGINIA GRANDE<\/strong><\/a><br \/>\nM\u00e9dica dermat\u00f3loga. UBA<\/p>\n<p><a href=\"http:\/\/iturnos.com.ar\/prestadores\/boyacadermato\/dra-maria-laura-mauri\/\"><strong>DRA MARIA LAURA MAURI<\/strong><\/a><br \/>\nM\u00e9dica dermat\u00f3loga. UBA<\/p>\n<p>&nbsp;<\/p>\n<p>&nbsp;<\/p>\n<p>&nbsp;<\/p>\n<p>&nbsp;<\/p>\n","protected":false},"excerpt":{"rendered":"<p>DERMATOLOGIA CLINICA CIRUG\u00cdA DERMATOLOGICA DERMATOLOG\u00cdA ESTETICA: &#8211; Mesoterapia &#8211; Peeling &#8211; Punta de diamante &#8211; Dermapen &#8211; Plasma rico en plaquetas &#8211; Toxina botul\u00ednica DRA. VIRGINIA GRANDE M\u00e9dica dermat\u00f3loga. UBA DRA MARIA LAURA MAURI M\u00e9dica dermat\u00f3loga. UBA &nbsp; &nbsp; &nbsp; &hellip; <a href=\"https:\/\/iturnos.com.ar\/prestadores\/boyacadermato\/\">Sigue leyendo <span class=\"meta-nav\">&rarr;<\/span><\/a><\/p>\n","protected":false},"author":2,"featured_media":0,"parent":0,"menu_order":0,"comment_status":"closed","ping_status":"open","template":"sidebar-page.php","meta":{"footnotes":""},"_links":{"self":[{"href":"https:\/\/iturnos.com.ar\/prestadores\/boyacadermato\/wp-json\/wp\/v2\/pages\/10"}],"collection":[{"href":"https:\/\/iturnos.com.ar\/prestadores\/boyacadermato\/wp-json\/wp\/v2\/pages"}],"about":[{"href":"https:\/\/iturnos.com.ar\/prestadores\/boyacadermato\/wp-json\/wp\/v2\/types\/page"}],"author":[{"embeddable":true,"href":"https:\/\/iturnos.com.ar\/prestadores\/boyacadermato\/wp-json\/wp\/v2\/users\/2"}],"replies":[{"embeddable":true,"href":"https:\/\/iturnos.com.ar\/prestadores\/boyacadermato\/wp-json\/wp\/v2\/comments?post=10"}],"version-history":[{"count":38,"href":"https:\/\/iturnos.com.ar\/prestadores\/boyacadermato\/wp-json\/wp\/v2\/pages\/10\/revisions"}],"predecessor-version":[{"id":132,"href":"https:\/\/iturnos.com.ar\/prestadores\/boyacadermato\/wp-json\/wp\/v2\/pages\/10\/revisions\/132"}],"wp:attachment":[{"href":"https:\/\/iturnos.com.ar\/prestadores\/boyacadermato\/wp-json\/wp\/v2\/media?parent=10"}],"curies":[{"name":"wp","href":"https:\/\/api.w.org\/{rel}","templated":true}]}}