{"id":2,"date":"2012-11-15T13:51:29","date_gmt":"2012-11-15T13:51:29","guid":{"rendered":"http:\/\/iturnos.com.ar\/prestadores\/anadediosyequipo\/?page_id=2"},"modified":"2025-10-06T17:29:15","modified_gmt":"2025-10-06T17:29:15","slug":"bienvenidos","status":"publish","type":"page","link":"https:\/\/iturnos.com.ar\/prestadores\/anadediosyequipo\/","title":{"rendered":"Bienvenidos"},"content":{"rendered":"\n<p>Somos un equipo de cardi\u00f3logos infantiles y fetales, especialistas en cardiopat\u00edas cong\u00e9nitas y ecocardiograf\u00eda<br><br>Realizamos: valoraci\u00f3n cardiol\u00f3gica, Electrocardiograma, Ecocardiograma Doppler pedi\u00e1trico y fetal, Holter card\u00edaco 24hs<\/p>\n\n\n\n<p>Para Ecocardiograma tridimensional (3D) o con deformaci\u00f3n mioc\u00e1rdica (Strain), Ecocardiograma Doppler Fetal y Prequir\u00fargicos s\u00f3lo con turno acordado telef\u00f3nicamente (4961-1232\/ 1124694537) y\/o correo electr\u00f3nico&nbsp;<a href=\"mailto:cardio.dediosbiancolini@gmail.com\" target=\"_blank\" rel=\"noreferrer noopener\">cardio.dediosbiancolini@gmail.com<\/a>.<\/p>\n\n\n\n<p>Para solicitar turno para valoraci\u00f3n cardiol\u00f3gica pod\u00e9s hacerlo a trav\u00e9s de la turnera online (click en reserve su turno online), telef\u00f3nicamente al 49611232, por WA al 1124694537, o si sos socio de OSDE a trav\u00e9s de la App.<\/p>\n\n\n\n<p>SI SOS PACIENTE DE OSDE PODES RESERVAR EL TURNO DESDE TU CELULAR. Ingresas a la APP de OSDE (la misma donde encontras la credencial). Vas a: \u201cBUSCAR EN CARTILLA\u201d &gt; \u201cCABA\u201d &gt; \u201cCARDIOLOG\u00cdA INFANTIL\u201d &gt; \u201cDRA. FERNANDA BIANCOLINI \u00bb \u00d3 \u00abDR. JULIO BIANCOLINI\u201d y eleg\u00eds el d\u00eda y horario disponible<strong>.<\/strong><\/p>\n\n\n\n<p><strong><br><strong>SANCOR<\/strong><\/strong>, <strong>GALENO Y MEDICUS: Comunicarse por tel\u00e9fono al 4961-1232\/ 1524694537.<br><br><\/strong>La atenci\u00f3n es de Lunes a Jueves de 13:00 a 16:45 con la Dra. de Dios y su Equipo:<\/p>\n\n\n\n<p>Lunes: DRA. FERNANDA BIANCOLINI<\/p>\n\n\n\n<p>Martes: DR. JULIO BIANCOLINI Y DRA. ANA DE DIOS<\/p>\n\n\n\n<p>Mi\u00e9rcoles: DRA. FERNANDA BIANCOLINI.<\/p>\n\n\n\n<p>Jueves: DRA. DE DIOS Y DR. JULIO BIANCOLINI<\/p>\n\n\n\n<p><strong>ATENCI\u00d3N: Si necesita un turno antes de los que figuran disponibles comun\u00edquese telef\u00f3nicamente al 4961-1232\/ 01124694537 (entre 12:00hs- 18:00hs) y le daremos un sobre turno.<\/strong><strong><br><\/strong><strong>Si tiene dificultades para comunicarse telef\u00f3nicamente, env\u00ede un correo electr\u00f3nico a&nbsp;<\/strong><a href=\"mailto:cardio.dediosbiancolini@gmail.com\" target=\"_blank\" rel=\"noreferrer noopener\"><strong>cardio.dediosbiancolini@gmail.com<\/strong><\/a><\/p>\n\n\n\n<p><\/p>\n","protected":false},"excerpt":{"rendered":"<p>Somos un equipo de cardi\u00f3logos infantiles y fetales, especialistas en cardiopat\u00edas cong\u00e9nitas y ecocardiograf\u00eda Realizamos: valoraci\u00f3n cardiol\u00f3gica, Electrocardiograma, Ecocardiograma Doppler pedi\u00e1trico y fetal, Holter card\u00edaco 24hs Para Ecocardiograma tridimensional (3D) o con deformaci\u00f3n mioc\u00e1rdica (Strain), Ecocardiograma Doppler Fetal y Prequir\u00fargicos &hellip; <a href=\"https:\/\/iturnos.com.ar\/prestadores\/anadediosyequipo\/\">Sigue leyendo <span class=\"meta-nav\">&rarr;<\/span><\/a><\/p>\n","protected":false},"author":2,"featured_media":0,"parent":0,"menu_order":0,"comment_status":"closed","ping_status":"open","template":"sidebar-page.php","meta":{"footnotes":""},"_links":{"self":[{"href":"https:\/\/iturnos.com.ar\/prestadores\/anadediosyequipo\/wp-json\/wp\/v2\/pages\/2"}],"collection":[{"href":"https:\/\/iturnos.com.ar\/prestadores\/anadediosyequipo\/wp-json\/wp\/v2\/pages"}],"about":[{"href":"https:\/\/iturnos.com.ar\/prestadores\/anadediosyequipo\/wp-json\/wp\/v2\/types\/page"}],"author":[{"embeddable":true,"href":"https:\/\/iturnos.com.ar\/prestadores\/anadediosyequipo\/wp-json\/wp\/v2\/users\/2"}],"replies":[{"embeddable":true,"href":"https:\/\/iturnos.com.ar\/prestadores\/anadediosyequipo\/wp-json\/wp\/v2\/comments?post=2"}],"version-history":[{"count":64,"href":"https:\/\/iturnos.com.ar\/prestadores\/anadediosyequipo\/wp-json\/wp\/v2\/pages\/2\/revisions"}],"predecessor-version":[{"id":114,"href":"https:\/\/iturnos.com.ar\/prestadores\/anadediosyequipo\/wp-json\/wp\/v2\/pages\/2\/revisions\/114"}],"wp:attachment":[{"href":"https:\/\/iturnos.com.ar\/prestadores\/anadediosyequipo\/wp-json\/wp\/v2\/media?parent=2"}],"curies":[{"name":"wp","href":"https:\/\/api.w.org\/{rel}","templated":true}]}}