{"id":16,"date":"2012-11-20T01:16:20","date_gmt":"2012-11-20T01:16:20","guid":{"rendered":"http:\/\/iturnos.com.ar\/prestadores\/anadediosyequipo\/?page_id=16"},"modified":"2025-08-21T18:09:17","modified_gmt":"2025-08-21T18:09:17","slug":"coberturas","status":"publish","type":"page","link":"https:\/\/iturnos.com.ar\/prestadores\/anadediosyequipo\/coberturas\/","title":{"rendered":"Coberturas"},"content":{"rendered":"<p>Trabajamos con pacientes particulares y con las siguientes coberturas:<\/p>\n<ul>\n<li>Galeno (solo turnos telef\u00f3nicamente o por correo electr\u00f3nico)<\/li>\n<li>Medicus (solo turnos telef\u00f3nicamente o por correo electr\u00f3nico)<\/li>\n<li>Omint<\/li>\n<li>OSDE<\/li>\n<li>SMG<\/li>\n<li>Sancor (solo turnos telef\u00f3nicamente o por correo electr\u00f3nico)<\/li>\n<\/ul>\n","protected":false},"excerpt":{"rendered":"<p>Trabajamos con pacientes particulares y con las siguientes coberturas: Galeno (solo turnos telef\u00f3nicamente o por correo electr\u00f3nico) Medicus (solo turnos telef\u00f3nicamente o por correo electr\u00f3nico) Omint OSDE SMG Sancor (solo turnos telef\u00f3nicamente o por correo electr\u00f3nico)<\/p>\n","protected":false},"author":2,"featured_media":0,"parent":0,"menu_order":0,"comment_status":"closed","ping_status":"open","template":"sidebar-page.php","meta":{"footnotes":""},"_links":{"self":[{"href":"https:\/\/iturnos.com.ar\/prestadores\/anadediosyequipo\/wp-json\/wp\/v2\/pages\/16"}],"collection":[{"href":"https:\/\/iturnos.com.ar\/prestadores\/anadediosyequipo\/wp-json\/wp\/v2\/pages"}],"about":[{"href":"https:\/\/iturnos.com.ar\/prestadores\/anadediosyequipo\/wp-json\/wp\/v2\/types\/page"}],"author":[{"embeddable":true,"href":"https:\/\/iturnos.com.ar\/prestadores\/anadediosyequipo\/wp-json\/wp\/v2\/users\/2"}],"replies":[{"embeddable":true,"href":"https:\/\/iturnos.com.ar\/prestadores\/anadediosyequipo\/wp-json\/wp\/v2\/comments?post=16"}],"version-history":[{"count":10,"href":"https:\/\/iturnos.com.ar\/prestadores\/anadediosyequipo\/wp-json\/wp\/v2\/pages\/16\/revisions"}],"predecessor-version":[{"id":108,"href":"https:\/\/iturnos.com.ar\/prestadores\/anadediosyequipo\/wp-json\/wp\/v2\/pages\/16\/revisions\/108"}],"wp:attachment":[{"href":"https:\/\/iturnos.com.ar\/prestadores\/anadediosyequipo\/wp-json\/wp\/v2\/media?parent=16"}],"curies":[{"name":"wp","href":"https:\/\/api.w.org\/{rel}","templated":true}]}}