{"id":8,"date":"2016-03-10T18:28:12","date_gmt":"2016-03-10T18:28:12","guid":{"rendered":"http:\/\/iturnos.com.ar\/prestadores\/visitasalquinquela\/?page_id=8"},"modified":"2016-03-16T14:25:01","modified_gmt":"2016-03-16T14:25:01","slug":"visitas-libres","status":"publish","type":"page","link":"http:\/\/iturnos.com.ar\/prestadores\/visitasalquinquela\/visitas-libres\/","title":{"rendered":"Visitas Libres"},"content":{"rendered":"<p>El grupo podr\u00e1 visitar las salas elegidas previamente para su recorrido con la direcci\u00f3n de sus docentes, siguiendo las medidas de seguridad implementadas por el Museo, sujetos a los horarios y lugares seleccionados.<\/p>\n<p><strong>Casa-Museo<\/strong><\/p>\n<p>La casa donde habit\u00f3 Quinquela adquiere una importancia esencial tanto para aproximarnos a los rasgos generales de su labor creadora, como para ahondar en el sentido de su obra. Aqu\u00ed sus trabajos se exhiben agrupados en tres series: El Puerto y el Trabajo, EL Fuego, y Cementerio de Barcos.<\/p>\n<p><strong>Arte Argentino<\/strong><\/p>\n<p>La Muestra de Arte Argentino exhibe un panorama del arte figurativo argentino desde fines del siglo XIX hasta mediados del siglo XX. Se pueden observar obras representativas de paisajes, tradiciones y personajes de las distintas regiones de nuestro pa\u00eds. En estas salas se exhiben obras de los grandes artistas boquenses, que dieron forma a la hoy m\u00edtica tradici\u00f3n cultural que distingue al barrio de La Boca.<\/p>\n<p>Adem\u00e1s de las diferentes exhibiciones temporarias de grandes maestros argentinos, se puede visitar la Sala Am\u00e9rico Bonetti donde se expone la colecci\u00f3n de mascarones de proa. Estos objetos que con el tiempo devinieron en obras de arte fueron coleccionados por Quinquela Mart\u00edn y testimonian la intensa actividad portuaria del Barrio de La Boca de mediados y fines del siglo XIX.<\/p>\n<p>Importante: La presentaci\u00f3n del comprobante ser\u00e1 imprescindible para acceder al Museo.<\/p>\n<p>Sin el mismo, no queda formalizada la inscripci\u00f3n.<\/p>\n<p><strong>Condiciones de Acceso al Museo<\/strong><\/p>\n<ul>\n<li>No est\u00e1 permitido el ingreso al Museo con mochilas, comida o bebidas. Tampoco se permite el uso de c\u00e1maras fotogr\u00e1ficas con flash, ni las varillas para selfies. El Museo no cuenta con espacio para guardar mochilas ni otros elementos, y no se responsabiliza por los efectos personales de los visitantes.<\/li>\n<li>Por razones de seguridad y programaci\u00f3n se requiere el estricto cumplimiento de los horarios.<\/li>\n<li>Se pide a los establecimientos educativos que tengan a bien cumplir con los turnos acordados en tiempo y forma (d\u00eda, horario y recorrido asignado). En caso de cancelaci\u00f3n del mismo, hacerlo con antelaci\u00f3n.<\/li>\n<li>Los grupos recorrer\u00e1n las salas y espacios de circulaci\u00f3n del Museo en orden, sin correr, y evitando producir ruidos molestos. No se permitir\u00e1 el ingreso con altavoces, ni elementos que puedan interferir a las dem\u00e1s actividades que se est\u00e9n desarrollando simult\u00e1neamente con otros grupos.<\/li>\n<li>Las sugerencias, quejas o reclamos se podr\u00e1n realizar mediante la presentaci\u00f3n de una nota a la Administraci\u00f3n del Museo.<\/li>\n<li>Por razones de seguridad las visitas tienen un cupo m\u00e1ximo de 35 alumnos con un m\u00ednimo de dos adultos acompa\u00f1antes.<\/li>\n<li>Para el ciclo inicial, las visitas guiadas se ofrecen a partir de la tercer sala (5 a\u00f1os).<\/li>\n<\/ul>\n<p>La primer y segunda sala podr\u00e1n ingresar al museo acompa\u00f1ados por sus propios docentes.<\/p>\n<p><strong>Se perder\u00e1 el turno si:<\/strong><\/p>\n<p>&#8211; Se excede la cantidad de alumnos prevista para la visita.<\/p>\n<p>&#8211; Se supera la tolerancia de 15 minutos de espera del horario convenido.<\/p>\n<p>&#8211; El grupo se presenta portando mochilas, portafolios u objetos voluminosos.<\/p>\n<p>&#8211; Se asiste al Museo sin el comprobante de Inscripci\u00f3n.<\/p>\n<p>En caso de presentarse un conflicto por el incumplimiento de cualquiera de estas condiciones, el Museo informar\u00e1 por nota a la Direcci\u00f3n de la Escuela involucrada.<\/p>\n","protected":false},"excerpt":{"rendered":"<p>El grupo podr\u00e1 visitar las salas elegidas previamente para su recorrido con la direcci\u00f3n de sus docentes, siguiendo las medidas de seguridad implementadas por el Museo, sujetos a los horarios y lugares seleccionados. Casa-Museo La casa donde habit\u00f3 Quinquela adquiere &hellip; <a href=\"http:\/\/iturnos.com.ar\/prestadores\/visitasalquinquela\/visitas-libres\/\">Sigue leyendo <span class=\"meta-nav\">&rarr;<\/span><\/a><\/p>\n","protected":false},"author":2,"featured_media":0,"parent":0,"menu_order":0,"comment_status":"closed","ping_status":"closed","template":"sidebar-page.php","meta":{"footnotes":""},"_links":{"self":[{"href":"http:\/\/iturnos.com.ar\/prestadores\/visitasalquinquela\/wp-json\/wp\/v2\/pages\/8"}],"collection":[{"href":"http:\/\/iturnos.com.ar\/prestadores\/visitasalquinquela\/wp-json\/wp\/v2\/pages"}],"about":[{"href":"http:\/\/iturnos.com.ar\/prestadores\/visitasalquinquela\/wp-json\/wp\/v2\/types\/page"}],"author":[{"embeddable":true,"href":"http:\/\/iturnos.com.ar\/prestadores\/visitasalquinquela\/wp-json\/wp\/v2\/users\/2"}],"replies":[{"embeddable":true,"href":"http:\/\/iturnos.com.ar\/prestadores\/visitasalquinquela\/wp-json\/wp\/v2\/comments?post=8"}],"version-history":[{"count":4,"href":"http:\/\/iturnos.com.ar\/prestadores\/visitasalquinquela\/wp-json\/wp\/v2\/pages\/8\/revisions"}],"predecessor-version":[{"id":74,"href":"http:\/\/iturnos.com.ar\/prestadores\/visitasalquinquela\/wp-json\/wp\/v2\/pages\/8\/revisions\/74"}],"wp:attachment":[{"href":"http:\/\/iturnos.com.ar\/prestadores\/visitasalquinquela\/wp-json\/wp\/v2\/media?parent=8"}],"curies":[{"name":"wp","href":"https:\/\/api.w.org\/{rel}","templated":true}]}}