{"id":23,"date":"2015-07-22T14:16:07","date_gmt":"2015-07-22T14:16:07","guid":{"rendered":"http:\/\/iturnos.com.ar\/prestadores\/anagiachetti\/?page_id=23"},"modified":"2023-07-26T14:33:43","modified_gmt":"2023-07-26T14:33:43","slug":"dra-florencia-scacchi","status":"publish","type":"page","link":"http:\/\/iturnos.com.ar\/prestadores\/anagiachetti\/dra-florencia-scacchi\/","title":{"rendered":"Dra Florencia Scacchi"},"content":{"rendered":"\n<p><strong><u>PARA TURNOS DRA CACCHI FLORENCIA EN EL NUEVO CONSULTORIO:<\/u><\/strong><\/p>\n\n\n\n<p>GRUPO M\u00c9DICO OLLEROS<br>Olleros 2411 Piso 10 Depto 2<\/p>\n\n\n\n<p><strong>Mail<\/strong>:\u00a0<a href=\"mailto:florscacchi@gmail.com\">florscacchi@gmail.com<\/a><br><br><strong>Atiende:<\/strong> Swiss Medical y particular<\/p>\n\n\n\n<p><strong>Ingresar a <a href=\"https:\/\/iturnos.ar\/\">www.iturnos.ar <\/a>o al siguiente link para solicitar turno:<\/strong><\/p>\n\n\n\n<p><a href=\"https:\/\/secure.iturnos.com\/www.schacchiflorencia.com\/iturnos\/agendas.php?id_agenda\">https:\/\/secure.iturnos.com\/www.schacchiflorencia.com\/iturnos\/agendas.php?id_agenda<\/a><\/p>\n\n\n\n<p>Muchas gracias<\/p>\n\n\n\n<p><br><\/p>\n\n\n<p style=\"text-align: left;\"><a href=\"http:\/\/iturnos.com.ar\/prestadores\/anagiachetti\/files\/2015\/07\/foto_1824.jpg\"><img loading=\"lazy\" decoding=\"async\" class=\" size-full wp-image-26 alignleft\" src=\"http:\/\/iturnos.com.ar\/prestadores\/anagiachetti\/files\/2015\/07\/foto_1824.jpg\" alt=\"foto_1824\" width=\"140\" height=\"140\"><\/a><\/p>\n<p><span style=\"color: #000000;\">M\u00e9dica asociada de la secci\u00f3n Dermatolog\u00eda Pedi\u00e1trica del Departamento de Pediatr\u00eda del <strong>Hospital Italiano de Buenos Aires<\/strong>.<\/span><\/p>\n<ul>\n<li><span style=\"color: #000000;\">Especialista en Pediatr\u00eda y Dermatolog\u00eda Pedi\u00e1trica (2007 y 2010). <strong>Universidad de Buenos Aires.<\/strong> Residencia de Pediatr\u00eda en Hospital Italiano de Buenos Aires. <\/span><\/li>\n<li><span style=\"color: #000000;\">Curso Superior Universitario en Dermatolog\u00eda Pedi\u00e1trica en <strong>Hospital J. M. Ramos Mej\u00eda.<\/strong><\/span><\/li>\n<li><span style=\"color: #000000;\">Certificaci\u00f3n en Pediatr\u00eda por la <strong>Sociedad Argentina de Pediatr\u00eda<\/strong>.<\/span><\/li>\n<li><span style=\"color: #000000;\">Integrante del Comit\u00e9 de Dermatolog\u00eda Pedi\u00e1trica de la <strong>Sociedad Argentina de Pediatr\u00eda.<\/strong><\/span><\/li>\n<li>&nbsp;<\/li>\n<\/ul>\n<p style=\"font-weight: 400;\"><\/p>","protected":false},"excerpt":{"rendered":"<p>PARA TURNOS DRA CACCHI FLORENCIA EN EL NUEVO CONSULTORIO: GRUPO M\u00c9DICO OLLEROSOlleros 2411 Piso 10 Depto 2 Mail:\u00a0florscacchi@gmail.com Atiende: Swiss Medical y particular Ingresar a www.iturnos.ar o al siguiente link para solicitar turno: https:\/\/secure.iturnos.com\/www.schacchiflorencia.com\/iturnos\/agendas.php?id_agenda Muchas gracias M\u00e9dica asociada de la &hellip; <a href=\"http:\/\/iturnos.com.ar\/prestadores\/anagiachetti\/dra-florencia-scacchi\/\">Sigue leyendo <span class=\"meta-nav\">&rarr;<\/span><\/a><\/p>\n","protected":false},"author":2,"featured_media":0,"parent":0,"menu_order":0,"comment_status":"closed","ping_status":"open","template":"sidebar-page.php","meta":{"footnotes":""},"_links":{"self":[{"href":"http:\/\/iturnos.com.ar\/prestadores\/anagiachetti\/wp-json\/wp\/v2\/pages\/23"}],"collection":[{"href":"http:\/\/iturnos.com.ar\/prestadores\/anagiachetti\/wp-json\/wp\/v2\/pages"}],"about":[{"href":"http:\/\/iturnos.com.ar\/prestadores\/anagiachetti\/wp-json\/wp\/v2\/types\/page"}],"author":[{"embeddable":true,"href":"http:\/\/iturnos.com.ar\/prestadores\/anagiachetti\/wp-json\/wp\/v2\/users\/2"}],"replies":[{"embeddable":true,"href":"http:\/\/iturnos.com.ar\/prestadores\/anagiachetti\/wp-json\/wp\/v2\/comments?post=23"}],"version-history":[{"count":17,"href":"http:\/\/iturnos.com.ar\/prestadores\/anagiachetti\/wp-json\/wp\/v2\/pages\/23\/revisions"}],"predecessor-version":[{"id":140,"href":"http:\/\/iturnos.com.ar\/prestadores\/anagiachetti\/wp-json\/wp\/v2\/pages\/23\/revisions\/140"}],"wp:attachment":[{"href":"http:\/\/iturnos.com.ar\/prestadores\/anagiachetti\/wp-json\/wp\/v2\/media?parent=23"}],"curies":[{"name":"wp","href":"https:\/\/api.w.org\/{rel}","templated":true}]}}