{"id":2,"date":"2015-07-14T14:24:23","date_gmt":"2015-07-14T14:24:23","guid":{"rendered":"http:\/\/iturnos.com.ar\/prestadores\/anagiachetti\/?page_id=2"},"modified":"2024-02-21T16:17:17","modified_gmt":"2024-02-21T16:17:17","slug":"bienvenidos","status":"publish","type":"page","link":"http:\/\/iturnos.com.ar\/prestadores\/anagiachetti\/","title":{"rendered":"Dra Ana Giachetti"},"content":{"rendered":"<p><img loading=\"lazy\" decoding=\"async\" class=\" size-full wp-image-13 alignleft\" src=\"http:\/\/iturnos.com.ar\/prestadores\/anagiachetti\/files\/2015\/07\/foto_1822.png\" alt=\"foto_1822\" width=\"140\" height=\"140\" \/><\/p>\n<p>\u00a0<\/p>\n<ul>\n<li style=\"font-weight: 400;\">Jefa de la Secci\u00f3n Dermatolog\u00eda Pedi\u00e1trica del\u00a0Departamento de Pediatr\u00eda del Hospital<strong>\u00a0<\/strong>Italiano de Buenos Aires.<\/li>\n<li style=\"font-weight: 400;\">Directora de la carrera de Dermatolog\u00eda pedi\u00e1trica del Hospital Italiano de Buenos Aires<\/li>\n<li style=\"font-weight: 400;\">Miembro del Comit\u00e9 de Dermatolog\u00eda Pedi\u00e1trica de la Sociedad Argentina de<strong style=\"font-size: revert;\">\u00a0<\/strong><span style=\"font-size: revert;\">Pediatr\u00eda desde 2013<\/span><\/li>\n<li style=\"font-weight: 400;\">Profesora adjunta del Instituto Universitario del hospital Italiano Escuela de Medicina<\/li>\n<li style=\"font-weight: 400;\">Especialista en Pediatr\u00eda y \u00a0Dermatolog\u00eda Universidad de Buenos Aires.<\/li>\n<li style=\"font-weight: 400;\">Residencia en Pediatr\u00eda Hospital Juan P. Garrahan.<\/li>\n<li style=\"font-weight: 400;\">Curso superior Universitario en Dermatolog\u00eda Hospital J.M.\u00a0 Ramos Mej\u00eda.<\/li>\n<li style=\"font-weight: 400; text-align: left;\">Certificaci\u00f3n en Dermatolog\u00eda Infantil otorgada por antecedentes por la Sociedad Argentina de Pediatr\u00eda y la Academia nacional de Medicina<br \/><br \/><\/li>\n<\/ul>\n<div style=\"text-align: left;\">POR URGENCIAS SE DEBEN COMUNICAR AL CONSULTORIO AL 5263 2759 Y SOLICITAR UN SOBRETURNO- DEBEN DEJAR ACLARADO UN NUMERO CELULAR EN EL CONTESTADOR DONDE NOS PODAMOS COMUNICAR A LA BREVEDAD\u00a0<b>\u00a0Y \/ O ESCRIBIR AL CORREO DE LA DOCTORA:\u00a0<\/b><a href=\"mailto:ana.giachetti@hospitalitaliano.org.ar\" target=\"_blank\" rel=\"noopener\"><b>ana.giachetti@<wbr \/>hospitalitaliano.org.ar<\/b><\/a><\/div>\n<p style=\"font-weight: 400;\"><strong style=\"font-style: inherit;\"><u><br \/>POR FAVOR LEER ENTERO PARA EVITAR CONFUSIONES EN LAS DIFERENTES MODALIDADES DE TURNOS\/CONSULTAS<\/u><\/strong><\/p>\n<p style=\"font-style: inherit; font-weight: inherit;\"><strong style=\"font-style: inherit;\"><u>CONSULTAS PRESENCIALES:<\/u><\/strong><\/p>\n<p style=\"font-weight: 400;\">Los<strong style=\"font-style: inherit;\">\u00a0<u>turnos<\/u><\/strong>\u00a0para las\u00a0<strong style=\"font-style: inherit;\"><u>consultas presenciales se toman en esta p\u00e1gina<\/u><\/strong><\/p>\n<p style=\"font-weight: 400;\">POR URGENCIAS SE DEBEN COMUNICAR AL CONSULTORIO AL 5263 2759 Y SOLICITAR UN SOBRETURNO- DEBEN DEJAR ACLARADO UN NUMERO CELULAR EN EL CONTESTADOR DONDE NOS PODAMOS COMUNICAR A LA BREVEDAD<\/p>\n<p style=\"font-weight: 400;\"><strong style=\"font-style: inherit;\"><u>CONSULTAS VIRTUALES:<\/u><\/strong><\/p>\n<p style=\"font-weight: 400;\">Las consultas virtuales se realizan abonando un honorario privado. Para realizar la misma, contactar a la Dra directamente por mail a\u00a0<a href=\"mailto:ana.giachetti@hospitalitaliano.org.ar\">ana.giachetti@hospitalitaliano.org.ar<\/a><\/p>\n<p style=\"font-weight: 400;\"><strong style=\"font-style: inherit;\"><u>INFORMACI\u00d3N ADICIONAL:<\/u><\/strong><\/p>\n<p style=\"font-weight: 400;\">-Los horarios de atenci\u00f3n\u00a0<u>telef\u00f3nica<\/u>\u00a0son los Lunes de 14 a 15:30 y los Martes Mi\u00e9rcoles y Viernes de 15 a 18:30<\/p>\n<p style=\"font-weight: 400;\">-Tel\u00e9fono :5263-2759 (no es celular)<\/p>\n<p style=\"font-weight: 400;\">-Domicilio: Ciudad de la Paz 1234, 2do A entre Virrey Loreto y Zabala<\/p>\n<p style=\"font-weight: 400;\">-La Dra Giachetti atiende Osde (del plan 310 para arriba) y Luis Pasteur.<br \/>Para ex pacientes OSDE 210 se les cobrar\u00e1 una tarifa especial, para que puedan terminar los tratamientos ya iniciados.\u00a0<\/p>\n<p style=\"font-weight: 400;\">-Al concurrir a las consultas presenciales para que todos podamos protegernos, tomaremos las precauciones necesarias en la recepci\u00f3n y atenci\u00f3n m\u00e9dica y solicitamos su colaboraci\u00f3n tambi\u00e9n tomando en cuenta estas indicaciones:<br \/>1.\u00a0<strong style=\"font-style: inherit;\"><u>presentarse quince minutos antes de su turno para la correcta recepci\u00f3n<\/u><\/strong>. La tolerancia de tardanza ser\u00e1 solo de\u00a0<strong><u>CINCO<\/u><\/strong>\u00a0minutos. Pasado ese tiempo se reprogramar\u00e1 el turno .<br \/>2. un solo acompa\u00f1ante o dos m\u00e1ximo por paciente .<br \/>3. en caso de no asistir debe CANCELAR PREVIAMENTE.<\/p>\n\n\n<p><\/p>\n","protected":false},"excerpt":{"rendered":"<p>\u00a0 Jefa de la Secci\u00f3n Dermatolog\u00eda Pedi\u00e1trica del\u00a0Departamento de Pediatr\u00eda del Hospital\u00a0Italiano de Buenos Aires. Directora de la carrera de Dermatolog\u00eda pedi\u00e1trica del Hospital Italiano de Buenos Aires Miembro del Comit\u00e9 de Dermatolog\u00eda Pedi\u00e1trica de la Sociedad Argentina de\u00a0Pediatr\u00eda desde &hellip; <a href=\"http:\/\/iturnos.com.ar\/prestadores\/anagiachetti\/\">Sigue leyendo <span class=\"meta-nav\">&rarr;<\/span><\/a><\/p>\n","protected":false},"author":3,"featured_media":0,"parent":0,"menu_order":0,"comment_status":"closed","ping_status":"open","template":"sidebar-page.php","meta":{"footnotes":""},"_links":{"self":[{"href":"http:\/\/iturnos.com.ar\/prestadores\/anagiachetti\/wp-json\/wp\/v2\/pages\/2"}],"collection":[{"href":"http:\/\/iturnos.com.ar\/prestadores\/anagiachetti\/wp-json\/wp\/v2\/pages"}],"about":[{"href":"http:\/\/iturnos.com.ar\/prestadores\/anagiachetti\/wp-json\/wp\/v2\/types\/page"}],"author":[{"embeddable":true,"href":"http:\/\/iturnos.com.ar\/prestadores\/anagiachetti\/wp-json\/wp\/v2\/users\/3"}],"replies":[{"embeddable":true,"href":"http:\/\/iturnos.com.ar\/prestadores\/anagiachetti\/wp-json\/wp\/v2\/comments?post=2"}],"version-history":[{"count":62,"href":"http:\/\/iturnos.com.ar\/prestadores\/anagiachetti\/wp-json\/wp\/v2\/pages\/2\/revisions"}],"predecessor-version":[{"id":144,"href":"http:\/\/iturnos.com.ar\/prestadores\/anagiachetti\/wp-json\/wp\/v2\/pages\/2\/revisions\/144"}],"wp:attachment":[{"href":"http:\/\/iturnos.com.ar\/prestadores\/anagiachetti\/wp-json\/wp\/v2\/media?parent=2"}],"curies":[{"name":"wp","href":"https:\/\/api.w.org\/{rel}","templated":true}]}}